{"id":10088,"date":"2024-08-30T12:02:59","date_gmt":"2024-08-30T10:02:59","guid":{"rendered":"https:\/\/www.kontekst.info\/?page_id=10088"},"modified":"2024-10-18T16:20:14","modified_gmt":"2024-10-18T14:20:14","slug":"szpital-w-ostersund","status":"publish","type":"page","link":"https:\/\/www.kontekst.info\/index.php\/zastosowanie-automatow-sprzedajacych\/automaty-vendingowe-w-przestrzeni-publicznej\/szpital-w-ostersund\/","title":{"rendered":"Szpital w \u00d6stersund"},"content":{"rendered":"<div class=\"wpb-content-wrapper\"><p>[vc_row full_width=&#8221;stretch_row&#8221; css=&#8221;.vc_custom_1724953056637{padding-top: 20px !important;padding-bottom: 10px !important;background-color: #ffffff !important;}&#8221; woodmart_css_id=&#8221;66d0b1d89b08e&#8221; responsive_spacing=&#8221;eyJwYXJhbV90eXBlIjoid29vZG1hcnRfcmVzcG9uc2l2ZV9zcGFjaW5nIiwic2VsZWN0b3JfaWQiOiI2NmQwYjFkODliMDhlIiwic2hvcnRjb2RlIjoidmNfcm93IiwiZGF0YSI6eyJ0YWJsZXQiOnsibWFyZ2luLWJvdHRvbSI6IjcwcHgifSwibW9iaWxlIjp7Im1hcmdpbi1ib3R0b20iOiI1MHB4In19fQ==&#8221; mobile_bg_img_hidden=&#8221;no&#8221; tablet_bg_img_hidden=&#8221;no&#8221; woodmart_parallax=&#8221;0&#8243; woodmart_gradient_switch=&#8221;no&#8221; row_reverse_mobile=&#8221;0&#8243; row_reverse_tablet=&#8221;0&#8243; woodmart_disable_overflow=&#8221;0&#8243; woodmart_box_shadow=&#8221;no&#8221; wd_z_index=&#8221;no&#8221;][vc_column width=&#8221;2\/5&#8243; css=&#8221;.vc_custom_1500719067312{padding-top: 0px !important;}&#8221;]\t\t<div id=\"wd-66d19890b9d58\" class=\"wd-image wd-wpb wd-rs-66d19890b9d58 text-left \">\n\t\t\t\n\t\t\t<img loading=\"lazy\" decoding=\"async\" width=\"672\" height=\"502\" src=\"https:\/\/www.kontekst.info\/wp-content\/uploads\/2024\/08\/Szpital-w-Ostersund-Szwecja.jpg\" class=\"attachment-full size-full\" alt=\"\" srcset=\"https:\/\/www.kontekst.info\/wp-content\/uploads\/2024\/08\/Szpital-w-Ostersund-Szwecja.jpg 672w, https:\/\/www.kontekst.info\/wp-content\/uploads\/2024\/08\/Szpital-w-Ostersund-Szwecja-400x300.jpg 400w\" sizes=\"auto, (max-width: 672px) 100vw, 672px\" \/>\n\t\t\t\t\t<\/div>\n\t\t[\/vc_column][vc_column width=&#8221;3\/5&#8243; woodmart_css_id=&#8221;66d1998770e30&#8243; parallax_scroll=&#8221;no&#8221; woodmart_sticky_column=&#8221;false&#8221; wd_collapsible_content_switcher=&#8221;no&#8221; wd_column_role_offcanvas_desktop=&#8221;no&#8221; wd_column_role_offcanvas_tablet=&#8221;no&#8221; wd_column_role_offcanvas_mobile=&#8221;no&#8221; wd_column_role_content_desktop=&#8221;no&#8221; wd_column_role_content_tablet=&#8221;no&#8221; wd_column_role_content_mobile=&#8221;no&#8221; mobile_bg_img_hidden=&#8221;no&#8221; tablet_bg_img_hidden=&#8221;no&#8221; woodmart_parallax=&#8221;0&#8243; woodmart_box_shadow=&#8221;no&#8221; responsive_spacing=&#8221;eyJwYXJhbV90eXBlIjoid29vZG1hcnRfcmVzcG9uc2l2ZV9zcGFjaW5nIiwic2VsZWN0b3JfaWQiOiI2NmQxOTk4NzcwZTMwIiwic2hvcnRjb2RlIjoidmNfY29sdW1uIiwiZGF0YSI6eyJ0YWJsZXQiOnt9LCJtb2JpbGUiOnt9fX0=&#8221; mobile_reset_margin=&#8221;no&#8221; tablet_reset_margin=&#8221;no&#8221; wd_z_index=&#8221;no&#8221; css=&#8221;.vc_custom_1725012363189{margin-top: -10px !important;}&#8221;]\t\t<div id=\"wd-67126e94ed1a7\" class=\"wd-text-block wd-wpb reset-last-child wd-rs-67126e94ed1a7 text-left wd-fontsize-s vc_custom_1729261213527\">\n\t\t\t<h3>Szpital w \u00d6stersund.<\/h3>\n<p style=\"text-align: justify;\"><a href=\"\/index.php\/automaty-vendingowe\/\"><strong>Automaty Selfly Store<\/strong><\/a> pozwoli\u0142y temu szwedzkiemu szpitalowi u\u0142atwi\u0107 dost\u0119p, zw\u0142aszcza poza godzinami pracy, do posi\u0142k\u00f3w dla swojego personelu, go\u015bci oraz pacjent\u00f3w. Szpital naby\u0142 na okres pr\u00f3bny sze\u015b\u0107 automat\u00f3w Selfly Store. Po tym czasie dokupi\u0142 kolejnych 6 urz\u0105dze\u0144. Zosta\u0142y one umieszczone m.in. w centrum medycznym, na oddziale chirurgicznym oraz w kawiarniach.<\/p>\n<ul>\n<li style=\"text-align: justify;\">Automaty umo\u017cliwi\u0142y ograniczenie marnowania \u017cywno\u015bci dzi\u0119ki automatycznemu obni\u017caniu cen na artyku\u0142y, kt\u00f3rych okres przydatno\u015bci do spo\u017cycia dobiega\u0142 ko\u0144ca.<\/li>\n<li style=\"text-align: justify;\">Na podstawie otrzymanych danych udoskonalono asortyment produkt\u00f3w tak, aby odpowiada\u0142 potrzebom i preferencjom spo\u0142eczno\u015bci szpitalnej.<\/li>\n<li style=\"text-align: justify;\">Urz\u0105dzenia pozwoli\u0142y zoptymalizowa\u0107 czas pracy innych punkt\u00f3w gastronomicznych znajduj\u0105cych si\u0119 w szpitalu.<\/li>\n<\/ul>\n\t\t<\/div>\n\t\t[\/vc_column][\/vc_row][vc_row full_width=&#8221;stretch_row&#8221; content_placement=&#8221;middle&#8221; woodmart_bg_position=&#8221;right-top&#8221; css=&#8221;.vc_custom_1725012413905{padding-top: 20px !important;padding-bottom: 50px !important;background-color: #f8f8f8 !important;background-position: 0 0 !important;background-repeat: no-repeat !important;}&#8221; woodmart_css_id=&#8221;66d199b99b16c&#8221; responsive_spacing=&#8221;eyJwYXJhbV90eXBlIjoid29vZG1hcnRfcmVzcG9uc2l2ZV9zcGFjaW5nIiwic2VsZWN0b3JfaWQiOiI2NmQxOTliOTliMTZjIiwic2hvcnRjb2RlIjoidmNfcm93IiwiZGF0YSI6eyJ0YWJsZXQiOnsicGFkZGluZy10b3AiOiI2MHB4In0sIm1vYmlsZSI6e319fQ==&#8221; mobile_bg_img_hidden=&#8221;no&#8221; tablet_bg_img_hidden=&#8221;no&#8221; woodmart_parallax=&#8221;0&#8243; woodmart_gradient_switch=&#8221;no&#8221; row_reverse_mobile=&#8221;0&#8243; row_reverse_tablet=&#8221;0&#8243; woodmart_disable_overflow=&#8221;0&#8243; woodmart_box_shadow=&#8221;no&#8221; wd_z_index=&#8221;no&#8221;][vc_column woodmart_css_id=&#8221;661019fa6b333&#8243; responsive_spacing=&#8221;eyJwYXJhbV90eXBlIjoid29vZG1hcnRfcmVzcG9uc2l2ZV9zcGFjaW5nIiwic2VsZWN0b3JfaWQiOiI2NjEwMTlmYTZiMzMzIiwic2hvcnRjb2RlIjoidmNfY29sdW1uIiwiZGF0YSI6eyJ0YWJsZXQiOnt9LCJtb2JpbGUiOnt9fX0=&#8221; parallax_scroll=&#8221;no&#8221; mobile_bg_img_hidden=&#8221;no&#8221; tablet_bg_img_hidden=&#8221;no&#8221; woodmart_parallax=&#8221;0&#8243; woodmart_sticky_column=&#8221;false&#8221; mobile_reset_margin=&#8221;no&#8221; tablet_reset_margin=&#8221;no&#8221; wd_collapsible_content_switcher=&#8221;no&#8221; wd_column_role_offcanvas_desktop=&#8221;no&#8221; wd_column_role_offcanvas_tablet=&#8221;no&#8221; wd_column_role_offcanvas_mobile=&#8221;no&#8221; wd_column_role_content_desktop=&#8221;no&#8221; wd_column_role_content_tablet=&#8221;no&#8221; wd_column_role_content_mobile=&#8221;no&#8221; woodmart_box_shadow=&#8221;no&#8221; wd_z_index=&#8221;no&#8221;]\t\t<div id=\"wd-66d199e13b086\" class=\"wd-text-block wd-wpb reset-last-child wd-rs-66d199e13b086 text-left wd-fontsize-s vc_custom_1725012529858\">\n\t\t\t<h3>Szpital \u00d6stersund &#8211; case study<\/h3>\n<p style=\"text-align: justify;\">Poczytaj wi\u0119cej o wprowadzeniu automat\u00f3w Selfly Store do szpitala w \u00d6stersund. Pobierz broszur\u0119: &#8222;Szpital \u00d6stersund &#8211; case study&#8221; &#8211; <a href=\"https:\/\/www.kontekst.info\/wp-content\/uploads\/2024\/08\/Pobierz-broszure-Ostersunds-sjukhus-case-study-EN.pdf\" target=\"_blank\" rel=\"noopener\">pobierz tutaj.<\/a><\/p>\n\t\t<\/div>\n\t\t<div id=\"wd-66d1992fcd49e\" class=\" wd-rs-66d1992fcd49e  wd-button-wrapper text-center\"><a href=\"https:\/\/www.kontekst.info\/wp-content\/uploads\/2024\/08\/Pobierz-broszure-Ostersunds-sjukhus-case-study-EN.pdf\" title=\"Szpital \u00d6stersund case study\" target=\"_blank\" class=\"btn btn-color-primary btn-style-default btn-shape-semi-round btn-size-large\">Pobierz case study<\/a><\/div>[\/vc_column][\/vc_row]<\/p>\n<\/div>","protected":false},"excerpt":{"rendered":"<p>[vc_row full_width=&#8221;stretch_row&#8221; css=&#8221;.vc_custom_1724953056637{padding-top: 20px !important;padding-bottom: 10px !important;background-color: #ffffff !important;}&#8221; woodmart_css_id=&#8221;66d0b1d89b08e&#8221; responsive_spacing=&#8221;eyJwYXJhbV90eXBlIjoid29vZG1hcnRfcmVzcG9uc2l2ZV9zcGFjaW5nIiwic2VsZWN0b3JfaWQiOiI2NmQwYjFkODliMDhlIiwic2hvcnRjb2RlIjoidmNfcm93IiwiZGF0YSI6eyJ0YWJsZXQiOnsibWFyZ2luLWJvdHRvbSI6IjcwcHgifSwibW9iaWxlIjp7Im1hcmdpbi1ib3R0b20iOiI1MHB4In19fQ==&#8221; mobile_bg_img_hidden=&#8221;no&#8221; tablet_bg_img_hidden=&#8221;no&#8221; woodmart_parallax=&#8221;0&#8243; woodmart_gradient_switch=&#8221;no&#8221; row_reverse_mobile=&#8221;0&#8243; row_reverse_tablet=&#8221;0&#8243; woodmart_disable_overflow=&#8221;0&#8243; woodmart_box_shadow=&#8221;no&#8221; wd_z_index=&#8221;no&#8221;][vc_column<\/p>\n","protected":false},"author":2,"featured_media":9979,"parent":10579,"menu_order":2,"comment_status":"closed","ping_status":"closed","template":"","meta":{"footnotes":""},"class_list":["post-10088","page","type-page","status-publish","has-post-thumbnail","hentry"],"yoast_head":"<!-- This site is optimized with the Yoast SEO plugin v27.3 - https:\/\/yoast.com\/product\/yoast-seo-wordpress\/ -->\n<title>Szpital w \u00d6stersund - Kontekst Lod\u00f3wka Selfly Fridge w Szpitalu w \u00d6stersund<\/title>\n<meta name=\"description\" content=\"Lod\u00f3wki Selfly Fridge pozwoli\u0142y szwedzkiemu szpitalowi u\u0142atwi\u0107 dost\u0119p poza godzinami pracy, do posi\u0142k\u00f3w dla personelu, go\u015bci oraz pacjent\u00f3w.\" \/>\n<meta name=\"robots\" content=\"index, follow, max-snippet:-1, max-image-preview:large, max-video-preview:-1\" \/>\n<link rel=\"canonical\" href=\"https:\/\/www.kontekst.info\/index.php\/zastosowanie-automatow-sprzedajacych\/automaty-vendingowe-w-przestrzeni-publicznej\/szpital-w-ostersund\/\" \/>\n<meta property=\"og:locale\" content=\"pl_PL\" \/>\n<meta property=\"og:type\" content=\"article\" \/>\n<meta property=\"og:title\" content=\"Szpital w \u00d6stersund - Kontekst Lod\u00f3wka Selfly Fridge w Szpitalu w \u00d6stersund\" \/>\n<meta property=\"og:description\" content=\"Lod\u00f3wki Selfly Fridge pozwoli\u0142y szwedzkiemu szpitalowi u\u0142atwi\u0107 dost\u0119p poza godzinami pracy, do posi\u0142k\u00f3w dla personelu, go\u015bci oraz pacjent\u00f3w.\" \/>\n<meta property=\"og:url\" content=\"https:\/\/www.kontekst.info\/index.php\/zastosowanie-automatow-sprzedajacych\/automaty-vendingowe-w-przestrzeni-publicznej\/szpital-w-ostersund\/\" \/>\n<meta property=\"og:site_name\" content=\"Kontekst\" \/>\n<meta property=\"article:modified_time\" content=\"2024-10-18T14:20:14+00:00\" \/>\n<meta property=\"og:image\" content=\"https:\/\/www.kontekst.info\/wp-content\/uploads\/2024\/08\/Szpital-w-Ostersund-Szwecja.jpg\" \/>\n\t<meta property=\"og:image:width\" content=\"672\" \/>\n\t<meta property=\"og:image:height\" content=\"502\" \/>\n\t<meta property=\"og:image:type\" content=\"image\/jpeg\" \/>\n<meta name=\"twitter:card\" content=\"summary_large_image\" \/>\n<meta name=\"twitter:label1\" content=\"Szacowany czas czytania\" \/>\n\t<meta name=\"twitter:data1\" content=\"3 minuty\" \/>\n<script type=\"application\/ld+json\" class=\"yoast-schema-graph\">{\"@context\":\"https:\\\/\\\/schema.org\",\"@graph\":[{\"@type\":\"WebPage\",\"@id\":\"https:\\\/\\\/www.kontekst.info\\\/index.php\\\/zastosowanie-automatow-sprzedajacych\\\/automaty-vendingowe-w-przestrzeni-publicznej\\\/szpital-w-ostersund\\\/\",\"url\":\"https:\\\/\\\/www.kontekst.info\\\/index.php\\\/zastosowanie-automatow-sprzedajacych\\\/automaty-vendingowe-w-przestrzeni-publicznej\\\/szpital-w-ostersund\\\/\",\"name\":\"Szpital w \u00d6stersund - Kontekst Lod\u00f3wka Selfly Fridge w Szpitalu w \u00d6stersund\",\"isPartOf\":{\"@id\":\"https:\\\/\\\/www.kontekst.info\\\/#website\"},\"primaryImageOfPage\":{\"@id\":\"https:\\\/\\\/www.kontekst.info\\\/index.php\\\/zastosowanie-automatow-sprzedajacych\\\/automaty-vendingowe-w-przestrzeni-publicznej\\\/szpital-w-ostersund\\\/#primaryimage\"},\"image\":{\"@id\":\"https:\\\/\\\/www.kontekst.info\\\/index.php\\\/zastosowanie-automatow-sprzedajacych\\\/automaty-vendingowe-w-przestrzeni-publicznej\\\/szpital-w-ostersund\\\/#primaryimage\"},\"thumbnailUrl\":\"https:\\\/\\\/www.kontekst.info\\\/wp-content\\\/uploads\\\/2024\\\/08\\\/Szpital-w-Ostersund-Szwecja.jpg\",\"datePublished\":\"2024-08-30T10:02:59+00:00\",\"dateModified\":\"2024-10-18T14:20:14+00:00\",\"description\":\"Lod\u00f3wki Selfly Fridge pozwoli\u0142y szwedzkiemu szpitalowi u\u0142atwi\u0107 dost\u0119p poza godzinami pracy, do posi\u0142k\u00f3w dla personelu, go\u015bci oraz pacjent\u00f3w.\",\"breadcrumb\":{\"@id\":\"https:\\\/\\\/www.kontekst.info\\\/index.php\\\/zastosowanie-automatow-sprzedajacych\\\/automaty-vendingowe-w-przestrzeni-publicznej\\\/szpital-w-ostersund\\\/#breadcrumb\"},\"inLanguage\":\"pl-PL\",\"potentialAction\":[{\"@type\":\"ReadAction\",\"target\":[\"https:\\\/\\\/www.kontekst.info\\\/index.php\\\/zastosowanie-automatow-sprzedajacych\\\/automaty-vendingowe-w-przestrzeni-publicznej\\\/szpital-w-ostersund\\\/\"]}]},{\"@type\":\"ImageObject\",\"inLanguage\":\"pl-PL\",\"@id\":\"https:\\\/\\\/www.kontekst.info\\\/index.php\\\/zastosowanie-automatow-sprzedajacych\\\/automaty-vendingowe-w-przestrzeni-publicznej\\\/szpital-w-ostersund\\\/#primaryimage\",\"url\":\"https:\\\/\\\/www.kontekst.info\\\/wp-content\\\/uploads\\\/2024\\\/08\\\/Szpital-w-Ostersund-Szwecja.jpg\",\"contentUrl\":\"https:\\\/\\\/www.kontekst.info\\\/wp-content\\\/uploads\\\/2024\\\/08\\\/Szpital-w-Ostersund-Szwecja.jpg\",\"width\":672,\"height\":502},{\"@type\":\"BreadcrumbList\",\"@id\":\"https:\\\/\\\/www.kontekst.info\\\/index.php\\\/zastosowanie-automatow-sprzedajacych\\\/automaty-vendingowe-w-przestrzeni-publicznej\\\/szpital-w-ostersund\\\/#breadcrumb\",\"itemListElement\":[{\"@type\":\"ListItem\",\"position\":1,\"name\":\"Strona g\u0142\u00f3wna\",\"item\":\"https:\\\/\\\/www.kontekst.info\\\/\"},{\"@type\":\"ListItem\",\"position\":2,\"name\":\"Zastosowanie automat\u00f3w sprzedaj\u0105cych\",\"item\":\"https:\\\/\\\/www.kontekst.info\\\/index.php\\\/zastosowanie-automatow-sprzedajacych\\\/\"},{\"@type\":\"ListItem\",\"position\":3,\"name\":\"Automaty vendingowe w przestrzeni publicznej\",\"item\":\"https:\\\/\\\/www.kontekst.info\\\/index.php\\\/zastosowanie-automatow-sprzedajacych\\\/automaty-vendingowe-w-przestrzeni-publicznej\\\/\"},{\"@type\":\"ListItem\",\"position\":4,\"name\":\"Szpital w \u00d6stersund\"}]},{\"@type\":\"WebSite\",\"@id\":\"https:\\\/\\\/www.kontekst.info\\\/#website\",\"url\":\"https:\\\/\\\/www.kontekst.info\\\/\",\"name\":\"Kontekst\",\"description\":\"Autoryzowany dystrybutor Selflystore w Polsce\",\"publisher\":{\"@id\":\"https:\\\/\\\/www.kontekst.info\\\/#organization\"},\"potentialAction\":[{\"@type\":\"SearchAction\",\"target\":{\"@type\":\"EntryPoint\",\"urlTemplate\":\"https:\\\/\\\/www.kontekst.info\\\/?s={search_term_string}\"},\"query-input\":{\"@type\":\"PropertyValueSpecification\",\"valueRequired\":true,\"valueName\":\"search_term_string\"}}],\"inLanguage\":\"pl-PL\"},{\"@type\":\"Organization\",\"@id\":\"https:\\\/\\\/www.kontekst.info\\\/#organization\",\"name\":\"Kontekst\",\"url\":\"https:\\\/\\\/www.kontekst.info\\\/\",\"logo\":{\"@type\":\"ImageObject\",\"inLanguage\":\"pl-PL\",\"@id\":\"https:\\\/\\\/www.kontekst.info\\\/#\\\/schema\\\/logo\\\/image\\\/\",\"url\":\"https:\\\/\\\/www.kontekst.info\\\/wp-content\\\/uploads\\\/2024\\\/09\\\/Kontekst-logo_Selfly-Store-dark-AD.svg\",\"contentUrl\":\"https:\\\/\\\/www.kontekst.info\\\/wp-content\\\/uploads\\\/2024\\\/09\\\/Kontekst-logo_Selfly-Store-dark-AD.svg\",\"width\":520,\"height\":180,\"caption\":\"Kontekst\"},\"image\":{\"@id\":\"https:\\\/\\\/www.kontekst.info\\\/#\\\/schema\\\/logo\\\/image\\\/\"}}]}<\/script>\n<!-- \/ Yoast SEO plugin. -->","yoast_head_json":{"title":"Szpital w \u00d6stersund - Kontekst Lod\u00f3wka Selfly Fridge w Szpitalu w \u00d6stersund","description":"Lod\u00f3wki Selfly Fridge pozwoli\u0142y szwedzkiemu szpitalowi u\u0142atwi\u0107 dost\u0119p poza godzinami pracy, do posi\u0142k\u00f3w dla personelu, go\u015bci oraz pacjent\u00f3w.","robots":{"index":"index","follow":"follow","max-snippet":"max-snippet:-1","max-image-preview":"max-image-preview:large","max-video-preview":"max-video-preview:-1"},"canonical":"https:\/\/www.kontekst.info\/index.php\/zastosowanie-automatow-sprzedajacych\/automaty-vendingowe-w-przestrzeni-publicznej\/szpital-w-ostersund\/","og_locale":"pl_PL","og_type":"article","og_title":"Szpital w \u00d6stersund - Kontekst Lod\u00f3wka Selfly Fridge w Szpitalu w \u00d6stersund","og_description":"Lod\u00f3wki Selfly Fridge pozwoli\u0142y szwedzkiemu szpitalowi u\u0142atwi\u0107 dost\u0119p poza godzinami pracy, do posi\u0142k\u00f3w dla personelu, go\u015bci oraz pacjent\u00f3w.","og_url":"https:\/\/www.kontekst.info\/index.php\/zastosowanie-automatow-sprzedajacych\/automaty-vendingowe-w-przestrzeni-publicznej\/szpital-w-ostersund\/","og_site_name":"Kontekst","article_modified_time":"2024-10-18T14:20:14+00:00","og_image":[{"width":672,"height":502,"url":"https:\/\/www.kontekst.info\/wp-content\/uploads\/2024\/08\/Szpital-w-Ostersund-Szwecja.jpg","type":"image\/jpeg"}],"twitter_card":"summary_large_image","twitter_misc":{"Szacowany czas czytania":"3 minuty"},"schema":{"@context":"https:\/\/schema.org","@graph":[{"@type":"WebPage","@id":"https:\/\/www.kontekst.info\/index.php\/zastosowanie-automatow-sprzedajacych\/automaty-vendingowe-w-przestrzeni-publicznej\/szpital-w-ostersund\/","url":"https:\/\/www.kontekst.info\/index.php\/zastosowanie-automatow-sprzedajacych\/automaty-vendingowe-w-przestrzeni-publicznej\/szpital-w-ostersund\/","name":"Szpital w \u00d6stersund - Kontekst Lod\u00f3wka Selfly Fridge w Szpitalu w \u00d6stersund","isPartOf":{"@id":"https:\/\/www.kontekst.info\/#website"},"primaryImageOfPage":{"@id":"https:\/\/www.kontekst.info\/index.php\/zastosowanie-automatow-sprzedajacych\/automaty-vendingowe-w-przestrzeni-publicznej\/szpital-w-ostersund\/#primaryimage"},"image":{"@id":"https:\/\/www.kontekst.info\/index.php\/zastosowanie-automatow-sprzedajacych\/automaty-vendingowe-w-przestrzeni-publicznej\/szpital-w-ostersund\/#primaryimage"},"thumbnailUrl":"https:\/\/www.kontekst.info\/wp-content\/uploads\/2024\/08\/Szpital-w-Ostersund-Szwecja.jpg","datePublished":"2024-08-30T10:02:59+00:00","dateModified":"2024-10-18T14:20:14+00:00","description":"Lod\u00f3wki Selfly Fridge pozwoli\u0142y szwedzkiemu szpitalowi u\u0142atwi\u0107 dost\u0119p poza godzinami pracy, do posi\u0142k\u00f3w dla personelu, go\u015bci oraz pacjent\u00f3w.","breadcrumb":{"@id":"https:\/\/www.kontekst.info\/index.php\/zastosowanie-automatow-sprzedajacych\/automaty-vendingowe-w-przestrzeni-publicznej\/szpital-w-ostersund\/#breadcrumb"},"inLanguage":"pl-PL","potentialAction":[{"@type":"ReadAction","target":["https:\/\/www.kontekst.info\/index.php\/zastosowanie-automatow-sprzedajacych\/automaty-vendingowe-w-przestrzeni-publicznej\/szpital-w-ostersund\/"]}]},{"@type":"ImageObject","inLanguage":"pl-PL","@id":"https:\/\/www.kontekst.info\/index.php\/zastosowanie-automatow-sprzedajacych\/automaty-vendingowe-w-przestrzeni-publicznej\/szpital-w-ostersund\/#primaryimage","url":"https:\/\/www.kontekst.info\/wp-content\/uploads\/2024\/08\/Szpital-w-Ostersund-Szwecja.jpg","contentUrl":"https:\/\/www.kontekst.info\/wp-content\/uploads\/2024\/08\/Szpital-w-Ostersund-Szwecja.jpg","width":672,"height":502},{"@type":"BreadcrumbList","@id":"https:\/\/www.kontekst.info\/index.php\/zastosowanie-automatow-sprzedajacych\/automaty-vendingowe-w-przestrzeni-publicznej\/szpital-w-ostersund\/#breadcrumb","itemListElement":[{"@type":"ListItem","position":1,"name":"Strona g\u0142\u00f3wna","item":"https:\/\/www.kontekst.info\/"},{"@type":"ListItem","position":2,"name":"Zastosowanie automat\u00f3w sprzedaj\u0105cych","item":"https:\/\/www.kontekst.info\/index.php\/zastosowanie-automatow-sprzedajacych\/"},{"@type":"ListItem","position":3,"name":"Automaty vendingowe w przestrzeni publicznej","item":"https:\/\/www.kontekst.info\/index.php\/zastosowanie-automatow-sprzedajacych\/automaty-vendingowe-w-przestrzeni-publicznej\/"},{"@type":"ListItem","position":4,"name":"Szpital w \u00d6stersund"}]},{"@type":"WebSite","@id":"https:\/\/www.kontekst.info\/#website","url":"https:\/\/www.kontekst.info\/","name":"Kontekst","description":"Autoryzowany dystrybutor Selflystore w Polsce","publisher":{"@id":"https:\/\/www.kontekst.info\/#organization"},"potentialAction":[{"@type":"SearchAction","target":{"@type":"EntryPoint","urlTemplate":"https:\/\/www.kontekst.info\/?s={search_term_string}"},"query-input":{"@type":"PropertyValueSpecification","valueRequired":true,"valueName":"search_term_string"}}],"inLanguage":"pl-PL"},{"@type":"Organization","@id":"https:\/\/www.kontekst.info\/#organization","name":"Kontekst","url":"https:\/\/www.kontekst.info\/","logo":{"@type":"ImageObject","inLanguage":"pl-PL","@id":"https:\/\/www.kontekst.info\/#\/schema\/logo\/image\/","url":"https:\/\/www.kontekst.info\/wp-content\/uploads\/2024\/09\/Kontekst-logo_Selfly-Store-dark-AD.svg","contentUrl":"https:\/\/www.kontekst.info\/wp-content\/uploads\/2024\/09\/Kontekst-logo_Selfly-Store-dark-AD.svg","width":520,"height":180,"caption":"Kontekst"},"image":{"@id":"https:\/\/www.kontekst.info\/#\/schema\/logo\/image\/"}}]}},"_links":{"self":[{"href":"https:\/\/www.kontekst.info\/index.php\/wp-json\/wp\/v2\/pages\/10088","targetHints":{"allow":["GET"]}}],"collection":[{"href":"https:\/\/www.kontekst.info\/index.php\/wp-json\/wp\/v2\/pages"}],"about":[{"href":"https:\/\/www.kontekst.info\/index.php\/wp-json\/wp\/v2\/types\/page"}],"author":[{"embeddable":true,"href":"https:\/\/www.kontekst.info\/index.php\/wp-json\/wp\/v2\/users\/2"}],"replies":[{"embeddable":true,"href":"https:\/\/www.kontekst.info\/index.php\/wp-json\/wp\/v2\/comments?post=10088"}],"version-history":[{"count":11,"href":"https:\/\/www.kontekst.info\/index.php\/wp-json\/wp\/v2\/pages\/10088\/revisions"}],"predecessor-version":[{"id":10747,"href":"https:\/\/www.kontekst.info\/index.php\/wp-json\/wp\/v2\/pages\/10088\/revisions\/10747"}],"up":[{"embeddable":true,"href":"https:\/\/www.kontekst.info\/index.php\/wp-json\/wp\/v2\/pages\/10579"}],"wp:featuredmedia":[{"embeddable":true,"href":"https:\/\/www.kontekst.info\/index.php\/wp-json\/wp\/v2\/media\/9979"}],"wp:attachment":[{"href":"https:\/\/www.kontekst.info\/index.php\/wp-json\/wp\/v2\/media?parent=10088"}],"curies":[{"name":"wp","href":"https:\/\/api.w.org\/{rel}","templated":true}]}}