{"id":10099,"date":"2024-08-30T12:16:45","date_gmt":"2024-08-30T10:16:45","guid":{"rendered":"https:\/\/www.kontekst.info\/?page_id=10099"},"modified":"2024-10-18T16:21:59","modified_gmt":"2024-10-18T14:21:59","slug":"blockstore","status":"publish","type":"page","link":"https:\/\/www.kontekst.info\/index.php\/zastosowanie-automatow-sprzedajacych\/automaty-vendingowe-w-firmach-vendingowych\/blockstore\/","title":{"rendered":"Blockstore"},"content":{"rendered":"<div class=\"wpb-content-wrapper\"><p>[vc_row full_width=&#8221;stretch_row&#8221; css=&#8221;.vc_custom_1725013149637{padding-top: 20px !important;padding-bottom: 20px !important;background-color: #ffffff !important;}&#8221; woodmart_css_id=&#8221;66d19c98b8d09&#8243; responsive_spacing=&#8221;eyJwYXJhbV90eXBlIjoid29vZG1hcnRfcmVzcG9uc2l2ZV9zcGFjaW5nIiwic2VsZWN0b3JfaWQiOiI2NmQxOWM5OGI4ZDA5Iiwic2hvcnRjb2RlIjoidmNfcm93IiwiZGF0YSI6eyJ0YWJsZXQiOnsibWFyZ2luLWJvdHRvbSI6IjcwcHgifSwibW9iaWxlIjp7Im1hcmdpbi1ib3R0b20iOiI1MHB4In19fQ==&#8221; mobile_bg_img_hidden=&#8221;no&#8221; tablet_bg_img_hidden=&#8221;no&#8221; woodmart_parallax=&#8221;0&#8243; woodmart_gradient_switch=&#8221;no&#8221; row_reverse_mobile=&#8221;0&#8243; row_reverse_tablet=&#8221;0&#8243; woodmart_disable_overflow=&#8221;0&#8243; woodmart_box_shadow=&#8221;no&#8221; wd_z_index=&#8221;no&#8221;][vc_column width=&#8221;2\/5&#8243; css=&#8221;.vc_custom_1500719067312{padding-top: 0px !important;}&#8221;]\t\t<div id=\"wd-66d19e5e197ea\" class=\"wd-image wd-wpb wd-rs-66d19e5e197ea text-left \">\n\t\t\t\n\t\t\t<img loading=\"lazy\" decoding=\"async\" width=\"672\" height=\"502\" src=\"https:\/\/www.kontekst.info\/wp-content\/uploads\/2024\/08\/Blockstore-freezer.jpg\" class=\"attachment-full size-full\" alt=\"Blockstore to innowacyjna fi\u0144ska firma z bran\u017cy handlu detalicznego\" srcset=\"https:\/\/www.kontekst.info\/wp-content\/uploads\/2024\/08\/Blockstore-freezer.jpg 672w, https:\/\/www.kontekst.info\/wp-content\/uploads\/2024\/08\/Blockstore-freezer-400x300.jpg 400w\" sizes=\"auto, (max-width: 672px) 100vw, 672px\" \/>\n\t\t\t\t\t<\/div>\n\t\t[\/vc_column][vc_column width=&#8221;3\/5&#8243; woodmart_css_id=&#8221;66d1998770e30&#8243; parallax_scroll=&#8221;no&#8221; woodmart_sticky_column=&#8221;false&#8221; wd_collapsible_content_switcher=&#8221;no&#8221; wd_column_role_offcanvas_desktop=&#8221;no&#8221; wd_column_role_offcanvas_tablet=&#8221;no&#8221; wd_column_role_offcanvas_mobile=&#8221;no&#8221; wd_column_role_content_desktop=&#8221;no&#8221; wd_column_role_content_tablet=&#8221;no&#8221; wd_column_role_content_mobile=&#8221;no&#8221; mobile_bg_img_hidden=&#8221;no&#8221; tablet_bg_img_hidden=&#8221;no&#8221; woodmart_parallax=&#8221;0&#8243; woodmart_box_shadow=&#8221;no&#8221; responsive_spacing=&#8221;eyJwYXJhbV90eXBlIjoid29vZG1hcnRfcmVzcG9uc2l2ZV9zcGFjaW5nIiwic2VsZWN0b3JfaWQiOiI2NmQxOTk4NzcwZTMwIiwic2hvcnRjb2RlIjoidmNfY29sdW1uIiwiZGF0YSI6eyJ0YWJsZXQiOnt9LCJtb2JpbGUiOnt9fX0=&#8221; mobile_reset_margin=&#8221;no&#8221; tablet_reset_margin=&#8221;no&#8221; wd_z_index=&#8221;no&#8221; css=&#8221;.vc_custom_1725012363189{margin-top: -10px !important;}&#8221;]\t\t<div id=\"wd-67126f01067ec\" class=\"wd-text-block wd-wpb reset-last-child wd-rs-67126f01067ec text-left wd-fontsize-s vc_custom_1729261319135\">\n\t\t\t<h3>Blockstore.<\/h3>\n<p style=\"text-align: justify;\">Blockstore to innowacyjna fi\u0144ska firma z bran\u017cy handlu detalicznego. Opracowa\u0142a ona koncepcj\u0119 sklep\u00f3w bezobs\u0142ugowych. W 2023 roku pilota\u017cowo wprowadzi\u0142a ona do jednego ze swoich sklep\u00f3w <a href=\"\/index.php\/automaty-vendingowe\/automat-vendingowy-zamrazarka\/\"><strong>zamra\u017cark\u0119 Selfly Store Freezer. <\/strong><\/a><\/p>\n<p style=\"text-align: justify;\">Przed rozpocz\u0119ciem pilota\u017cu firma nie mog\u0142a zaoferowa\u0107 klientom mo\u017cliwo\u015bci zakupu produkt\u00f3w mro\u017conych. W fazie pilota\u017cowej dokonano setek zakup\u00f3w z zamra\u017carki. Spotka\u0142a si\u0119 ona z du\u017cym uznaniem konsument\u00f3w.<\/p>\n\t\t<\/div>\n\t\t[\/vc_column][\/vc_row]<\/p>\n<\/div>","protected":false},"excerpt":{"rendered":"<p>[vc_row full_width=&#8221;stretch_row&#8221; css=&#8221;.vc_custom_1725013149637{padding-top: 20px !important;padding-bottom: 20px !important;background-color: #ffffff !important;}&#8221; woodmart_css_id=&#8221;66d19c98b8d09&#8243; responsive_spacing=&#8221;eyJwYXJhbV90eXBlIjoid29vZG1hcnRfcmVzcG9uc2l2ZV9zcGFjaW5nIiwic2VsZWN0b3JfaWQiOiI2NmQxOWM5OGI4ZDA5Iiwic2hvcnRjb2RlIjoidmNfcm93IiwiZGF0YSI6eyJ0YWJsZXQiOnsibWFyZ2luLWJvdHRvbSI6IjcwcHgifSwibW9iaWxlIjp7Im1hcmdpbi1ib3R0b20iOiI1MHB4In19fQ==&#8221; mobile_bg_img_hidden=&#8221;no&#8221; tablet_bg_img_hidden=&#8221;no&#8221; woodmart_parallax=&#8221;0&#8243; woodmart_gradient_switch=&#8221;no&#8221; row_reverse_mobile=&#8221;0&#8243; row_reverse_tablet=&#8221;0&#8243; woodmart_disable_overflow=&#8221;0&#8243; woodmart_box_shadow=&#8221;no&#8221; wd_z_index=&#8221;no&#8221;][vc_column<\/p>\n","protected":false},"author":2,"featured_media":10107,"parent":10616,"menu_order":1,"comment_status":"closed","ping_status":"closed","template":"","meta":{"footnotes":""},"class_list":["post-10099","page","type-page","status-publish","has-post-thumbnail","hentry"],"yoast_head":"<!-- This site is optimized with the Yoast SEO plugin v27.3 - https:\/\/yoast.com\/product\/yoast-seo-wordpress\/ -->\n<title>Blockstore - Kontekst | Automaty sprzedaj\u0105ce w firmie vendingowej<\/title>\n<meta name=\"description\" content=\"Automaty sprzedaj\u0105ce w firmie vendingowej, w Blockstore firmie bran\u017cy handlu detalicznego, opracowa\u0142a koncepcj\u0119 sklep\u00f3w bezobs\u0142ugowych.\" \/>\n<meta name=\"robots\" content=\"index, follow, max-snippet:-1, max-image-preview:large, max-video-preview:-1\" \/>\n<link rel=\"canonical\" href=\"https:\/\/www.kontekst.info\/index.php\/zastosowanie-automatow-sprzedajacych\/automaty-vendingowe-w-firmach-vendingowych\/blockstore\/\" \/>\n<meta property=\"og:locale\" content=\"pl_PL\" \/>\n<meta property=\"og:type\" content=\"article\" \/>\n<meta property=\"og:title\" content=\"Blockstore - Kontekst | Automaty sprzedaj\u0105ce w firmie vendingowej\" \/>\n<meta property=\"og:description\" content=\"Automaty sprzedaj\u0105ce w firmie vendingowej, w Blockstore firmie bran\u017cy handlu detalicznego, opracowa\u0142a koncepcj\u0119 sklep\u00f3w bezobs\u0142ugowych.\" \/>\n<meta property=\"og:url\" content=\"https:\/\/www.kontekst.info\/index.php\/zastosowanie-automatow-sprzedajacych\/automaty-vendingowe-w-firmach-vendingowych\/blockstore\/\" \/>\n<meta property=\"og:site_name\" content=\"Kontekst\" \/>\n<meta property=\"article:modified_time\" content=\"2024-10-18T14:21:59+00:00\" \/>\n<meta property=\"og:image\" content=\"https:\/\/www.kontekst.info\/wp-content\/uploads\/2024\/08\/Blockstore-freezer.jpg\" \/>\n\t<meta property=\"og:image:width\" content=\"672\" \/>\n\t<meta property=\"og:image:height\" content=\"502\" \/>\n\t<meta property=\"og:image:type\" content=\"image\/jpeg\" \/>\n<meta name=\"twitter:card\" content=\"summary_large_image\" \/>\n<meta name=\"twitter:label1\" content=\"Szacowany czas czytania\" \/>\n\t<meta name=\"twitter:data1\" content=\"2 minuty\" \/>\n<script type=\"application\/ld+json\" class=\"yoast-schema-graph\">{\"@context\":\"https:\\\/\\\/schema.org\",\"@graph\":[{\"@type\":\"WebPage\",\"@id\":\"https:\\\/\\\/www.kontekst.info\\\/index.php\\\/zastosowanie-automatow-sprzedajacych\\\/automaty-vendingowe-w-firmach-vendingowych\\\/blockstore\\\/\",\"url\":\"https:\\\/\\\/www.kontekst.info\\\/index.php\\\/zastosowanie-automatow-sprzedajacych\\\/automaty-vendingowe-w-firmach-vendingowych\\\/blockstore\\\/\",\"name\":\"Blockstore - Kontekst | Automaty sprzedaj\u0105ce w firmie vendingowej\",\"isPartOf\":{\"@id\":\"https:\\\/\\\/www.kontekst.info\\\/#website\"},\"primaryImageOfPage\":{\"@id\":\"https:\\\/\\\/www.kontekst.info\\\/index.php\\\/zastosowanie-automatow-sprzedajacych\\\/automaty-vendingowe-w-firmach-vendingowych\\\/blockstore\\\/#primaryimage\"},\"image\":{\"@id\":\"https:\\\/\\\/www.kontekst.info\\\/index.php\\\/zastosowanie-automatow-sprzedajacych\\\/automaty-vendingowe-w-firmach-vendingowych\\\/blockstore\\\/#primaryimage\"},\"thumbnailUrl\":\"https:\\\/\\\/www.kontekst.info\\\/wp-content\\\/uploads\\\/2024\\\/08\\\/Blockstore-freezer.jpg\",\"datePublished\":\"2024-08-30T10:16:45+00:00\",\"dateModified\":\"2024-10-18T14:21:59+00:00\",\"description\":\"Automaty sprzedaj\u0105ce w firmie vendingowej, w Blockstore firmie bran\u017cy handlu detalicznego, opracowa\u0142a koncepcj\u0119 sklep\u00f3w bezobs\u0142ugowych.\",\"breadcrumb\":{\"@id\":\"https:\\\/\\\/www.kontekst.info\\\/index.php\\\/zastosowanie-automatow-sprzedajacych\\\/automaty-vendingowe-w-firmach-vendingowych\\\/blockstore\\\/#breadcrumb\"},\"inLanguage\":\"pl-PL\",\"potentialAction\":[{\"@type\":\"ReadAction\",\"target\":[\"https:\\\/\\\/www.kontekst.info\\\/index.php\\\/zastosowanie-automatow-sprzedajacych\\\/automaty-vendingowe-w-firmach-vendingowych\\\/blockstore\\\/\"]}]},{\"@type\":\"ImageObject\",\"inLanguage\":\"pl-PL\",\"@id\":\"https:\\\/\\\/www.kontekst.info\\\/index.php\\\/zastosowanie-automatow-sprzedajacych\\\/automaty-vendingowe-w-firmach-vendingowych\\\/blockstore\\\/#primaryimage\",\"url\":\"https:\\\/\\\/www.kontekst.info\\\/wp-content\\\/uploads\\\/2024\\\/08\\\/Blockstore-freezer.jpg\",\"contentUrl\":\"https:\\\/\\\/www.kontekst.info\\\/wp-content\\\/uploads\\\/2024\\\/08\\\/Blockstore-freezer.jpg\",\"width\":672,\"height\":502,\"caption\":\"Blockstore to innowacyjna fi\u0144ska firma z bran\u017cy handlu detalicznego\"},{\"@type\":\"BreadcrumbList\",\"@id\":\"https:\\\/\\\/www.kontekst.info\\\/index.php\\\/zastosowanie-automatow-sprzedajacych\\\/automaty-vendingowe-w-firmach-vendingowych\\\/blockstore\\\/#breadcrumb\",\"itemListElement\":[{\"@type\":\"ListItem\",\"position\":1,\"name\":\"Strona g\u0142\u00f3wna\",\"item\":\"https:\\\/\\\/www.kontekst.info\\\/\"},{\"@type\":\"ListItem\",\"position\":2,\"name\":\"Zastosowanie automat\u00f3w sprzedaj\u0105cych\",\"item\":\"https:\\\/\\\/www.kontekst.info\\\/index.php\\\/zastosowanie-automatow-sprzedajacych\\\/\"},{\"@type\":\"ListItem\",\"position\":3,\"name\":\"Automaty vendingowe w firmach vendingowych\",\"item\":\"https:\\\/\\\/www.kontekst.info\\\/index.php\\\/zastosowanie-automatow-sprzedajacych\\\/automaty-vendingowe-w-firmach-vendingowych\\\/\"},{\"@type\":\"ListItem\",\"position\":4,\"name\":\"Blockstore\"}]},{\"@type\":\"WebSite\",\"@id\":\"https:\\\/\\\/www.kontekst.info\\\/#website\",\"url\":\"https:\\\/\\\/www.kontekst.info\\\/\",\"name\":\"Kontekst\",\"description\":\"Autoryzowany dystrybutor Selflystore w Polsce\",\"publisher\":{\"@id\":\"https:\\\/\\\/www.kontekst.info\\\/#organization\"},\"potentialAction\":[{\"@type\":\"SearchAction\",\"target\":{\"@type\":\"EntryPoint\",\"urlTemplate\":\"https:\\\/\\\/www.kontekst.info\\\/?s={search_term_string}\"},\"query-input\":{\"@type\":\"PropertyValueSpecification\",\"valueRequired\":true,\"valueName\":\"search_term_string\"}}],\"inLanguage\":\"pl-PL\"},{\"@type\":\"Organization\",\"@id\":\"https:\\\/\\\/www.kontekst.info\\\/#organization\",\"name\":\"Kontekst\",\"url\":\"https:\\\/\\\/www.kontekst.info\\\/\",\"logo\":{\"@type\":\"ImageObject\",\"inLanguage\":\"pl-PL\",\"@id\":\"https:\\\/\\\/www.kontekst.info\\\/#\\\/schema\\\/logo\\\/image\\\/\",\"url\":\"https:\\\/\\\/www.kontekst.info\\\/wp-content\\\/uploads\\\/2024\\\/09\\\/Kontekst-logo_Selfly-Store-dark-AD.svg\",\"contentUrl\":\"https:\\\/\\\/www.kontekst.info\\\/wp-content\\\/uploads\\\/2024\\\/09\\\/Kontekst-logo_Selfly-Store-dark-AD.svg\",\"width\":520,\"height\":180,\"caption\":\"Kontekst\"},\"image\":{\"@id\":\"https:\\\/\\\/www.kontekst.info\\\/#\\\/schema\\\/logo\\\/image\\\/\"}}]}<\/script>\n<!-- \/ Yoast SEO plugin. -->","yoast_head_json":{"title":"Blockstore - Kontekst | Automaty sprzedaj\u0105ce w firmie vendingowej","description":"Automaty sprzedaj\u0105ce w firmie vendingowej, w Blockstore firmie bran\u017cy handlu detalicznego, opracowa\u0142a koncepcj\u0119 sklep\u00f3w bezobs\u0142ugowych.","robots":{"index":"index","follow":"follow","max-snippet":"max-snippet:-1","max-image-preview":"max-image-preview:large","max-video-preview":"max-video-preview:-1"},"canonical":"https:\/\/www.kontekst.info\/index.php\/zastosowanie-automatow-sprzedajacych\/automaty-vendingowe-w-firmach-vendingowych\/blockstore\/","og_locale":"pl_PL","og_type":"article","og_title":"Blockstore - Kontekst | Automaty sprzedaj\u0105ce w firmie vendingowej","og_description":"Automaty sprzedaj\u0105ce w firmie vendingowej, w Blockstore firmie bran\u017cy handlu detalicznego, opracowa\u0142a koncepcj\u0119 sklep\u00f3w bezobs\u0142ugowych.","og_url":"https:\/\/www.kontekst.info\/index.php\/zastosowanie-automatow-sprzedajacych\/automaty-vendingowe-w-firmach-vendingowych\/blockstore\/","og_site_name":"Kontekst","article_modified_time":"2024-10-18T14:21:59+00:00","og_image":[{"width":672,"height":502,"url":"https:\/\/www.kontekst.info\/wp-content\/uploads\/2024\/08\/Blockstore-freezer.jpg","type":"image\/jpeg"}],"twitter_card":"summary_large_image","twitter_misc":{"Szacowany czas czytania":"2 minuty"},"schema":{"@context":"https:\/\/schema.org","@graph":[{"@type":"WebPage","@id":"https:\/\/www.kontekst.info\/index.php\/zastosowanie-automatow-sprzedajacych\/automaty-vendingowe-w-firmach-vendingowych\/blockstore\/","url":"https:\/\/www.kontekst.info\/index.php\/zastosowanie-automatow-sprzedajacych\/automaty-vendingowe-w-firmach-vendingowych\/blockstore\/","name":"Blockstore - Kontekst | Automaty sprzedaj\u0105ce w firmie vendingowej","isPartOf":{"@id":"https:\/\/www.kontekst.info\/#website"},"primaryImageOfPage":{"@id":"https:\/\/www.kontekst.info\/index.php\/zastosowanie-automatow-sprzedajacych\/automaty-vendingowe-w-firmach-vendingowych\/blockstore\/#primaryimage"},"image":{"@id":"https:\/\/www.kontekst.info\/index.php\/zastosowanie-automatow-sprzedajacych\/automaty-vendingowe-w-firmach-vendingowych\/blockstore\/#primaryimage"},"thumbnailUrl":"https:\/\/www.kontekst.info\/wp-content\/uploads\/2024\/08\/Blockstore-freezer.jpg","datePublished":"2024-08-30T10:16:45+00:00","dateModified":"2024-10-18T14:21:59+00:00","description":"Automaty sprzedaj\u0105ce w firmie vendingowej, w Blockstore firmie bran\u017cy handlu detalicznego, opracowa\u0142a koncepcj\u0119 sklep\u00f3w bezobs\u0142ugowych.","breadcrumb":{"@id":"https:\/\/www.kontekst.info\/index.php\/zastosowanie-automatow-sprzedajacych\/automaty-vendingowe-w-firmach-vendingowych\/blockstore\/#breadcrumb"},"inLanguage":"pl-PL","potentialAction":[{"@type":"ReadAction","target":["https:\/\/www.kontekst.info\/index.php\/zastosowanie-automatow-sprzedajacych\/automaty-vendingowe-w-firmach-vendingowych\/blockstore\/"]}]},{"@type":"ImageObject","inLanguage":"pl-PL","@id":"https:\/\/www.kontekst.info\/index.php\/zastosowanie-automatow-sprzedajacych\/automaty-vendingowe-w-firmach-vendingowych\/blockstore\/#primaryimage","url":"https:\/\/www.kontekst.info\/wp-content\/uploads\/2024\/08\/Blockstore-freezer.jpg","contentUrl":"https:\/\/www.kontekst.info\/wp-content\/uploads\/2024\/08\/Blockstore-freezer.jpg","width":672,"height":502,"caption":"Blockstore to innowacyjna fi\u0144ska firma z bran\u017cy handlu detalicznego"},{"@type":"BreadcrumbList","@id":"https:\/\/www.kontekst.info\/index.php\/zastosowanie-automatow-sprzedajacych\/automaty-vendingowe-w-firmach-vendingowych\/blockstore\/#breadcrumb","itemListElement":[{"@type":"ListItem","position":1,"name":"Strona g\u0142\u00f3wna","item":"https:\/\/www.kontekst.info\/"},{"@type":"ListItem","position":2,"name":"Zastosowanie automat\u00f3w sprzedaj\u0105cych","item":"https:\/\/www.kontekst.info\/index.php\/zastosowanie-automatow-sprzedajacych\/"},{"@type":"ListItem","position":3,"name":"Automaty vendingowe w firmach vendingowych","item":"https:\/\/www.kontekst.info\/index.php\/zastosowanie-automatow-sprzedajacych\/automaty-vendingowe-w-firmach-vendingowych\/"},{"@type":"ListItem","position":4,"name":"Blockstore"}]},{"@type":"WebSite","@id":"https:\/\/www.kontekst.info\/#website","url":"https:\/\/www.kontekst.info\/","name":"Kontekst","description":"Autoryzowany dystrybutor Selflystore w Polsce","publisher":{"@id":"https:\/\/www.kontekst.info\/#organization"},"potentialAction":[{"@type":"SearchAction","target":{"@type":"EntryPoint","urlTemplate":"https:\/\/www.kontekst.info\/?s={search_term_string}"},"query-input":{"@type":"PropertyValueSpecification","valueRequired":true,"valueName":"search_term_string"}}],"inLanguage":"pl-PL"},{"@type":"Organization","@id":"https:\/\/www.kontekst.info\/#organization","name":"Kontekst","url":"https:\/\/www.kontekst.info\/","logo":{"@type":"ImageObject","inLanguage":"pl-PL","@id":"https:\/\/www.kontekst.info\/#\/schema\/logo\/image\/","url":"https:\/\/www.kontekst.info\/wp-content\/uploads\/2024\/09\/Kontekst-logo_Selfly-Store-dark-AD.svg","contentUrl":"https:\/\/www.kontekst.info\/wp-content\/uploads\/2024\/09\/Kontekst-logo_Selfly-Store-dark-AD.svg","width":520,"height":180,"caption":"Kontekst"},"image":{"@id":"https:\/\/www.kontekst.info\/#\/schema\/logo\/image\/"}}]}},"_links":{"self":[{"href":"https:\/\/www.kontekst.info\/index.php\/wp-json\/wp\/v2\/pages\/10099","targetHints":{"allow":["GET"]}}],"collection":[{"href":"https:\/\/www.kontekst.info\/index.php\/wp-json\/wp\/v2\/pages"}],"about":[{"href":"https:\/\/www.kontekst.info\/index.php\/wp-json\/wp\/v2\/types\/page"}],"author":[{"embeddable":true,"href":"https:\/\/www.kontekst.info\/index.php\/wp-json\/wp\/v2\/users\/2"}],"replies":[{"embeddable":true,"href":"https:\/\/www.kontekst.info\/index.php\/wp-json\/wp\/v2\/comments?post=10099"}],"version-history":[{"count":10,"href":"https:\/\/www.kontekst.info\/index.php\/wp-json\/wp\/v2\/pages\/10099\/revisions"}],"predecessor-version":[{"id":10749,"href":"https:\/\/www.kontekst.info\/index.php\/wp-json\/wp\/v2\/pages\/10099\/revisions\/10749"}],"up":[{"embeddable":true,"href":"https:\/\/www.kontekst.info\/index.php\/wp-json\/wp\/v2\/pages\/10616"}],"wp:featuredmedia":[{"embeddable":true,"href":"https:\/\/www.kontekst.info\/index.php\/wp-json\/wp\/v2\/media\/10107"}],"wp:attachment":[{"href":"https:\/\/www.kontekst.info\/index.php\/wp-json\/wp\/v2\/media?parent=10099"}],"curies":[{"name":"wp","href":"https:\/\/api.w.org\/{rel}","templated":true}]}}