{"id":10111,"date":"2024-08-30T12:36:00","date_gmt":"2024-08-30T10:36:00","guid":{"rendered":"https:\/\/www.kontekst.info\/?page_id=10111"},"modified":"2024-09-05T15:42:58","modified_gmt":"2024-09-05T13:42:58","slug":"name-company","status":"publish","type":"page","link":"https:\/\/www.kontekst.info\/index.php\/zastosowanie-automatow-sprzedajacych\/automaty-vendingowe-w-przestrzeni-publicznej\/name-company\/","title":{"rendered":"Name company"},"content":{"rendered":"<div class=\"wpb-content-wrapper\"><p>[vc_row full_width=&#8221;stretch_row&#8221; css=&#8221;.vc_custom_1725013149637{padding-top: 20px !important;padding-bottom: 20px !important;background-color: #ffffff !important;}&#8221; woodmart_css_id=&#8221;66d19c98b8d09&#8243; responsive_spacing=&#8221;eyJwYXJhbV90eXBlIjoid29vZG1hcnRfcmVzcG9uc2l2ZV9zcGFjaW5nIiwic2VsZWN0b3JfaWQiOiI2NmQxOWM5OGI4ZDA5Iiwic2hvcnRjb2RlIjoidmNfcm93IiwiZGF0YSI6eyJ0YWJsZXQiOnsibWFyZ2luLWJvdHRvbSI6IjcwcHgifSwibW9iaWxlIjp7Im1hcmdpbi1ib3R0b20iOiI1MHB4In19fQ==&#8221; mobile_bg_img_hidden=&#8221;no&#8221; tablet_bg_img_hidden=&#8221;no&#8221; woodmart_parallax=&#8221;0&#8243; woodmart_gradient_switch=&#8221;no&#8221; row_reverse_mobile=&#8221;0&#8243; row_reverse_tablet=&#8221;0&#8243; woodmart_disable_overflow=&#8221;0&#8243; woodmart_box_shadow=&#8221;no&#8221; wd_z_index=&#8221;no&#8221;][vc_column width=&#8221;2\/5&#8243; css=&#8221;.vc_custom_1500719067312{padding-top: 0px !important;}&#8221;]\t\t<div id=\"wd-66d1a088d114f\" class=\"wd-image wd-wpb wd-rs-66d1a088d114f text-left \">\n\t\t\t\n\t\t\t<img loading=\"lazy\" decoding=\"async\" width=\"672\" height=\"502\" src=\"https:\/\/www.kontekst.info\/wp-content\/uploads\/2024\/08\/Name-company.jpg\" class=\"attachment-full size-full\" alt=\"\" srcset=\"https:\/\/www.kontekst.info\/wp-content\/uploads\/2024\/08\/Name-company.jpg 672w, https:\/\/www.kontekst.info\/wp-content\/uploads\/2024\/08\/Name-company-400x300.jpg 400w\" sizes=\"auto, (max-width: 672px) 100vw, 672px\" \/>\n\t\t\t\t\t<\/div>\n\t\t[\/vc_column][vc_column width=&#8221;3\/5&#8243; woodmart_css_id=&#8221;66d1998770e30&#8243; parallax_scroll=&#8221;no&#8221; woodmart_sticky_column=&#8221;false&#8221; wd_collapsible_content_switcher=&#8221;no&#8221; wd_column_role_offcanvas_desktop=&#8221;no&#8221; wd_column_role_offcanvas_tablet=&#8221;no&#8221; wd_column_role_offcanvas_mobile=&#8221;no&#8221; wd_column_role_content_desktop=&#8221;no&#8221; wd_column_role_content_tablet=&#8221;no&#8221; wd_column_role_content_mobile=&#8221;no&#8221; mobile_bg_img_hidden=&#8221;no&#8221; tablet_bg_img_hidden=&#8221;no&#8221; woodmart_parallax=&#8221;0&#8243; woodmart_box_shadow=&#8221;no&#8221; responsive_spacing=&#8221;eyJwYXJhbV90eXBlIjoid29vZG1hcnRfcmVzcG9uc2l2ZV9zcGFjaW5nIiwic2VsZWN0b3JfaWQiOiI2NmQxOTk4NzcwZTMwIiwic2hvcnRjb2RlIjoidmNfY29sdW1uIiwiZGF0YSI6eyJ0YWJsZXQiOnt9LCJtb2JpbGUiOnt9fX0=&#8221; mobile_reset_margin=&#8221;no&#8221; tablet_reset_margin=&#8221;no&#8221; wd_z_index=&#8221;no&#8221; css=&#8221;.vc_custom_1725012363189{margin-top: -10px !important;}&#8221;]\t\t<div id=\"wd-66d19fc96e337\" class=\"wd-text-block wd-wpb reset-last-child wd-rs-66d19fc96e337 text-left wd-fontsize-s vc_custom_1725013987881\">\n\t\t\t<h3>Name company.<\/h3>\n<p style=\"text-align: justify;\">Name Company jest firm\u0105 cateringow\u0105 dzia\u0142aj\u0105c\u0105 na lotnisku Helsinki-Vantaa. Dzi\u0119ki inteligentnym rozwi\u0105zaniom vendingowym oferuje ona pracownikom lotniska szerok\u0105 gam\u0119 \u015bwie\u017cych i mro\u017conych posi\u0142k\u00f3w, osi\u0105gaj\u0105c niezwyk\u0142\u0105 wydajno\u015b\u0107 i redukuj\u0105c marnowanie \u017cywno\u015bci do zaledwie 3% w por\u00f3wnaniu do typowego marnowania \u017cywno\u015bci na poziomie 15\u201320%, jakie ma miejsce zwykle na sto\u0142\u00f3wkach. Oznacza to redukcj\u0119 ilo\u015bci odpad\u00f3w a\u017c o 80-85%.<\/p>\n\t\t<\/div>\n\t\t[\/vc_column][\/vc_row]<\/p>\n<\/div>","protected":false},"excerpt":{"rendered":"<p>[vc_row full_width=&#8221;stretch_row&#8221; css=&#8221;.vc_custom_1725013149637{padding-top: 20px !important;padding-bottom: 20px !important;background-color: #ffffff !important;}&#8221; woodmart_css_id=&#8221;66d19c98b8d09&#8243; responsive_spacing=&#8221;eyJwYXJhbV90eXBlIjoid29vZG1hcnRfcmVzcG9uc2l2ZV9zcGFjaW5nIiwic2VsZWN0b3JfaWQiOiI2NmQxOWM5OGI4ZDA5Iiwic2hvcnRjb2RlIjoidmNfcm93IiwiZGF0YSI6eyJ0YWJsZXQiOnsibWFyZ2luLWJvdHRvbSI6IjcwcHgifSwibW9iaWxlIjp7Im1hcmdpbi1ib3R0b20iOiI1MHB4In19fQ==&#8221; mobile_bg_img_hidden=&#8221;no&#8221; tablet_bg_img_hidden=&#8221;no&#8221; woodmart_parallax=&#8221;0&#8243; woodmart_gradient_switch=&#8221;no&#8221; row_reverse_mobile=&#8221;0&#8243; row_reverse_tablet=&#8221;0&#8243; woodmart_disable_overflow=&#8221;0&#8243; woodmart_box_shadow=&#8221;no&#8221; wd_z_index=&#8221;no&#8221;][vc_column<\/p>\n","protected":false},"author":2,"featured_media":10112,"parent":10579,"menu_order":4,"comment_status":"closed","ping_status":"closed","template":"","meta":{"footnotes":""},"class_list":["post-10111","page","type-page","status-publish","has-post-thumbnail","hentry"],"yoast_head":"<!-- This site is optimized with the Yoast SEO plugin v27.3 - https:\/\/yoast.com\/product\/yoast-seo-wordpress\/ -->\n<title>Name company - Kontekst | Zamra\u017carka Selfly Fridge w firmie Blockstore<\/title>\n<meta name=\"description\" content=\"Zamra\u017carka Selfly Freezer dzi\u0119ki inteligentnym rozwi\u0105zaniom vendingowym oferuje pracownikom lotniska szerok\u0105 gam\u0119 \u015bwie\u017cych mro\u017conych posi\u0142k\u00f3w\" \/>\n<meta name=\"robots\" content=\"index, follow, max-snippet:-1, max-image-preview:large, max-video-preview:-1\" \/>\n<link rel=\"canonical\" href=\"https:\/\/www.kontekst.info\/index.php\/zastosowanie-automatow-sprzedajacych\/automaty-vendingowe-w-przestrzeni-publicznej\/name-company\/\" \/>\n<meta property=\"og:locale\" content=\"pl_PL\" \/>\n<meta property=\"og:type\" content=\"article\" \/>\n<meta property=\"og:title\" content=\"Name company - Kontekst | Zamra\u017carka Selfly Fridge w firmie Blockstore\" \/>\n<meta property=\"og:description\" content=\"Zamra\u017carka Selfly Freezer dzi\u0119ki inteligentnym rozwi\u0105zaniom vendingowym oferuje pracownikom lotniska szerok\u0105 gam\u0119 \u015bwie\u017cych mro\u017conych posi\u0142k\u00f3w\" \/>\n<meta property=\"og:url\" content=\"https:\/\/www.kontekst.info\/index.php\/zastosowanie-automatow-sprzedajacych\/automaty-vendingowe-w-przestrzeni-publicznej\/name-company\/\" \/>\n<meta property=\"og:site_name\" content=\"Kontekst\" \/>\n<meta property=\"article:modified_time\" content=\"2024-09-05T13:42:58+00:00\" \/>\n<meta property=\"og:image\" content=\"https:\/\/www.kontekst.info\/wp-content\/uploads\/2024\/08\/Name-company.jpg\" \/>\n\t<meta property=\"og:image:width\" content=\"672\" \/>\n\t<meta property=\"og:image:height\" content=\"502\" \/>\n\t<meta property=\"og:image:type\" content=\"image\/jpeg\" \/>\n<meta name=\"twitter:card\" content=\"summary_large_image\" \/>\n<meta name=\"twitter:label1\" content=\"Szacowany czas czytania\" \/>\n\t<meta name=\"twitter:data1\" content=\"2 minuty\" \/>\n<script type=\"application\/ld+json\" class=\"yoast-schema-graph\">{\"@context\":\"https:\\\/\\\/schema.org\",\"@graph\":[{\"@type\":\"WebPage\",\"@id\":\"https:\\\/\\\/www.kontekst.info\\\/index.php\\\/zastosowanie-automatow-sprzedajacych\\\/automaty-vendingowe-w-przestrzeni-publicznej\\\/name-company\\\/\",\"url\":\"https:\\\/\\\/www.kontekst.info\\\/index.php\\\/zastosowanie-automatow-sprzedajacych\\\/automaty-vendingowe-w-przestrzeni-publicznej\\\/name-company\\\/\",\"name\":\"Name company - Kontekst | Zamra\u017carka Selfly Fridge w firmie Blockstore\",\"isPartOf\":{\"@id\":\"https:\\\/\\\/www.kontekst.info\\\/#website\"},\"primaryImageOfPage\":{\"@id\":\"https:\\\/\\\/www.kontekst.info\\\/index.php\\\/zastosowanie-automatow-sprzedajacych\\\/automaty-vendingowe-w-przestrzeni-publicznej\\\/name-company\\\/#primaryimage\"},\"image\":{\"@id\":\"https:\\\/\\\/www.kontekst.info\\\/index.php\\\/zastosowanie-automatow-sprzedajacych\\\/automaty-vendingowe-w-przestrzeni-publicznej\\\/name-company\\\/#primaryimage\"},\"thumbnailUrl\":\"https:\\\/\\\/www.kontekst.info\\\/wp-content\\\/uploads\\\/2024\\\/08\\\/Name-company.jpg\",\"datePublished\":\"2024-08-30T10:36:00+00:00\",\"dateModified\":\"2024-09-05T13:42:58+00:00\",\"description\":\"Zamra\u017carka Selfly Freezer dzi\u0119ki inteligentnym rozwi\u0105zaniom vendingowym oferuje pracownikom lotniska szerok\u0105 gam\u0119 \u015bwie\u017cych mro\u017conych posi\u0142k\u00f3w\",\"breadcrumb\":{\"@id\":\"https:\\\/\\\/www.kontekst.info\\\/index.php\\\/zastosowanie-automatow-sprzedajacych\\\/automaty-vendingowe-w-przestrzeni-publicznej\\\/name-company\\\/#breadcrumb\"},\"inLanguage\":\"pl-PL\",\"potentialAction\":[{\"@type\":\"ReadAction\",\"target\":[\"https:\\\/\\\/www.kontekst.info\\\/index.php\\\/zastosowanie-automatow-sprzedajacych\\\/automaty-vendingowe-w-przestrzeni-publicznej\\\/name-company\\\/\"]}]},{\"@type\":\"ImageObject\",\"inLanguage\":\"pl-PL\",\"@id\":\"https:\\\/\\\/www.kontekst.info\\\/index.php\\\/zastosowanie-automatow-sprzedajacych\\\/automaty-vendingowe-w-przestrzeni-publicznej\\\/name-company\\\/#primaryimage\",\"url\":\"https:\\\/\\\/www.kontekst.info\\\/wp-content\\\/uploads\\\/2024\\\/08\\\/Name-company.jpg\",\"contentUrl\":\"https:\\\/\\\/www.kontekst.info\\\/wp-content\\\/uploads\\\/2024\\\/08\\\/Name-company.jpg\",\"width\":672,\"height\":502},{\"@type\":\"BreadcrumbList\",\"@id\":\"https:\\\/\\\/www.kontekst.info\\\/index.php\\\/zastosowanie-automatow-sprzedajacych\\\/automaty-vendingowe-w-przestrzeni-publicznej\\\/name-company\\\/#breadcrumb\",\"itemListElement\":[{\"@type\":\"ListItem\",\"position\":1,\"name\":\"Strona g\u0142\u00f3wna\",\"item\":\"https:\\\/\\\/www.kontekst.info\\\/\"},{\"@type\":\"ListItem\",\"position\":2,\"name\":\"Zastosowanie automat\u00f3w sprzedaj\u0105cych\",\"item\":\"https:\\\/\\\/www.kontekst.info\\\/index.php\\\/zastosowanie-automatow-sprzedajacych\\\/\"},{\"@type\":\"ListItem\",\"position\":3,\"name\":\"Automaty vendingowe w przestrzeni publicznej\",\"item\":\"https:\\\/\\\/www.kontekst.info\\\/index.php\\\/zastosowanie-automatow-sprzedajacych\\\/automaty-vendingowe-w-przestrzeni-publicznej\\\/\"},{\"@type\":\"ListItem\",\"position\":4,\"name\":\"Name company\"}]},{\"@type\":\"WebSite\",\"@id\":\"https:\\\/\\\/www.kontekst.info\\\/#website\",\"url\":\"https:\\\/\\\/www.kontekst.info\\\/\",\"name\":\"Kontekst\",\"description\":\"Autoryzowany dystrybutor Selflystore w Polsce\",\"publisher\":{\"@id\":\"https:\\\/\\\/www.kontekst.info\\\/#organization\"},\"potentialAction\":[{\"@type\":\"SearchAction\",\"target\":{\"@type\":\"EntryPoint\",\"urlTemplate\":\"https:\\\/\\\/www.kontekst.info\\\/?s={search_term_string}\"},\"query-input\":{\"@type\":\"PropertyValueSpecification\",\"valueRequired\":true,\"valueName\":\"search_term_string\"}}],\"inLanguage\":\"pl-PL\"},{\"@type\":\"Organization\",\"@id\":\"https:\\\/\\\/www.kontekst.info\\\/#organization\",\"name\":\"Kontekst\",\"url\":\"https:\\\/\\\/www.kontekst.info\\\/\",\"logo\":{\"@type\":\"ImageObject\",\"inLanguage\":\"pl-PL\",\"@id\":\"https:\\\/\\\/www.kontekst.info\\\/#\\\/schema\\\/logo\\\/image\\\/\",\"url\":\"https:\\\/\\\/www.kontekst.info\\\/wp-content\\\/uploads\\\/2024\\\/09\\\/Kontekst-logo_Selfly-Store-dark-AD.svg\",\"contentUrl\":\"https:\\\/\\\/www.kontekst.info\\\/wp-content\\\/uploads\\\/2024\\\/09\\\/Kontekst-logo_Selfly-Store-dark-AD.svg\",\"width\":520,\"height\":180,\"caption\":\"Kontekst\"},\"image\":{\"@id\":\"https:\\\/\\\/www.kontekst.info\\\/#\\\/schema\\\/logo\\\/image\\\/\"}}]}<\/script>\n<!-- \/ Yoast SEO plugin. -->","yoast_head_json":{"title":"Name company - Kontekst | Zamra\u017carka Selfly Fridge w firmie Blockstore","description":"Zamra\u017carka Selfly Freezer dzi\u0119ki inteligentnym rozwi\u0105zaniom vendingowym oferuje pracownikom lotniska szerok\u0105 gam\u0119 \u015bwie\u017cych mro\u017conych posi\u0142k\u00f3w","robots":{"index":"index","follow":"follow","max-snippet":"max-snippet:-1","max-image-preview":"max-image-preview:large","max-video-preview":"max-video-preview:-1"},"canonical":"https:\/\/www.kontekst.info\/index.php\/zastosowanie-automatow-sprzedajacych\/automaty-vendingowe-w-przestrzeni-publicznej\/name-company\/","og_locale":"pl_PL","og_type":"article","og_title":"Name company - Kontekst | Zamra\u017carka Selfly Fridge w firmie Blockstore","og_description":"Zamra\u017carka Selfly Freezer dzi\u0119ki inteligentnym rozwi\u0105zaniom vendingowym oferuje pracownikom lotniska szerok\u0105 gam\u0119 \u015bwie\u017cych mro\u017conych posi\u0142k\u00f3w","og_url":"https:\/\/www.kontekst.info\/index.php\/zastosowanie-automatow-sprzedajacych\/automaty-vendingowe-w-przestrzeni-publicznej\/name-company\/","og_site_name":"Kontekst","article_modified_time":"2024-09-05T13:42:58+00:00","og_image":[{"width":672,"height":502,"url":"https:\/\/www.kontekst.info\/wp-content\/uploads\/2024\/08\/Name-company.jpg","type":"image\/jpeg"}],"twitter_card":"summary_large_image","twitter_misc":{"Szacowany czas czytania":"2 minuty"},"schema":{"@context":"https:\/\/schema.org","@graph":[{"@type":"WebPage","@id":"https:\/\/www.kontekst.info\/index.php\/zastosowanie-automatow-sprzedajacych\/automaty-vendingowe-w-przestrzeni-publicznej\/name-company\/","url":"https:\/\/www.kontekst.info\/index.php\/zastosowanie-automatow-sprzedajacych\/automaty-vendingowe-w-przestrzeni-publicznej\/name-company\/","name":"Name company - Kontekst | Zamra\u017carka Selfly Fridge w firmie Blockstore","isPartOf":{"@id":"https:\/\/www.kontekst.info\/#website"},"primaryImageOfPage":{"@id":"https:\/\/www.kontekst.info\/index.php\/zastosowanie-automatow-sprzedajacych\/automaty-vendingowe-w-przestrzeni-publicznej\/name-company\/#primaryimage"},"image":{"@id":"https:\/\/www.kontekst.info\/index.php\/zastosowanie-automatow-sprzedajacych\/automaty-vendingowe-w-przestrzeni-publicznej\/name-company\/#primaryimage"},"thumbnailUrl":"https:\/\/www.kontekst.info\/wp-content\/uploads\/2024\/08\/Name-company.jpg","datePublished":"2024-08-30T10:36:00+00:00","dateModified":"2024-09-05T13:42:58+00:00","description":"Zamra\u017carka Selfly Freezer dzi\u0119ki inteligentnym rozwi\u0105zaniom vendingowym oferuje pracownikom lotniska szerok\u0105 gam\u0119 \u015bwie\u017cych mro\u017conych posi\u0142k\u00f3w","breadcrumb":{"@id":"https:\/\/www.kontekst.info\/index.php\/zastosowanie-automatow-sprzedajacych\/automaty-vendingowe-w-przestrzeni-publicznej\/name-company\/#breadcrumb"},"inLanguage":"pl-PL","potentialAction":[{"@type":"ReadAction","target":["https:\/\/www.kontekst.info\/index.php\/zastosowanie-automatow-sprzedajacych\/automaty-vendingowe-w-przestrzeni-publicznej\/name-company\/"]}]},{"@type":"ImageObject","inLanguage":"pl-PL","@id":"https:\/\/www.kontekst.info\/index.php\/zastosowanie-automatow-sprzedajacych\/automaty-vendingowe-w-przestrzeni-publicznej\/name-company\/#primaryimage","url":"https:\/\/www.kontekst.info\/wp-content\/uploads\/2024\/08\/Name-company.jpg","contentUrl":"https:\/\/www.kontekst.info\/wp-content\/uploads\/2024\/08\/Name-company.jpg","width":672,"height":502},{"@type":"BreadcrumbList","@id":"https:\/\/www.kontekst.info\/index.php\/zastosowanie-automatow-sprzedajacych\/automaty-vendingowe-w-przestrzeni-publicznej\/name-company\/#breadcrumb","itemListElement":[{"@type":"ListItem","position":1,"name":"Strona g\u0142\u00f3wna","item":"https:\/\/www.kontekst.info\/"},{"@type":"ListItem","position":2,"name":"Zastosowanie automat\u00f3w sprzedaj\u0105cych","item":"https:\/\/www.kontekst.info\/index.php\/zastosowanie-automatow-sprzedajacych\/"},{"@type":"ListItem","position":3,"name":"Automaty vendingowe w przestrzeni publicznej","item":"https:\/\/www.kontekst.info\/index.php\/zastosowanie-automatow-sprzedajacych\/automaty-vendingowe-w-przestrzeni-publicznej\/"},{"@type":"ListItem","position":4,"name":"Name company"}]},{"@type":"WebSite","@id":"https:\/\/www.kontekst.info\/#website","url":"https:\/\/www.kontekst.info\/","name":"Kontekst","description":"Autoryzowany dystrybutor Selflystore w Polsce","publisher":{"@id":"https:\/\/www.kontekst.info\/#organization"},"potentialAction":[{"@type":"SearchAction","target":{"@type":"EntryPoint","urlTemplate":"https:\/\/www.kontekst.info\/?s={search_term_string}"},"query-input":{"@type":"PropertyValueSpecification","valueRequired":true,"valueName":"search_term_string"}}],"inLanguage":"pl-PL"},{"@type":"Organization","@id":"https:\/\/www.kontekst.info\/#organization","name":"Kontekst","url":"https:\/\/www.kontekst.info\/","logo":{"@type":"ImageObject","inLanguage":"pl-PL","@id":"https:\/\/www.kontekst.info\/#\/schema\/logo\/image\/","url":"https:\/\/www.kontekst.info\/wp-content\/uploads\/2024\/09\/Kontekst-logo_Selfly-Store-dark-AD.svg","contentUrl":"https:\/\/www.kontekst.info\/wp-content\/uploads\/2024\/09\/Kontekst-logo_Selfly-Store-dark-AD.svg","width":520,"height":180,"caption":"Kontekst"},"image":{"@id":"https:\/\/www.kontekst.info\/#\/schema\/logo\/image\/"}}]}},"_links":{"self":[{"href":"https:\/\/www.kontekst.info\/index.php\/wp-json\/wp\/v2\/pages\/10111","targetHints":{"allow":["GET"]}}],"collection":[{"href":"https:\/\/www.kontekst.info\/index.php\/wp-json\/wp\/v2\/pages"}],"about":[{"href":"https:\/\/www.kontekst.info\/index.php\/wp-json\/wp\/v2\/types\/page"}],"author":[{"embeddable":true,"href":"https:\/\/www.kontekst.info\/index.php\/wp-json\/wp\/v2\/users\/2"}],"replies":[{"embeddable":true,"href":"https:\/\/www.kontekst.info\/index.php\/wp-json\/wp\/v2\/comments?post=10111"}],"version-history":[{"count":3,"href":"https:\/\/www.kontekst.info\/index.php\/wp-json\/wp\/v2\/pages\/10111\/revisions"}],"predecessor-version":[{"id":10668,"href":"https:\/\/www.kontekst.info\/index.php\/wp-json\/wp\/v2\/pages\/10111\/revisions\/10668"}],"up":[{"embeddable":true,"href":"https:\/\/www.kontekst.info\/index.php\/wp-json\/wp\/v2\/pages\/10579"}],"wp:featuredmedia":[{"embeddable":true,"href":"https:\/\/www.kontekst.info\/index.php\/wp-json\/wp\/v2\/media\/10112"}],"wp:attachment":[{"href":"https:\/\/www.kontekst.info\/index.php\/wp-json\/wp\/v2\/media?parent=10111"}],"curies":[{"name":"wp","href":"https:\/\/api.w.org\/{rel}","templated":true}]}}