{"id":10385,"date":"2024-08-31T14:30:27","date_gmt":"2024-08-31T12:30:27","guid":{"rendered":"https:\/\/www.kontekst.info\/?page_id=10385"},"modified":"2024-10-18T16:13:46","modified_gmt":"2024-10-18T14:13:46","slug":"twoj-sukces-w-vendingu","status":"publish","type":"page","link":"https:\/\/www.kontekst.info\/index.php\/twoj-sukces-w-vendingu\/","title":{"rendered":"Tw\u00f3j sukces w vendingu"},"content":{"rendered":"<div class=\"wpb-content-wrapper\"><p>[vc_row full_width=&#8221;stretch_row&#8221; css=&#8221;.vc_custom_1725107655282{padding-top: 50px !important;background-color: #ffffff !important;}&#8221; woodmart_css_id=&#8221;66d30dc3a1ee6&#8243; responsive_spacing=&#8221;eyJwYXJhbV90eXBlIjoid29vZG1hcnRfcmVzcG9uc2l2ZV9zcGFjaW5nIiwic2VsZWN0b3JfaWQiOiI2NmQzMGRjM2ExZWU2Iiwic2hvcnRjb2RlIjoidmNfcm93IiwiZGF0YSI6eyJ0YWJsZXQiOnsibWFyZ2luLWJvdHRvbSI6IjcwcHgifSwibW9iaWxlIjp7Im1hcmdpbi1ib3R0b20iOiI1MHB4In19fQ==&#8221; mobile_bg_img_hidden=&#8221;no&#8221; tablet_bg_img_hidden=&#8221;no&#8221; woodmart_parallax=&#8221;0&#8243; woodmart_gradient_switch=&#8221;no&#8221; row_reverse_mobile=&#8221;0&#8243; row_reverse_tablet=&#8221;0&#8243; woodmart_disable_overflow=&#8221;0&#8243; woodmart_box_shadow=&#8221;no&#8221; wd_z_index=&#8221;no&#8221;][vc_column css=&#8221;.vc_custom_1500719067312{padding-top: 0px !important;}&#8221;]\n\t\t<div id=\"wd-66d30bdbd4139\" class=\"title-wrapper wd-wpb wd-set-mb reset-last-child  wd-rs-66d30bdbd4139 wd-title-color-default wd-title-style-simple text-center h4 vc_custom_1725107183194 wd-width-enabled wd-underline-colored\" style=\"--wd-max-width: 70%;\">\n\t\t\t\n\t\t\t<div class=\"liner-continer\">\n\t\t\t\t<h2 class=\"woodmart-title-container title  wd-font-weight-600 wd-fontsize-xl\" ><strong><u>Naszym celem jest <\/u><\/strong>sukces naszych klient\u00f3w<\/h2>\n\t\t\t\t\t\t\t<\/div>\n\t\t\t\n\t\t\t\n\t\t\t\n\t\t<\/div>\n\t\t\n\t\t\t\t<div id=\"wd-66d30fd3c5db3\" class=\"wd-text-block wd-wpb reset-last-child wd-rs-66d30fd3c5db3 text-center wd-width-enabled wd-fontsize-custom \" style=\"--wd-max-width: 80%;\">\n\t\t\t<p style=\"text-align: justify;\">Oferujemy wszechstronne wsparcie, od szkolenia poprzez analizy bazy danych, opiekuna klienta oraz dost\u0119p do spo\u0142eczno\u015bci Selfly Store.<\/p>\n\t\t<\/div>\n\t\t[\/vc_column][\/vc_row][vc_row full_width=&#8221;stretch_row&#8221; woodmart_css_id=&#8221;66d30ef7b2ccb&#8221; responsive_spacing=&#8221;eyJwYXJhbV90eXBlIjoid29vZG1hcnRfcmVzcG9uc2l2ZV9zcGFjaW5nIiwic2VsZWN0b3JfaWQiOiI2NmQzMGVmN2IyY2NiIiwic2hvcnRjb2RlIjoidmNfcm93IiwiZGF0YSI6eyJ0YWJsZXQiOnt9LCJtb2JpbGUiOnt9fX0=&#8221; mobile_bg_img_hidden=&#8221;no&#8221; tablet_bg_img_hidden=&#8221;no&#8221; woodmart_parallax=&#8221;0&#8243; woodmart_gradient_switch=&#8221;no&#8221; woodmart_box_shadow=&#8221;no&#8221; wd_z_index=&#8221;no&#8221; woodmart_disable_overflow=&#8221;0&#8243; row_reverse_mobile=&#8221;0&#8243; row_reverse_tablet=&#8221;0&#8243; css=&#8221;.vc_custom_1725107963802{padding-bottom: 25px !important;background-color: #FFFFFF !important;}&#8221;][vc_column width=&#8221;1\/4&#8243; woodmart_css_id=&#8221;66d1ddd919a6e&#8221; parallax_scroll=&#8221;no&#8221; woodmart_sticky_column=&#8221;false&#8221; wd_collapsible_content_switcher=&#8221;no&#8221; wd_column_role_offcanvas_desktop=&#8221;no&#8221; wd_column_role_offcanvas_tablet=&#8221;no&#8221; wd_column_role_offcanvas_mobile=&#8221;no&#8221; wd_column_role_content_desktop=&#8221;no&#8221; wd_column_role_content_tablet=&#8221;no&#8221; wd_column_role_content_mobile=&#8221;no&#8221; mobile_bg_img_hidden=&#8221;no&#8221; tablet_bg_img_hidden=&#8221;no&#8221; woodmart_parallax=&#8221;0&#8243; woodmart_box_shadow=&#8221;no&#8221; responsive_spacing=&#8221;eyJwYXJhbV90eXBlIjoid29vZG1hcnRfcmVzcG9uc2l2ZV9zcGFjaW5nIiwic2VsZWN0b3JfaWQiOiI2NmQxZGRkOTE5YTZlIiwic2hvcnRjb2RlIjoidmNfY29sdW1uIiwiZGF0YSI6eyJ0YWJsZXQiOnt9LCJtb2JpbGUiOnt9fX0=&#8221; mobile_reset_margin=&#8221;no&#8221; tablet_reset_margin=&#8221;no&#8221; wd_z_index=&#8221;no&#8221; css=&#8221;.vc_custom_1725029851222{padding-right: 10% !important;padding-left: 10% !important;}&#8221;][vc_icon icon_fontawesome=&#8221;fas fa-chalkboard-teacher&#8221; color=&#8221;custom&#8221; css=&#8221;.vc_custom_1725107994631{margin-bottom: -5px !important;}&#8221; custom_color=&#8221;#FB6D01&#8243;]\n\t\t<div id=\"wd-66d30e5a8351d\" class=\"title-wrapper wd-wpb wd-set-mb reset-last-child  wd-rs-66d30e5a8351d wd-title-color-primary wd-title-style-simple text-left h4  wd-underline-colored\">\n\t\t\t\n\t\t\t<div class=\"liner-continer\">\n\t\t\t\t<h3 class=\"woodmart-title-container title  wd-font-weight- wd-fontsize-m\" ><strong><u>Szkolenia <\/u><\/strong>i wdra\u017canie<\/h3>\n\t\t\t\t\t\t\t<\/div>\n\t\t\t\n\t\t\t\n\t\t\t\n\t\t<\/div>\n\t\t\n\t\t[vc_column_text css=&#8221;&#8221; woodmart_inline=&#8221;no&#8221; text_larger=&#8221;no&#8221;]Dbamy o to by ka\u017cdy klient zosta\u0142 profesjonalnie przeszkolony z obs\u0142ugi <a href=\"\/index.php\/automaty-vendingowe\/\"><strong>automat\u00f3w Selfly Store,<\/strong><\/a> kodowania produkt\u00f3w i wykorzystywania danych, do kt\u00f3rych ma dost\u0119p.[\/vc_column_text][\/vc_column][vc_column width=&#8221;1\/4&#8243; css=&#8221;.vc_custom_1685615825186{padding-right: 10% !important;padding-left: 10% !important;}&#8221; woodmart_css_id=&#8221;647874c5041d3&#8243; parallax_scroll=&#8221;no&#8221; woodmart_sticky_column=&#8221;false&#8221; wd_collapsible_content_switcher=&#8221;no&#8221; wd_column_role_offcanvas_desktop=&#8221;no&#8221; wd_column_role_offcanvas_tablet=&#8221;no&#8221; wd_column_role_offcanvas_mobile=&#8221;no&#8221; wd_column_role_content_desktop=&#8221;no&#8221; wd_column_role_content_tablet=&#8221;no&#8221; wd_column_role_content_mobile=&#8221;no&#8221; mobile_bg_img_hidden=&#8221;no&#8221; tablet_bg_img_hidden=&#8221;no&#8221; woodmart_parallax=&#8221;0&#8243; woodmart_box_shadow=&#8221;no&#8221; responsive_spacing=&#8221;eyJwYXJhbV90eXBlIjoid29vZG1hcnRfcmVzcG9uc2l2ZV9zcGFjaW5nIiwic2VsZWN0b3JfaWQiOiI2NDc4NzRjNTA0MWQzIiwic2hvcnRjb2RlIjoidmNfY29sdW1uIiwiZGF0YSI6eyJ0YWJsZXQiOnt9LCJtb2JpbGUiOnt9fX0=&#8221; mobile_reset_margin=&#8221;no&#8221; tablet_reset_margin=&#8221;no&#8221; wd_z_index=&#8221;no&#8221;][vc_icon icon_fontawesome=&#8221;fas fa-lightbulb&#8221; color=&#8221;custom&#8221; css=&#8221;.vc_custom_1725108018717{margin-bottom: -5px !important;}&#8221; custom_color=&#8221;#FB6D01&#8243;]\n\t\t<div id=\"wd-66d30e998df09\" class=\"title-wrapper wd-wpb wd-set-mb reset-last-child  wd-rs-66d30e998df09 wd-title-color-primary wd-title-style-simple text-left h4  wd-underline-colored\">\n\t\t\t\n\t\t\t<div class=\"liner-continer\">\n\t\t\t\t<h3 class=\"woodmart-title-container title  wd-font-weight- wd-fontsize-m\" ><strong><u>Dane <\/u><\/strong>Selfly Insights<\/h3>\n\t\t\t\t\t\t\t<\/div>\n\t\t\t\n\t\t\t\n\t\t\t\n\t\t<\/div>\n\t\t\n\t\t[vc_column_text css=&#8221;&#8221; woodmart_inline=&#8221;no&#8221; text_larger=&#8221;no&#8221;]Dostarczamy wskaz\u00f3wki oparte na naszej wiedzy wynik\u0142ej z analizy danych z setek automat\u00f3w oraz rozm\u00f3w z innymi naszymi klientami. Selfly Insights czyli wskaz\u00f3wki oparte na danych.[\/vc_column_text][\/vc_column][vc_column width=&#8221;1\/4&#8243; css=&#8221;.vc_custom_1685622281304{padding-right: 10% !important;padding-left: 10% !important;}&#8221; woodmart_css_id=&#8221;64788e062ee80&#8243; parallax_scroll=&#8221;no&#8221; woodmart_sticky_column=&#8221;false&#8221; wd_collapsible_content_switcher=&#8221;no&#8221; wd_column_role_offcanvas_desktop=&#8221;no&#8221; wd_column_role_offcanvas_tablet=&#8221;no&#8221; wd_column_role_offcanvas_mobile=&#8221;no&#8221; wd_column_role_content_desktop=&#8221;no&#8221; wd_column_role_content_tablet=&#8221;no&#8221; wd_column_role_content_mobile=&#8221;no&#8221; mobile_bg_img_hidden=&#8221;no&#8221; tablet_bg_img_hidden=&#8221;no&#8221; woodmart_parallax=&#8221;0&#8243; woodmart_box_shadow=&#8221;no&#8221; responsive_spacing=&#8221;eyJwYXJhbV90eXBlIjoid29vZG1hcnRfcmVzcG9uc2l2ZV9zcGFjaW5nIiwic2VsZWN0b3JfaWQiOiI2NDc4OGUwNjJlZTgwIiwic2hvcnRjb2RlIjoidmNfY29sdW1uIiwiZGF0YSI6eyJ0YWJsZXQiOnt9LCJtb2JpbGUiOnt9fX0=&#8221; mobile_reset_margin=&#8221;no&#8221; tablet_reset_margin=&#8221;no&#8221; wd_z_index=&#8221;no&#8221;][vc_icon icon_fontawesome=&#8221;fas fa-users-cog&#8221; color=&#8221;custom&#8221; css=&#8221;.vc_custom_1725108086311{margin-bottom: -5px !important;}&#8221; custom_color=&#8221;#FB6D01&#8243;]\n\t\t<div id=\"wd-66d30e6606139\" class=\"title-wrapper wd-wpb wd-set-mb reset-last-child  wd-rs-66d30e6606139 wd-title-color-primary wd-title-style-simple text-left h4  wd-underline-colored\">\n\t\t\t\n\t\t\t<div class=\"liner-continer\">\n\t\t\t\t<h3 class=\"woodmart-title-container title  wd-font-weight- wd-fontsize-l\" ><strong><u>Opiekun <\/u><\/strong> klienta<\/h3>\n\t\t\t\t\t\t\t<\/div>\n\t\t\t\n\t\t\t\n\t\t\t\n\t\t<\/div>\n\t\t\n\t\t[vc_column_text css=&#8221;&#8221; woodmart_inline=&#8221;no&#8221; text_larger=&#8221;no&#8221;]Ka\u017cdy z naszych klient\u00f3w ma przydzielonego opiekuna, kt\u00f3ry odpowiada na pytania i s\u0142u\u017cy pomoc\u0105 w rozwi\u0105zaniu wszelkich problem\u00f3w zwi\u0105zanych z zakupionymi od nas automatami.[\/vc_column_text][\/vc_column][vc_column width=&#8221;1\/4&#8243;][vc_icon icon_fontawesome=&#8221;fas fa-users&#8221; color=&#8221;custom&#8221; css=&#8221;.vc_custom_1725108107581{margin-bottom: -5px !important;}&#8221; custom_color=&#8221;#FB6D01&#8243;]\n\t\t<div id=\"wd-66d30e718e2d8\" class=\"title-wrapper wd-wpb wd-set-mb reset-last-child  wd-rs-66d30e718e2d8 wd-title-color-primary wd-title-style-simple text-left h4  wd-underline-colored\">\n\t\t\t\n\t\t\t<div class=\"liner-continer\">\n\t\t\t\t<h3 class=\"woodmart-title-container title  wd-font-weight- wd-fontsize-l\" ><strong><u>Spo\u0142eczno\u015b\u0107 <\/u><\/strong>Selfly Store<\/h3>\n\t\t\t\t\t\t\t<\/div>\n\t\t\t\n\t\t\t\n\t\t\t\n\t\t<\/div>\n\t\t\n\t\t[vc_column_text css=&#8221;&#8221; woodmart_inline=&#8221;no&#8221; text_larger=&#8221;no&#8221;]Wszyscy klienci maj\u0105 dost\u0119p do naszej spo\u0142eczno\u015bci Selfly Store. Mog\u0105 korzysta\u0107 ze zgromadzonych tam dokument\u00f3w: zdj\u0119\u0107, instrukcji, folder\u00f3w i innych dokument\u00f3w, a tak\u017ce dzieli\u0107 si\u0119 swoj\u0105 wiedz\u0105 i uwagami.[\/vc_column_text][\/vc_column][\/vc_row]<\/p>\n<\/div>","protected":false},"excerpt":{"rendered":"<p>[vc_row full_width=&#8221;stretch_row&#8221; css=&#8221;.vc_custom_1725107655282{padding-top: 50px !important;background-color: #ffffff !important;}&#8221; woodmart_css_id=&#8221;66d30dc3a1ee6&#8243; responsive_spacing=&#8221;eyJwYXJhbV90eXBlIjoid29vZG1hcnRfcmVzcG9uc2l2ZV9zcGFjaW5nIiwic2VsZWN0b3JfaWQiOiI2NmQzMGRjM2ExZWU2Iiwic2hvcnRjb2RlIjoidmNfcm93IiwiZGF0YSI6eyJ0YWJsZXQiOnsibWFyZ2luLWJvdHRvbSI6IjcwcHgifSwibW9iaWxlIjp7Im1hcmdpbi1ib3R0b20iOiI1MHB4In19fQ==&#8221; mobile_bg_img_hidden=&#8221;no&#8221; tablet_bg_img_hidden=&#8221;no&#8221; woodmart_parallax=&#8221;0&#8243; woodmart_gradient_switch=&#8221;no&#8221; row_reverse_mobile=&#8221;0&#8243; row_reverse_tablet=&#8221;0&#8243; woodmart_disable_overflow=&#8221;0&#8243; woodmart_box_shadow=&#8221;no&#8221; wd_z_index=&#8221;no&#8221;][vc_column css=&#8221;.vc_custom_1500719067312{padding-top: 0px<\/p>\n","protected":false},"author":2,"featured_media":0,"parent":0,"menu_order":2,"comment_status":"closed","ping_status":"closed","template":"","meta":{"footnotes":""},"class_list":["post-10385","page","type-page","status-publish","hentry"],"yoast_head":"<!-- This site is optimized with the Yoast SEO plugin v27.3 - https:\/\/yoast.com\/product\/yoast-seo-wordpress\/ -->\n<title>Tw\u00f3j sukces w vendingu - Kontekst<\/title>\n<meta name=\"description\" content=\"Oferujemy wszechstronne wsparcie, od szkolenia poprzez analizy bazy danych, opiekuna klienta oraz dost\u0119p do spo\u0142eczno\u015bci Selfly Store. Zobacz\" \/>\n<meta name=\"robots\" content=\"index, follow, max-snippet:-1, max-image-preview:large, max-video-preview:-1\" \/>\n<link rel=\"canonical\" href=\"https:\/\/www.kontekst.info\/index.php\/twoj-sukces-w-vendingu\/\" \/>\n<meta property=\"og:locale\" content=\"pl_PL\" \/>\n<meta property=\"og:type\" content=\"article\" \/>\n<meta property=\"og:title\" content=\"Tw\u00f3j sukces w vendingu - Kontekst\" \/>\n<meta property=\"og:description\" content=\"Oferujemy wszechstronne wsparcie, od szkolenia poprzez analizy bazy danych, opiekuna klienta oraz dost\u0119p do spo\u0142eczno\u015bci Selfly Store. Zobacz\" \/>\n<meta property=\"og:url\" content=\"https:\/\/www.kontekst.info\/index.php\/twoj-sukces-w-vendingu\/\" \/>\n<meta property=\"og:site_name\" content=\"Kontekst\" \/>\n<meta property=\"article:modified_time\" content=\"2024-10-18T14:13:46+00:00\" \/>\n<meta property=\"og:image\" content=\"https:\/\/www.kontekst.info\/wp-content\/uploads\/2024\/07\/kontekst-zaslepka.jpg\" \/>\n\t<meta property=\"og:image:width\" content=\"1447\" \/>\n\t<meta property=\"og:image:height\" content=\"1258\" \/>\n\t<meta property=\"og:image:type\" content=\"image\/jpeg\" \/>\n<meta name=\"twitter:card\" content=\"summary_large_image\" \/>\n<meta name=\"twitter:label1\" content=\"Szacowany czas czytania\" \/>\n\t<meta name=\"twitter:data1\" content=\"3 minuty\" \/>\n<script type=\"application\/ld+json\" class=\"yoast-schema-graph\">{\"@context\":\"https:\\\/\\\/schema.org\",\"@graph\":[{\"@type\":\"WebPage\",\"@id\":\"https:\\\/\\\/www.kontekst.info\\\/index.php\\\/twoj-sukces-w-vendingu\\\/\",\"url\":\"https:\\\/\\\/www.kontekst.info\\\/index.php\\\/twoj-sukces-w-vendingu\\\/\",\"name\":\"Tw\u00f3j sukces w vendingu - Kontekst\",\"isPartOf\":{\"@id\":\"https:\\\/\\\/www.kontekst.info\\\/#website\"},\"datePublished\":\"2024-08-31T12:30:27+00:00\",\"dateModified\":\"2024-10-18T14:13:46+00:00\",\"description\":\"Oferujemy wszechstronne wsparcie, od szkolenia poprzez analizy bazy danych, opiekuna klienta oraz dost\u0119p do spo\u0142eczno\u015bci Selfly Store. Zobacz\",\"breadcrumb\":{\"@id\":\"https:\\\/\\\/www.kontekst.info\\\/index.php\\\/twoj-sukces-w-vendingu\\\/#breadcrumb\"},\"inLanguage\":\"pl-PL\",\"potentialAction\":[{\"@type\":\"ReadAction\",\"target\":[\"https:\\\/\\\/www.kontekst.info\\\/index.php\\\/twoj-sukces-w-vendingu\\\/\"]}]},{\"@type\":\"BreadcrumbList\",\"@id\":\"https:\\\/\\\/www.kontekst.info\\\/index.php\\\/twoj-sukces-w-vendingu\\\/#breadcrumb\",\"itemListElement\":[{\"@type\":\"ListItem\",\"position\":1,\"name\":\"Strona g\u0142\u00f3wna\",\"item\":\"https:\\\/\\\/www.kontekst.info\\\/\"},{\"@type\":\"ListItem\",\"position\":2,\"name\":\"Tw\u00f3j sukces w vendingu\"}]},{\"@type\":\"WebSite\",\"@id\":\"https:\\\/\\\/www.kontekst.info\\\/#website\",\"url\":\"https:\\\/\\\/www.kontekst.info\\\/\",\"name\":\"Kontekst\",\"description\":\"Autoryzowany dystrybutor Selflystore w Polsce\",\"publisher\":{\"@id\":\"https:\\\/\\\/www.kontekst.info\\\/#organization\"},\"potentialAction\":[{\"@type\":\"SearchAction\",\"target\":{\"@type\":\"EntryPoint\",\"urlTemplate\":\"https:\\\/\\\/www.kontekst.info\\\/?s={search_term_string}\"},\"query-input\":{\"@type\":\"PropertyValueSpecification\",\"valueRequired\":true,\"valueName\":\"search_term_string\"}}],\"inLanguage\":\"pl-PL\"},{\"@type\":\"Organization\",\"@id\":\"https:\\\/\\\/www.kontekst.info\\\/#organization\",\"name\":\"Kontekst\",\"url\":\"https:\\\/\\\/www.kontekst.info\\\/\",\"logo\":{\"@type\":\"ImageObject\",\"inLanguage\":\"pl-PL\",\"@id\":\"https:\\\/\\\/www.kontekst.info\\\/#\\\/schema\\\/logo\\\/image\\\/\",\"url\":\"https:\\\/\\\/www.kontekst.info\\\/wp-content\\\/uploads\\\/2024\\\/09\\\/Kontekst-logo_Selfly-Store-dark-AD.svg\",\"contentUrl\":\"https:\\\/\\\/www.kontekst.info\\\/wp-content\\\/uploads\\\/2024\\\/09\\\/Kontekst-logo_Selfly-Store-dark-AD.svg\",\"width\":520,\"height\":180,\"caption\":\"Kontekst\"},\"image\":{\"@id\":\"https:\\\/\\\/www.kontekst.info\\\/#\\\/schema\\\/logo\\\/image\\\/\"}}]}<\/script>\n<!-- \/ Yoast SEO plugin. -->","yoast_head_json":{"title":"Tw\u00f3j sukces w vendingu - Kontekst","description":"Oferujemy wszechstronne wsparcie, od szkolenia poprzez analizy bazy danych, opiekuna klienta oraz dost\u0119p do spo\u0142eczno\u015bci Selfly Store. Zobacz","robots":{"index":"index","follow":"follow","max-snippet":"max-snippet:-1","max-image-preview":"max-image-preview:large","max-video-preview":"max-video-preview:-1"},"canonical":"https:\/\/www.kontekst.info\/index.php\/twoj-sukces-w-vendingu\/","og_locale":"pl_PL","og_type":"article","og_title":"Tw\u00f3j sukces w vendingu - Kontekst","og_description":"Oferujemy wszechstronne wsparcie, od szkolenia poprzez analizy bazy danych, opiekuna klienta oraz dost\u0119p do spo\u0142eczno\u015bci Selfly Store. Zobacz","og_url":"https:\/\/www.kontekst.info\/index.php\/twoj-sukces-w-vendingu\/","og_site_name":"Kontekst","article_modified_time":"2024-10-18T14:13:46+00:00","og_image":[{"width":1447,"height":1258,"url":"https:\/\/www.kontekst.info\/wp-content\/uploads\/2024\/07\/kontekst-zaslepka.jpg","type":"image\/jpeg"}],"twitter_card":"summary_large_image","twitter_misc":{"Szacowany czas czytania":"3 minuty"},"schema":{"@context":"https:\/\/schema.org","@graph":[{"@type":"WebPage","@id":"https:\/\/www.kontekst.info\/index.php\/twoj-sukces-w-vendingu\/","url":"https:\/\/www.kontekst.info\/index.php\/twoj-sukces-w-vendingu\/","name":"Tw\u00f3j sukces w vendingu - Kontekst","isPartOf":{"@id":"https:\/\/www.kontekst.info\/#website"},"datePublished":"2024-08-31T12:30:27+00:00","dateModified":"2024-10-18T14:13:46+00:00","description":"Oferujemy wszechstronne wsparcie, od szkolenia poprzez analizy bazy danych, opiekuna klienta oraz dost\u0119p do spo\u0142eczno\u015bci Selfly Store. Zobacz","breadcrumb":{"@id":"https:\/\/www.kontekst.info\/index.php\/twoj-sukces-w-vendingu\/#breadcrumb"},"inLanguage":"pl-PL","potentialAction":[{"@type":"ReadAction","target":["https:\/\/www.kontekst.info\/index.php\/twoj-sukces-w-vendingu\/"]}]},{"@type":"BreadcrumbList","@id":"https:\/\/www.kontekst.info\/index.php\/twoj-sukces-w-vendingu\/#breadcrumb","itemListElement":[{"@type":"ListItem","position":1,"name":"Strona g\u0142\u00f3wna","item":"https:\/\/www.kontekst.info\/"},{"@type":"ListItem","position":2,"name":"Tw\u00f3j sukces w vendingu"}]},{"@type":"WebSite","@id":"https:\/\/www.kontekst.info\/#website","url":"https:\/\/www.kontekst.info\/","name":"Kontekst","description":"Autoryzowany dystrybutor Selflystore w Polsce","publisher":{"@id":"https:\/\/www.kontekst.info\/#organization"},"potentialAction":[{"@type":"SearchAction","target":{"@type":"EntryPoint","urlTemplate":"https:\/\/www.kontekst.info\/?s={search_term_string}"},"query-input":{"@type":"PropertyValueSpecification","valueRequired":true,"valueName":"search_term_string"}}],"inLanguage":"pl-PL"},{"@type":"Organization","@id":"https:\/\/www.kontekst.info\/#organization","name":"Kontekst","url":"https:\/\/www.kontekst.info\/","logo":{"@type":"ImageObject","inLanguage":"pl-PL","@id":"https:\/\/www.kontekst.info\/#\/schema\/logo\/image\/","url":"https:\/\/www.kontekst.info\/wp-content\/uploads\/2024\/09\/Kontekst-logo_Selfly-Store-dark-AD.svg","contentUrl":"https:\/\/www.kontekst.info\/wp-content\/uploads\/2024\/09\/Kontekst-logo_Selfly-Store-dark-AD.svg","width":520,"height":180,"caption":"Kontekst"},"image":{"@id":"https:\/\/www.kontekst.info\/#\/schema\/logo\/image\/"}}]}},"_links":{"self":[{"href":"https:\/\/www.kontekst.info\/index.php\/wp-json\/wp\/v2\/pages\/10385","targetHints":{"allow":["GET"]}}],"collection":[{"href":"https:\/\/www.kontekst.info\/index.php\/wp-json\/wp\/v2\/pages"}],"about":[{"href":"https:\/\/www.kontekst.info\/index.php\/wp-json\/wp\/v2\/types\/page"}],"author":[{"embeddable":true,"href":"https:\/\/www.kontekst.info\/index.php\/wp-json\/wp\/v2\/users\/2"}],"replies":[{"embeddable":true,"href":"https:\/\/www.kontekst.info\/index.php\/wp-json\/wp\/v2\/comments?post=10385"}],"version-history":[{"count":18,"href":"https:\/\/www.kontekst.info\/index.php\/wp-json\/wp\/v2\/pages\/10385\/revisions"}],"predecessor-version":[{"id":10740,"href":"https:\/\/www.kontekst.info\/index.php\/wp-json\/wp\/v2\/pages\/10385\/revisions\/10740"}],"wp:attachment":[{"href":"https:\/\/www.kontekst.info\/index.php\/wp-json\/wp\/v2\/media?parent=10385"}],"curies":[{"name":"wp","href":"https:\/\/api.w.org\/{rel}","templated":true}]}}