{"id":10405,"date":"2024-08-31T16:08:15","date_gmt":"2024-08-31T14:08:15","guid":{"rendered":"https:\/\/www.kontekst.info\/?page_id=10405"},"modified":"2024-10-18T16:14:57","modified_gmt":"2024-10-18T14:14:57","slug":"dane-vendingowe-selfly-insights","status":"publish","type":"page","link":"https:\/\/www.kontekst.info\/index.php\/dane-vendingowe-selfly-insights\/","title":{"rendered":"Dane vendingowe Selfly Insights"},"content":{"rendered":"<div class=\"wpb-content-wrapper\"><p>[vc_row full_width=&#8221;stretch_row&#8221; css=&#8221;.vc_custom_1725114259952{padding-top: 30px !important;padding-bottom: 30px !important;background-color: #ffffff !important;}&#8221; woodmart_css_id=&#8221;66d3278b73b09&#8243; responsive_spacing=&#8221;eyJwYXJhbV90eXBlIjoid29vZG1hcnRfcmVzcG9uc2l2ZV9zcGFjaW5nIiwic2VsZWN0b3JfaWQiOiI2NmQzMjc4YjczYjA5Iiwic2hvcnRjb2RlIjoidmNfcm93IiwiZGF0YSI6eyJ0YWJsZXQiOnsibWFyZ2luLWJvdHRvbSI6IjcwcHgifSwibW9iaWxlIjp7Im1hcmdpbi1ib3R0b20iOiI1MHB4In19fQ==&#8221; mobile_bg_img_hidden=&#8221;no&#8221; tablet_bg_img_hidden=&#8221;no&#8221; woodmart_parallax=&#8221;0&#8243; woodmart_gradient_switch=&#8221;no&#8221; row_reverse_mobile=&#8221;0&#8243; row_reverse_tablet=&#8221;0&#8243; woodmart_disable_overflow=&#8221;0&#8243; woodmart_box_shadow=&#8221;no&#8221; wd_z_index=&#8221;no&#8221;][vc_column css=&#8221;.vc_custom_1500719067312{padding-top: 0px !important;}&#8221;]\n\t\t<div id=\"wd-66d323a06a1e6\" class=\"title-wrapper wd-wpb wd-set-mb reset-last-child  wd-rs-66d323a06a1e6 wd-title-color-default wd-title-style-simple text-center h4 vc_custom_1725113274701 wd-width-enabled wd-underline-colored\" style=\"--wd-max-width: 70%;\">\n\t\t\t\n\t\t\t<div class=\"liner-continer\">\n\t\t\t\t<h2 class=\"woodmart-title-container title  wd-font-weight-600 wd-fontsize-xl\" ><strong><u>Czym s\u0105 dane vendingowe <\/u><\/strong>Selfly Insights?<\/h2>\n\t\t\t\t\t\t\t<\/div>\n\t\t\t\n\t\t\t\n\t\t\t\n\t\t<\/div>\n\t\t\n\t\t\t\t<div id=\"wd-67126d3bba7dc\" class=\"wd-text-block wd-wpb reset-last-child wd-rs-67126d3bba7dc text-left wd-fontsize-custom \">\n\t\t\t<p style=\"text-align: justify;\">Selfly Store stoi na czele rewolucji vendingowej, oferuj\u0105c us\u0142ug\u0119 dostarczania wszechstronnych danych vendingowych poprzez Selfly Insights. Us\u0142uga Selfly Insights wykorzystuje moc <a href=\"\/index.php\/selfly-cloud-oprogramowanie-automatu-sprzedajacego\/\"><strong>Selfly Cloud,<\/strong><\/a> aby zapewni\u0107 sprzedawcom przydatne informacje, \u0142\u0105cz\u0105c ich dane operacyjne z obszernymi danymi bran\u017cowymi z europejskiego rynku vendingowego.<\/p>\n\t\t<\/div>\n\t\t[\/vc_column][\/vc_row][vc_row full_width=&#8221;stretch_row&#8221; content_placement=&#8221;middle&#8221; woodmart_bg_position=&#8221;right-top&#8221; css=&#8221;.vc_custom_1725097438854{padding-top: 20px !important;padding-bottom: 20px !important;background-color: #f8f8f8 !important;background-position: 0 0 !important;background-repeat: no-repeat !important;}&#8221; woodmart_css_id=&#8221;66d2e5d81fbe3&#8243; responsive_spacing=&#8221;eyJwYXJhbV90eXBlIjoid29vZG1hcnRfcmVzcG9uc2l2ZV9zcGFjaW5nIiwic2VsZWN0b3JfaWQiOiI2NmQyZTVkODFmYmUzIiwic2hvcnRjb2RlIjoidmNfcm93IiwiZGF0YSI6eyJ0YWJsZXQiOnsicGFkZGluZy10b3AiOiI2MHB4In0sIm1vYmlsZSI6e319fQ==&#8221; mobile_bg_img_hidden=&#8221;no&#8221; tablet_bg_img_hidden=&#8221;no&#8221; woodmart_parallax=&#8221;0&#8243; woodmart_gradient_switch=&#8221;no&#8221; row_reverse_mobile=&#8221;0&#8243; row_reverse_tablet=&#8221;0&#8243; woodmart_disable_overflow=&#8221;0&#8243; woodmart_box_shadow=&#8221;no&#8221; wd_z_index=&#8221;no&#8221;][vc_column woodmart_css_id=&#8221;661019fa6b333&#8243; responsive_spacing=&#8221;eyJwYXJhbV90eXBlIjoid29vZG1hcnRfcmVzcG9uc2l2ZV9zcGFjaW5nIiwic2VsZWN0b3JfaWQiOiI2NjEwMTlmYTZiMzMzIiwic2hvcnRjb2RlIjoidmNfY29sdW1uIiwiZGF0YSI6eyJ0YWJsZXQiOnt9LCJtb2JpbGUiOnt9fX0=&#8221; parallax_scroll=&#8221;no&#8221; mobile_bg_img_hidden=&#8221;no&#8221; tablet_bg_img_hidden=&#8221;no&#8221; woodmart_parallax=&#8221;0&#8243; woodmart_sticky_column=&#8221;false&#8221; mobile_reset_margin=&#8221;no&#8221; tablet_reset_margin=&#8221;no&#8221; wd_collapsible_content_switcher=&#8221;no&#8221; wd_column_role_offcanvas_desktop=&#8221;no&#8221; wd_column_role_offcanvas_tablet=&#8221;no&#8221; wd_column_role_offcanvas_mobile=&#8221;no&#8221; wd_column_role_content_desktop=&#8221;no&#8221; wd_column_role_content_tablet=&#8221;no&#8221; wd_column_role_content_mobile=&#8221;no&#8221; woodmart_box_shadow=&#8221;no&#8221; wd_z_index=&#8221;no&#8221;]\n\t\t<div id=\"wd-66d324325827c\" class=\"title-wrapper wd-wpb wd-set-mb reset-last-child  wd-rs-66d324325827c wd-title-color-default wd-title-style-simple text-center h4 vc_custom_1725113421865 wd-width-enabled wd-underline-colored\" style=\"--wd-max-width: 70%;\">\n\t\t\t\n\t\t\t<div class=\"liner-continer\">\n\t\t\t\t<h2 class=\"woodmart-title-container title  wd-font-weight-600 wd-fontsize-xl\" ><strong><u>Zwi\u0105zek pomi\u0119dzy <\/u><\/strong>Selfly Insights i Selfly Cloud<\/h2>\n\t\t\t\t\t\t\t<\/div>\n\t\t\t\n\t\t\t\n\t\t\t\n\t\t<\/div>\n\t\t\n\t\t[vc_row_inner css=&#8221;.vc_custom_1725097326575{padding-bottom: 20px !important;}&#8221; woodmart_css_id=&#8221;66d2e56772062&#8243; responsive_spacing=&#8221;eyJwYXJhbV90eXBlIjoid29vZG1hcnRfcmVzcG9uc2l2ZV9zcGFjaW5nIiwic2VsZWN0b3JfaWQiOiI2NmQyZTU2NzcyMDYyIiwic2hvcnRjb2RlIjoidmNfcm93X2lubmVyIiwiZGF0YSI6eyJ0YWJsZXQiOnt9LCJtb2JpbGUiOnt9fX0=&#8221; mobile_bg_img_hidden=&#8221;no&#8221; tablet_bg_img_hidden=&#8221;no&#8221; woodmart_parallax=&#8221;0&#8243; woodmart_gradient_switch=&#8221;no&#8221; woodmart_box_shadow=&#8221;no&#8221; wd_z_index=&#8221;no&#8221; woodmart_disable_overflow=&#8221;0&#8243; row_reverse_mobile=&#8221;0&#8243; row_reverse_tablet=&#8221;0&#8243;][vc_column_inner width=&#8221;1\/3&#8243;]\t\t<div id=\"wd-66d326ae9679a\" class=\"wd-image wd-wpb wd-rs-66d326ae9679a text-left \">\n\t\t\t\n\t\t\t<img loading=\"lazy\" decoding=\"async\" width=\"400\" height=\"300\" src=\"https:\/\/www.kontekst.info\/wp-content\/uploads\/2024\/08\/automat-artykuly-400x300.jpg\" class=\"attachment-medium size-medium\" alt=\"\" srcset=\"https:\/\/www.kontekst.info\/wp-content\/uploads\/2024\/08\/automat-artykuly-400x300.jpg 400w, https:\/\/www.kontekst.info\/wp-content\/uploads\/2024\/08\/automat-artykuly-768x576.jpg 768w, https:\/\/www.kontekst.info\/wp-content\/uploads\/2024\/08\/automat-artykuly.jpg 800w\" sizes=\"auto, (max-width: 400px) 100vw, 400px\" \/>\n\t\t\t\t\t<\/div>\n\t\t[\/vc_column_inner][vc_column_inner width=&#8221;2\/3&#8243;]\t\t<div id=\"wd-67126d4566964\" class=\"wd-text-block wd-wpb reset-last-child wd-rs-67126d4566964 text-left wd-fontsize-custom \">\n\t\t\t<p style=\"text-align: justify;\"><a href=\"\/index.php\/selfly-cloud-oprogramowanie-automatu-sprzedajacego\/\"><strong>Selfly Cloud<\/strong><\/a> jest bezpiecznym miejscem przechowywania danych, dzi\u0119ki kt\u00f3remu sprzedawcy mog\u0105 uzyska\u0107 dost\u0119p do w\u0142asnych informacji sprzeda\u017cowych i operacyjnych, nie widz\u0105c danych innych os\u00f3b.<\/p>\n<p style=\"text-align: justify;\">Selfly Insights korzysta z tej obszernej puli danych, por\u00f3wnuj\u0105c wyniki poszczeg\u00f3lnych sprzedawc\u00f3w z danymi z szerszej sieci Selfly, kt\u00f3ra obejmuje ponad 20 kraj\u00f3w. To wyj\u0105tkowe rozwi\u0105zanie zapewnia sprzedawcom dost\u0119p do danych vendingowych, kt\u00f3ra by\u0142a wcze\u015bniej nieosi\u0105galna w bran\u017cy, a dzi\u0119ki temu do osi\u0105gni\u0119cia przewagi konkurencyjnej.<\/p>\n\t\t<\/div>\n\t\t<div id=\"wd-66d325e82c1d8\" class=\" wd-rs-66d325e82c1d8  wd-button-wrapper text-center\"><a href=\"\/selfly-cloud-oprogramowanie-automatu-sprzedajacego\/\" title=\"\" class=\"btn btn-color-primary btn-style-bordered btn-shape-semi-round btn-size-large\">Wi\u0119cej o Selfly Cloud<\/a><\/div>[\/vc_column_inner][\/vc_row_inner][\/vc_column][\/vc_row][vc_row full_width=&#8221;stretch_row&#8221; css=&#8221;.vc_custom_1724669401306{padding-top: 50px !important;padding-bottom: 10px !important;background-color: #ffffff !important;}&#8221; woodmart_css_id=&#8221;66cc5dd01042b&#8221; responsive_spacing=&#8221;eyJwYXJhbV90eXBlIjoid29vZG1hcnRfcmVzcG9uc2l2ZV9zcGFjaW5nIiwic2VsZWN0b3JfaWQiOiI2NmNjNWRkMDEwNDJiIiwic2hvcnRjb2RlIjoidmNfcm93IiwiZGF0YSI6eyJ0YWJsZXQiOnsibWFyZ2luLWJvdHRvbSI6IjcwcHgifSwibW9iaWxlIjp7Im1hcmdpbi1ib3R0b20iOiI1MHB4In19fQ==&#8221; mobile_bg_img_hidden=&#8221;no&#8221; tablet_bg_img_hidden=&#8221;no&#8221; woodmart_parallax=&#8221;0&#8243; woodmart_gradient_switch=&#8221;no&#8221; row_reverse_mobile=&#8221;0&#8243; row_reverse_tablet=&#8221;0&#8243; woodmart_disable_overflow=&#8221;0&#8243; woodmart_box_shadow=&#8221;no&#8221; wd_z_index=&#8221;no&#8221;][vc_column css=&#8221;.vc_custom_1500719067312{padding-top: 0px !important;}&#8221;]\n\t\t<div id=\"wd-66d324761f9ec\" class=\"title-wrapper wd-wpb wd-set-mb reset-last-child  wd-rs-66d324761f9ec wd-title-color-default wd-title-style-simple text-center h4 vc_custom_1725113480509 wd-width-enabled wd-underline-colored\" style=\"--wd-max-width: 70%;\">\n\t\t\t\n\t\t\t<div class=\"liner-continer\">\n\t\t\t\t<h2 class=\"woodmart-title-container title  wd-font-weight-600 wd-fontsize-xl\" ><strong><u>Najwa\u017cniejsze korzy\u015bci z <\/u><\/strong>Selfly Insights<\/h2>\n\t\t\t\t\t\t\t<\/div>\n\t\t\t\n\t\t\t\n\t\t\t\n\t\t<\/div>\n\t\t\n\t\t\t\t<div id=\"wd-66d32521618b3\" class=\"wd-text-block wd-wpb reset-last-child wd-rs-66d32521618b3 text-center wd-width-enabled wd-fontsize-custom \" style=\"--wd-max-width: 50%;\">\n\t\t\t<p style=\"text-align: justify;\">Selfly Insights to kwartalny raport z danymi. Do podstawowych jego zalet nale\u017c\u0105:<\/p>\n\t\t<\/div>\n\t\t[vc_row_inner css=&#8221;.vc_custom_1725097621850{padding-top: 10px !important;padding-bottom: 20px !important;}&#8221; woodmart_css_id=&#8221;66d2e691a3c11&#8243; responsive_spacing=&#8221;eyJwYXJhbV90eXBlIjoid29vZG1hcnRfcmVzcG9uc2l2ZV9zcGFjaW5nIiwic2VsZWN0b3JfaWQiOiI2NmQyZTY5MWEzYzExIiwic2hvcnRjb2RlIjoidmNfcm93X2lubmVyIiwiZGF0YSI6eyJ0YWJsZXQiOnt9LCJtb2JpbGUiOnt9fX0=&#8221; mobile_bg_img_hidden=&#8221;no&#8221; tablet_bg_img_hidden=&#8221;no&#8221; woodmart_parallax=&#8221;0&#8243; woodmart_gradient_switch=&#8221;no&#8221; woodmart_box_shadow=&#8221;no&#8221; wd_z_index=&#8221;no&#8221; woodmart_disable_overflow=&#8221;0&#8243; row_reverse_mobile=&#8221;0&#8243; row_reverse_tablet=&#8221;0&#8243;][vc_column_inner width=&#8221;1\/2&#8243;]\n\t\t<div id=\"wd-66d32533eef40\" class=\"title-wrapper wd-wpb wd-set-mb reset-last-child  wd-rs-66d32533eef40 wd-title-color-default wd-title-style-default text-left h4 vc_custom_1725113683793 wd-width-enabled wd-underline-colored\" style=\"--wd-max-width: 70%;\">\n\t\t\t\n\t\t\t<div class=\"liner-continer\">\n\t\t\t\t<h2 class=\"woodmart-title-container title  wd-font-weight-600 wd-fontsize-m\" ><strong><u>Kompleksowy <\/u><\/strong>wgl\u0105d w dane<\/h2>\n\t\t\t\t\t\t\t<\/div>\n\t\t\t\n\t\t\t\n\t\t\t\n\t\t<\/div>\n\t\t\n\t\t\t\t<div id=\"wd-66d326e4762eb\" class=\"wd-image wd-wpb wd-rs-66d326e4762eb text-left \">\n\t\t\t\n\t\t\t<img loading=\"lazy\" decoding=\"async\" width=\"400\" height=\"300\" src=\"https:\/\/www.kontekst.info\/wp-content\/uploads\/2024\/08\/Kompleksowy-wglad-w-dane-400x300.png\" class=\"attachment-medium size-medium\" alt=\"Kompleksowy wgl\u0105d w dane\" srcset=\"https:\/\/www.kontekst.info\/wp-content\/uploads\/2024\/08\/Kompleksowy-wglad-w-dane-400x300.png 400w, https:\/\/www.kontekst.info\/wp-content\/uploads\/2024\/08\/Kompleksowy-wglad-w-dane-768x576.png 768w, https:\/\/www.kontekst.info\/wp-content\/uploads\/2024\/08\/Kompleksowy-wglad-w-dane.png 800w\" sizes=\"auto, (max-width: 400px) 100vw, 400px\" \/>\n\t\t\t\t\t<\/div>\n\t\t\t\t<div id=\"wd-66d3257c7c5fa\" class=\"wd-text-block wd-wpb reset-last-child wd-rs-66d3257c7c5fa text-left wd-fontsize-custom \">\n\t\t\t<p style=\"text-align: justify;\">Dost\u0119p do globalnych danych dotycz\u0105cych sprzeda\u017cy i zachowa\u0144 konsument\u00f3w. Selfly Insights wykracza poza podstawow\u0105 analityk\u0119, oferuj\u0105c globalne testy por\u00f3wnawcze, pozwalaj\u0105ce zrozumie\u0107, jak Twoje maszyny radz\u0105 sobie w por\u00f3wnaniu z innymi w ponad 20 krajach i wielu bran\u017cach.<\/p>\n\t\t<\/div>\n\t\t[\/vc_column_inner][vc_column_inner width=&#8221;1\/2&#8243;]\n\t\t<div id=\"wd-66d3255d6db1c\" class=\"title-wrapper wd-wpb wd-set-mb reset-last-child  wd-rs-66d3255d6db1c wd-title-color-default wd-title-style-default text-left h4 vc_custom_1725113706026 wd-width-enabled wd-underline-colored\" style=\"--wd-max-width: 70%;\">\n\t\t\t\n\t\t\t<div class=\"liner-continer\">\n\t\t\t\t<h2 class=\"woodmart-title-container title  wd-font-weight-600 wd-fontsize-m\" ><strong><u>Podejmowanie <\/u><\/strong>decyzji strategicznych<\/h2>\n\t\t\t\t\t\t\t<\/div>\n\t\t\t\n\t\t\t\n\t\t\t\n\t\t<\/div>\n\t\t\n\t\t\t\t<div id=\"wd-66d3276450d5d\" class=\"wd-image wd-wpb wd-rs-66d3276450d5d text-left \">\n\t\t\t\n\t\t\t<img loading=\"lazy\" decoding=\"async\" width=\"400\" height=\"300\" src=\"https:\/\/www.kontekst.info\/wp-content\/uploads\/2024\/08\/Podejmowanie-decyzji-strategicznych-400x300.jpg\" class=\"attachment-medium size-medium\" alt=\"Podejmowanie decyzji strategicznych\" srcset=\"https:\/\/www.kontekst.info\/wp-content\/uploads\/2024\/08\/Podejmowanie-decyzji-strategicznych-400x300.jpg 400w, https:\/\/www.kontekst.info\/wp-content\/uploads\/2024\/08\/Podejmowanie-decyzji-strategicznych-768x576.jpg 768w, https:\/\/www.kontekst.info\/wp-content\/uploads\/2024\/08\/Podejmowanie-decyzji-strategicznych.jpg 800w\" sizes=\"auto, (max-width: 400px) 100vw, 400px\" \/>\n\t\t\t\t\t<\/div>\n\t\t\t\t<div id=\"wd-66d3258fe8328\" class=\"wd-text-block wd-wpb reset-last-child wd-rs-66d3258fe8328 text-left wd-fontsize-custom \">\n\t\t\t<p style=\"text-align: justify;\">Skorzystaj ze szczeg\u00f3\u0142owego raportu, aby odkry\u0107 trendy, zidentyfikowa\u0107 mo\u017cliwo\u015bci rozwoju i podejmowa\u0107 \u015bwiadome decyzje dotycz\u0105ce asortymentu, cen i zapas\u00f3w. Raport pomo\u017ce ci podj\u0105\u0107 trafne decyzje maksymalizuj\u0105ce rentowno\u015b\u0107 twojego biznesu.<\/p>\n\t\t<\/div>\n\t\t[\/vc_column_inner][\/vc_row_inner][\/vc_column][\/vc_row]<\/p>\n<\/div>","protected":false},"excerpt":{"rendered":"<p>[vc_row full_width=&#8221;stretch_row&#8221; css=&#8221;.vc_custom_1725114259952{padding-top: 30px !important;padding-bottom: 30px !important;background-color: #ffffff !important;}&#8221; woodmart_css_id=&#8221;66d3278b73b09&#8243; responsive_spacing=&#8221;eyJwYXJhbV90eXBlIjoid29vZG1hcnRfcmVzcG9uc2l2ZV9zcGFjaW5nIiwic2VsZWN0b3JfaWQiOiI2NmQzMjc4YjczYjA5Iiwic2hvcnRjb2RlIjoidmNfcm93IiwiZGF0YSI6eyJ0YWJsZXQiOnsibWFyZ2luLWJvdHRvbSI6IjcwcHgifSwibW9iaWxlIjp7Im1hcmdpbi1ib3R0b20iOiI1MHB4In19fQ==&#8221; mobile_bg_img_hidden=&#8221;no&#8221; tablet_bg_img_hidden=&#8221;no&#8221; woodmart_parallax=&#8221;0&#8243; woodmart_gradient_switch=&#8221;no&#8221; row_reverse_mobile=&#8221;0&#8243; row_reverse_tablet=&#8221;0&#8243; woodmart_disable_overflow=&#8221;0&#8243; woodmart_box_shadow=&#8221;no&#8221; wd_z_index=&#8221;no&#8221;][vc_column<\/p>\n","protected":false},"author":2,"featured_media":10416,"parent":0,"menu_order":5,"comment_status":"closed","ping_status":"closed","template":"","meta":{"footnotes":""},"class_list":["post-10405","page","type-page","status-publish","has-post-thumbnail","hentry"],"yoast_head":"<!-- This site is optimized with the Yoast SEO plugin v27.3 - https:\/\/yoast.com\/product\/yoast-seo-wordpress\/ -->\n<title>Dane vendingowe Selfly Insights - Kontekst | Zobacz automaty<\/title>\n<meta name=\"description\" content=\"Technologia RFID dla automat\u00f3w vendingowych. Czytniki RFID w automacie \u015bledz\u0105 stan magazynowy w czasie rzeczywistym. Sprawd\u017a ju\u017c dzi\u015b!\" \/>\n<meta name=\"robots\" content=\"index, follow, max-snippet:-1, max-image-preview:large, max-video-preview:-1\" \/>\n<link rel=\"canonical\" href=\"https:\/\/www.kontekst.info\/index.php\/dane-vendingowe-selfly-insights\/\" \/>\n<meta property=\"og:locale\" content=\"pl_PL\" \/>\n<meta property=\"og:type\" content=\"article\" \/>\n<meta property=\"og:title\" content=\"Dane vendingowe Selfly Insights - Kontekst | Zobacz automaty\" \/>\n<meta property=\"og:description\" content=\"Technologia RFID dla automat\u00f3w vendingowych. Czytniki RFID w automacie \u015bledz\u0105 stan magazynowy w czasie rzeczywistym. Sprawd\u017a ju\u017c dzi\u015b!\" \/>\n<meta property=\"og:url\" content=\"https:\/\/www.kontekst.info\/index.php\/dane-vendingowe-selfly-insights\/\" \/>\n<meta property=\"og:site_name\" content=\"Kontekst\" \/>\n<meta property=\"article:modified_time\" content=\"2024-10-18T14:14:57+00:00\" \/>\n<meta property=\"og:image\" content=\"https:\/\/www.kontekst.info\/wp-content\/uploads\/2024\/08\/Podejmowanie-decyzji-strategicznych.jpg\" \/>\n\t<meta property=\"og:image:width\" content=\"800\" \/>\n\t<meta property=\"og:image:height\" content=\"600\" \/>\n\t<meta property=\"og:image:type\" content=\"image\/jpeg\" \/>\n<meta name=\"twitter:card\" content=\"summary_large_image\" \/>\n<meta name=\"twitter:label1\" content=\"Szacowany czas czytania\" \/>\n\t<meta name=\"twitter:data1\" content=\"4 minuty\" \/>\n<script type=\"application\/ld+json\" class=\"yoast-schema-graph\">{\"@context\":\"https:\\\/\\\/schema.org\",\"@graph\":[{\"@type\":\"WebPage\",\"@id\":\"https:\\\/\\\/www.kontekst.info\\\/index.php\\\/dane-vendingowe-selfly-insights\\\/\",\"url\":\"https:\\\/\\\/www.kontekst.info\\\/index.php\\\/dane-vendingowe-selfly-insights\\\/\",\"name\":\"Dane vendingowe Selfly Insights - Kontekst | Zobacz automaty\",\"isPartOf\":{\"@id\":\"https:\\\/\\\/www.kontekst.info\\\/#website\"},\"primaryImageOfPage\":{\"@id\":\"https:\\\/\\\/www.kontekst.info\\\/index.php\\\/dane-vendingowe-selfly-insights\\\/#primaryimage\"},\"image\":{\"@id\":\"https:\\\/\\\/www.kontekst.info\\\/index.php\\\/dane-vendingowe-selfly-insights\\\/#primaryimage\"},\"thumbnailUrl\":\"https:\\\/\\\/www.kontekst.info\\\/wp-content\\\/uploads\\\/2024\\\/08\\\/Podejmowanie-decyzji-strategicznych.jpg\",\"datePublished\":\"2024-08-31T14:08:15+00:00\",\"dateModified\":\"2024-10-18T14:14:57+00:00\",\"description\":\"Technologia RFID dla automat\u00f3w vendingowych. Czytniki RFID w automacie \u015bledz\u0105 stan magazynowy w czasie rzeczywistym. Sprawd\u017a ju\u017c dzi\u015b!\",\"breadcrumb\":{\"@id\":\"https:\\\/\\\/www.kontekst.info\\\/index.php\\\/dane-vendingowe-selfly-insights\\\/#breadcrumb\"},\"inLanguage\":\"pl-PL\",\"potentialAction\":[{\"@type\":\"ReadAction\",\"target\":[\"https:\\\/\\\/www.kontekst.info\\\/index.php\\\/dane-vendingowe-selfly-insights\\\/\"]}]},{\"@type\":\"ImageObject\",\"inLanguage\":\"pl-PL\",\"@id\":\"https:\\\/\\\/www.kontekst.info\\\/index.php\\\/dane-vendingowe-selfly-insights\\\/#primaryimage\",\"url\":\"https:\\\/\\\/www.kontekst.info\\\/wp-content\\\/uploads\\\/2024\\\/08\\\/Podejmowanie-decyzji-strategicznych.jpg\",\"contentUrl\":\"https:\\\/\\\/www.kontekst.info\\\/wp-content\\\/uploads\\\/2024\\\/08\\\/Podejmowanie-decyzji-strategicznych.jpg\",\"width\":800,\"height\":600,\"caption\":\"Podejmowanie decyzji strategicznych\"},{\"@type\":\"BreadcrumbList\",\"@id\":\"https:\\\/\\\/www.kontekst.info\\\/index.php\\\/dane-vendingowe-selfly-insights\\\/#breadcrumb\",\"itemListElement\":[{\"@type\":\"ListItem\",\"position\":1,\"name\":\"Strona g\u0142\u00f3wna\",\"item\":\"https:\\\/\\\/www.kontekst.info\\\/\"},{\"@type\":\"ListItem\",\"position\":2,\"name\":\"Dane vendingowe Selfly Insights\"}]},{\"@type\":\"WebSite\",\"@id\":\"https:\\\/\\\/www.kontekst.info\\\/#website\",\"url\":\"https:\\\/\\\/www.kontekst.info\\\/\",\"name\":\"Kontekst\",\"description\":\"Autoryzowany dystrybutor Selflystore w Polsce\",\"publisher\":{\"@id\":\"https:\\\/\\\/www.kontekst.info\\\/#organization\"},\"potentialAction\":[{\"@type\":\"SearchAction\",\"target\":{\"@type\":\"EntryPoint\",\"urlTemplate\":\"https:\\\/\\\/www.kontekst.info\\\/?s={search_term_string}\"},\"query-input\":{\"@type\":\"PropertyValueSpecification\",\"valueRequired\":true,\"valueName\":\"search_term_string\"}}],\"inLanguage\":\"pl-PL\"},{\"@type\":\"Organization\",\"@id\":\"https:\\\/\\\/www.kontekst.info\\\/#organization\",\"name\":\"Kontekst\",\"url\":\"https:\\\/\\\/www.kontekst.info\\\/\",\"logo\":{\"@type\":\"ImageObject\",\"inLanguage\":\"pl-PL\",\"@id\":\"https:\\\/\\\/www.kontekst.info\\\/#\\\/schema\\\/logo\\\/image\\\/\",\"url\":\"https:\\\/\\\/www.kontekst.info\\\/wp-content\\\/uploads\\\/2024\\\/09\\\/Kontekst-logo_Selfly-Store-dark-AD.svg\",\"contentUrl\":\"https:\\\/\\\/www.kontekst.info\\\/wp-content\\\/uploads\\\/2024\\\/09\\\/Kontekst-logo_Selfly-Store-dark-AD.svg\",\"width\":520,\"height\":180,\"caption\":\"Kontekst\"},\"image\":{\"@id\":\"https:\\\/\\\/www.kontekst.info\\\/#\\\/schema\\\/logo\\\/image\\\/\"}}]}<\/script>\n<!-- \/ Yoast SEO plugin. -->","yoast_head_json":{"title":"Dane vendingowe Selfly Insights - Kontekst | Zobacz automaty","description":"Technologia RFID dla automat\u00f3w vendingowych. Czytniki RFID w automacie \u015bledz\u0105 stan magazynowy w czasie rzeczywistym. Sprawd\u017a ju\u017c dzi\u015b!","robots":{"index":"index","follow":"follow","max-snippet":"max-snippet:-1","max-image-preview":"max-image-preview:large","max-video-preview":"max-video-preview:-1"},"canonical":"https:\/\/www.kontekst.info\/index.php\/dane-vendingowe-selfly-insights\/","og_locale":"pl_PL","og_type":"article","og_title":"Dane vendingowe Selfly Insights - Kontekst | Zobacz automaty","og_description":"Technologia RFID dla automat\u00f3w vendingowych. Czytniki RFID w automacie \u015bledz\u0105 stan magazynowy w czasie rzeczywistym. Sprawd\u017a ju\u017c dzi\u015b!","og_url":"https:\/\/www.kontekst.info\/index.php\/dane-vendingowe-selfly-insights\/","og_site_name":"Kontekst","article_modified_time":"2024-10-18T14:14:57+00:00","og_image":[{"width":800,"height":600,"url":"https:\/\/www.kontekst.info\/wp-content\/uploads\/2024\/08\/Podejmowanie-decyzji-strategicznych.jpg","type":"image\/jpeg"}],"twitter_card":"summary_large_image","twitter_misc":{"Szacowany czas czytania":"4 minuty"},"schema":{"@context":"https:\/\/schema.org","@graph":[{"@type":"WebPage","@id":"https:\/\/www.kontekst.info\/index.php\/dane-vendingowe-selfly-insights\/","url":"https:\/\/www.kontekst.info\/index.php\/dane-vendingowe-selfly-insights\/","name":"Dane vendingowe Selfly Insights - Kontekst | Zobacz automaty","isPartOf":{"@id":"https:\/\/www.kontekst.info\/#website"},"primaryImageOfPage":{"@id":"https:\/\/www.kontekst.info\/index.php\/dane-vendingowe-selfly-insights\/#primaryimage"},"image":{"@id":"https:\/\/www.kontekst.info\/index.php\/dane-vendingowe-selfly-insights\/#primaryimage"},"thumbnailUrl":"https:\/\/www.kontekst.info\/wp-content\/uploads\/2024\/08\/Podejmowanie-decyzji-strategicznych.jpg","datePublished":"2024-08-31T14:08:15+00:00","dateModified":"2024-10-18T14:14:57+00:00","description":"Technologia RFID dla automat\u00f3w vendingowych. Czytniki RFID w automacie \u015bledz\u0105 stan magazynowy w czasie rzeczywistym. Sprawd\u017a ju\u017c dzi\u015b!","breadcrumb":{"@id":"https:\/\/www.kontekst.info\/index.php\/dane-vendingowe-selfly-insights\/#breadcrumb"},"inLanguage":"pl-PL","potentialAction":[{"@type":"ReadAction","target":["https:\/\/www.kontekst.info\/index.php\/dane-vendingowe-selfly-insights\/"]}]},{"@type":"ImageObject","inLanguage":"pl-PL","@id":"https:\/\/www.kontekst.info\/index.php\/dane-vendingowe-selfly-insights\/#primaryimage","url":"https:\/\/www.kontekst.info\/wp-content\/uploads\/2024\/08\/Podejmowanie-decyzji-strategicznych.jpg","contentUrl":"https:\/\/www.kontekst.info\/wp-content\/uploads\/2024\/08\/Podejmowanie-decyzji-strategicznych.jpg","width":800,"height":600,"caption":"Podejmowanie decyzji strategicznych"},{"@type":"BreadcrumbList","@id":"https:\/\/www.kontekst.info\/index.php\/dane-vendingowe-selfly-insights\/#breadcrumb","itemListElement":[{"@type":"ListItem","position":1,"name":"Strona g\u0142\u00f3wna","item":"https:\/\/www.kontekst.info\/"},{"@type":"ListItem","position":2,"name":"Dane vendingowe Selfly Insights"}]},{"@type":"WebSite","@id":"https:\/\/www.kontekst.info\/#website","url":"https:\/\/www.kontekst.info\/","name":"Kontekst","description":"Autoryzowany dystrybutor Selflystore w Polsce","publisher":{"@id":"https:\/\/www.kontekst.info\/#organization"},"potentialAction":[{"@type":"SearchAction","target":{"@type":"EntryPoint","urlTemplate":"https:\/\/www.kontekst.info\/?s={search_term_string}"},"query-input":{"@type":"PropertyValueSpecification","valueRequired":true,"valueName":"search_term_string"}}],"inLanguage":"pl-PL"},{"@type":"Organization","@id":"https:\/\/www.kontekst.info\/#organization","name":"Kontekst","url":"https:\/\/www.kontekst.info\/","logo":{"@type":"ImageObject","inLanguage":"pl-PL","@id":"https:\/\/www.kontekst.info\/#\/schema\/logo\/image\/","url":"https:\/\/www.kontekst.info\/wp-content\/uploads\/2024\/09\/Kontekst-logo_Selfly-Store-dark-AD.svg","contentUrl":"https:\/\/www.kontekst.info\/wp-content\/uploads\/2024\/09\/Kontekst-logo_Selfly-Store-dark-AD.svg","width":520,"height":180,"caption":"Kontekst"},"image":{"@id":"https:\/\/www.kontekst.info\/#\/schema\/logo\/image\/"}}]}},"_links":{"self":[{"href":"https:\/\/www.kontekst.info\/index.php\/wp-json\/wp\/v2\/pages\/10405","targetHints":{"allow":["GET"]}}],"collection":[{"href":"https:\/\/www.kontekst.info\/index.php\/wp-json\/wp\/v2\/pages"}],"about":[{"href":"https:\/\/www.kontekst.info\/index.php\/wp-json\/wp\/v2\/types\/page"}],"author":[{"embeddable":true,"href":"https:\/\/www.kontekst.info\/index.php\/wp-json\/wp\/v2\/users\/2"}],"replies":[{"embeddable":true,"href":"https:\/\/www.kontekst.info\/index.php\/wp-json\/wp\/v2\/comments?post=10405"}],"version-history":[{"count":12,"href":"https:\/\/www.kontekst.info\/index.php\/wp-json\/wp\/v2\/pages\/10405\/revisions"}],"predecessor-version":[{"id":10741,"href":"https:\/\/www.kontekst.info\/index.php\/wp-json\/wp\/v2\/pages\/10405\/revisions\/10741"}],"wp:featuredmedia":[{"embeddable":true,"href":"https:\/\/www.kontekst.info\/index.php\/wp-json\/wp\/v2\/media\/10416"}],"wp:attachment":[{"href":"https:\/\/www.kontekst.info\/index.php\/wp-json\/wp\/v2\/media?parent=10405"}],"curies":[{"name":"wp","href":"https:\/\/api.w.org\/{rel}","templated":true}]}}