{"id":10547,"date":"2024-09-03T16:08:44","date_gmt":"2024-09-03T14:08:44","guid":{"rendered":"https:\/\/www.kontekst.info\/?page_id=10547"},"modified":"2024-09-03T16:08:53","modified_gmt":"2024-09-03T14:08:53","slug":"well-eat","status":"publish","type":"page","link":"https:\/\/www.kontekst.info\/index.php\/zastosowanie-automatow-sprzedajacych\/automaty-vendingowe-w-biurach\/well-eat\/","title":{"rendered":"Well Eat"},"content":{"rendered":"<div class=\"wpb-content-wrapper\"><p>[vc_row full_width=&#8221;stretch_row&#8221; css=&#8221;.vc_custom_1724953056637{padding-top: 20px !important;padding-bottom: 10px !important;background-color: #ffffff !important;}&#8221; woodmart_css_id=&#8221;66d0b1d89b08e&#8221; responsive_spacing=&#8221;eyJwYXJhbV90eXBlIjoid29vZG1hcnRfcmVzcG9uc2l2ZV9zcGFjaW5nIiwic2VsZWN0b3JfaWQiOiI2NmQwYjFkODliMDhlIiwic2hvcnRjb2RlIjoidmNfcm93IiwiZGF0YSI6eyJ0YWJsZXQiOnsibWFyZ2luLWJvdHRvbSI6IjcwcHgifSwibW9iaWxlIjp7Im1hcmdpbi1ib3R0b20iOiI1MHB4In19fQ==&#8221; mobile_bg_img_hidden=&#8221;no&#8221; tablet_bg_img_hidden=&#8221;no&#8221; woodmart_parallax=&#8221;0&#8243; woodmart_gradient_switch=&#8221;no&#8221; row_reverse_mobile=&#8221;0&#8243; row_reverse_tablet=&#8221;0&#8243; woodmart_disable_overflow=&#8221;0&#8243; woodmart_box_shadow=&#8221;no&#8221; wd_z_index=&#8221;no&#8221;][vc_column width=&#8221;2\/5&#8243; css=&#8221;.vc_custom_1500719067312{padding-top: 0px !important;}&#8221;]\t\t<div id=\"wd-66d70cd8a2254\" class=\"wd-image wd-wpb wd-rs-66d70cd8a2254 text-left \">\n\t\t\t\n\t\t\t<img loading=\"lazy\" decoding=\"async\" width=\"672\" height=\"502\" src=\"https:\/\/www.kontekst.info\/wp-content\/uploads\/2024\/09\/Dr.-Juice-Malta.jpg\" class=\"attachment-full size-full\" alt=\"Automaty vendingowe w biurach Dr. Juice Malta\" srcset=\"https:\/\/www.kontekst.info\/wp-content\/uploads\/2024\/09\/Dr.-Juice-Malta.jpg 672w, https:\/\/www.kontekst.info\/wp-content\/uploads\/2024\/09\/Dr.-Juice-Malta-400x300.jpg 400w\" sizes=\"auto, (max-width: 672px) 100vw, 672px\" \/>\n\t\t\t\t\t<\/div>\n\t\t[\/vc_column][vc_column width=&#8221;3\/5&#8243; woodmart_css_id=&#8221;66d0b1d479981&#8243; parallax_scroll=&#8221;no&#8221; woodmart_sticky_column=&#8221;false&#8221; wd_collapsible_content_switcher=&#8221;no&#8221; wd_column_role_offcanvas_desktop=&#8221;no&#8221; wd_column_role_offcanvas_tablet=&#8221;no&#8221; wd_column_role_offcanvas_mobile=&#8221;no&#8221; wd_column_role_content_desktop=&#8221;no&#8221; wd_column_role_content_tablet=&#8221;no&#8221; wd_column_role_content_mobile=&#8221;no&#8221; mobile_bg_img_hidden=&#8221;no&#8221; tablet_bg_img_hidden=&#8221;no&#8221; woodmart_parallax=&#8221;0&#8243; woodmart_box_shadow=&#8221;no&#8221; responsive_spacing=&#8221;eyJwYXJhbV90eXBlIjoid29vZG1hcnRfcmVzcG9uc2l2ZV9zcGFjaW5nIiwic2VsZWN0b3JfaWQiOiI2NmQwYjFkNDc5OTgxIiwic2hvcnRjb2RlIjoidmNfY29sdW1uIiwiZGF0YSI6eyJ0YWJsZXQiOnt9LCJtb2JpbGUiOnt9fX0=&#8221; mobile_reset_margin=&#8221;no&#8221; tablet_reset_margin=&#8221;no&#8221; wd_z_index=&#8221;no&#8221;]\t\t<div id=\"wd-66d7179e018fc\" class=\"wd-text-block wd-wpb reset-last-child wd-rs-66d7179e018fc text-left wd-fontsize-s vc_custom_1725372369216\">\n\t\t\t<h3>Well Eat<\/h3>\n<p style=\"text-align: justify;\">Za\u0142o\u017cona w trudnych warunkach pandemii Covid-19 firma Well Eat jest doskona\u0142ym przyk\u0142adem nowego my\u015blenia w Besan\u00e7on we Francji. Dostrzegaj\u0105c zmieniaj\u0105ce si\u0119 zapotrzebowanie na bezpieczniejsze, zdrowsze i wygodniejsze lokale gastronomiczne, Thomas i Alexis postanowili bezpo\u015brednio dostarcza\u0107 po\u017cywne posi\u0142ki do miejsc pracy.<\/p>\n<p style=\"text-align: justify;\">Obecnie Well Eat dzia\u0142a w 30 lokalizacjach, g\u0142\u00f3wnie w biurach, a tak\u017ce w bankach i innych plac\u00f3wkach. Wsz\u0119dzie tam zaspokaja r\u00f3\u017cnorodne potrzeby kulinarne pracownik\u00f3w. Wdro\u017cenie automat\u00f3w Selfly Store spotka\u0142o si\u0119 z pozytywnymi opiniami klient\u00f3w. \u0141atwo\u015b\u0107 dost\u0119pu w po\u0142\u0105czeniu z jako\u015bci\u0105 posi\u0142k\u00f3w zapewni\u0142o Well Eat pozycj\u0119 lidera na lokalnym rynku.<\/p>\n\t\t<\/div>\n\t\t[\/vc_column][\/vc_row][vc_row full_width=&#8221;stretch_row&#8221; css=&#8221;.vc_custom_1725372509422{padding-top: 40px !important;padding-bottom: 50px !important;background-color: #ffffff !important;}&#8221; woodmart_css_id=&#8221;66d7185946582&#8243; responsive_spacing=&#8221;eyJwYXJhbV90eXBlIjoid29vZG1hcnRfcmVzcG9uc2l2ZV9zcGFjaW5nIiwic2VsZWN0b3JfaWQiOiI2NmQ3MTg1OTQ2NTgyIiwic2hvcnRjb2RlIjoidmNfcm93IiwiZGF0YSI6eyJ0YWJsZXQiOnsibWFyZ2luLWJvdHRvbSI6IjcwcHgifSwibW9iaWxlIjp7Im1hcmdpbi1ib3R0b20iOiI1MHB4In19fQ==&#8221; mobile_bg_img_hidden=&#8221;no&#8221; tablet_bg_img_hidden=&#8221;no&#8221; woodmart_parallax=&#8221;0&#8243; woodmart_gradient_switch=&#8221;no&#8221; row_reverse_mobile=&#8221;0&#8243; row_reverse_tablet=&#8221;0&#8243; woodmart_disable_overflow=&#8221;0&#8243; woodmart_box_shadow=&#8221;no&#8221; wd_z_index=&#8221;no&#8221;][vc_column width=&#8221;2\/5&#8243; css=&#8221;.vc_custom_1724953071350{padding-top: 20px !important;}&#8221; woodmart_css_id=&#8221;66d0b1ea9f9cb&#8221; parallax_scroll=&#8221;no&#8221; woodmart_sticky_column=&#8221;false&#8221; wd_collapsible_content_switcher=&#8221;no&#8221; wd_column_role_offcanvas_desktop=&#8221;no&#8221; wd_column_role_offcanvas_tablet=&#8221;no&#8221; wd_column_role_offcanvas_mobile=&#8221;no&#8221; wd_column_role_content_desktop=&#8221;no&#8221; wd_column_role_content_tablet=&#8221;no&#8221; wd_column_role_content_mobile=&#8221;no&#8221; mobile_bg_img_hidden=&#8221;no&#8221; tablet_bg_img_hidden=&#8221;no&#8221; woodmart_parallax=&#8221;0&#8243; woodmart_box_shadow=&#8221;no&#8221; responsive_spacing=&#8221;eyJwYXJhbV90eXBlIjoid29vZG1hcnRfcmVzcG9uc2l2ZV9zcGFjaW5nIiwic2VsZWN0b3JfaWQiOiI2NmQwYjFlYTlmOWNiIiwic2hvcnRjb2RlIjoidmNfY29sdW1uIiwiZGF0YSI6eyJ0YWJsZXQiOnt9LCJtb2JpbGUiOnt9fX0=&#8221; mobile_reset_margin=&#8221;no&#8221; tablet_reset_margin=&#8221;no&#8221; wd_z_index=&#8221;no&#8221;]\t\t<div id=\"wd-66d71838731ca\" class=\"wd-text-block wd-wpb reset-last-child wd-rs-66d71838731ca text-left wd-fontsize-s vc_custom_1725372502743\">\n\t\t\t<h3>Przedsi\u0119biorczo\u015b\u0107 i nowoczesna technologia<\/h3>\n<p style=\"text-align: justify;\">\u201eNasi klienci ceni\u0105 wygod\u0119, jako\u015b\u0107 i innowacyjno\u015b\u0107, jak\u0105 wnosimy do ich sto\u0142\u00f3w. Nasze plany na przysz\u0142o\u015b\u0107 skupiaj\u0105 si\u0119 na rozszerzeniu naszej obecno\u015bci na nowe rynki i konsekwentnym udoskonalaniu wyboru posi\u0142k\u00f3w\u201d \u2013 m\u00f3wi Thomas.<\/p>\n<p style=\"text-align: justify;\">Symbiotyczna relacja pomi\u0119dzy Well Eat i Selfly Store jest przyk\u0142adem po\u0142\u0105czenia wizjonerskiej przedsi\u0119biorczo\u015bci i najnowocze\u015bniejszej technologii. Zwiastuj\u0105 przysz\u0142o\u015b\u0107, w kt\u00f3rej catering w miejscu pracy b\u0119dzie synonimem zdrowia, wygody i zr\u00f3wnowa\u017conego rozwoju, zmieniaj\u0105c w ten spos\u00f3b sam\u0105 istot\u0119 korporacyjnego do\u015bwiadczenia kulinarnego. Chcesz dowiedzie\u0107 si\u0119 wi\u0119cej? <strong>Obejrzyj webinarium z Alexisem i Thomasem,<\/strong> gdzie opowiedz\u0105 wi\u0119cej.<\/p>\n\t\t<\/div>\n\t\t[\/vc_column][vc_column width=&#8221;3\/5&#8243;][vc_video link=&#8221;https:\/\/www.youtube.com\/watch?v=fWgLiEKaBe8&#8243; css=&#8221;&#8221; woodmart_css_id=&#8221;66d7182240761&#8243; image_poster_switch=&#8221;no&#8221;][\/vc_column][\/vc_row]<\/p>\n<\/div>","protected":false},"excerpt":{"rendered":"<p>[vc_row full_width=&#8221;stretch_row&#8221; css=&#8221;.vc_custom_1724953056637{padding-top: 20px !important;padding-bottom: 10px !important;background-color: #ffffff !important;}&#8221; woodmart_css_id=&#8221;66d0b1d89b08e&#8221; responsive_spacing=&#8221;eyJwYXJhbV90eXBlIjoid29vZG1hcnRfcmVzcG9uc2l2ZV9zcGFjaW5nIiwic2VsZWN0b3JfaWQiOiI2NmQwYjFkODliMDhlIiwic2hvcnRjb2RlIjoidmNfcm93IiwiZGF0YSI6eyJ0YWJsZXQiOnsibWFyZ2luLWJvdHRvbSI6IjcwcHgifSwibW9iaWxlIjp7Im1hcmdpbi1ib3R0b20iOiI1MHB4In19fQ==&#8221; mobile_bg_img_hidden=&#8221;no&#8221; tablet_bg_img_hidden=&#8221;no&#8221; woodmart_parallax=&#8221;0&#8243; woodmart_gradient_switch=&#8221;no&#8221; row_reverse_mobile=&#8221;0&#8243; row_reverse_tablet=&#8221;0&#8243; woodmart_disable_overflow=&#8221;0&#8243; woodmart_box_shadow=&#8221;no&#8221; wd_z_index=&#8221;no&#8221;][vc_column<\/p>\n","protected":false},"author":2,"featured_media":10524,"parent":10483,"menu_order":2,"comment_status":"closed","ping_status":"closed","template":"","meta":{"footnotes":""},"class_list":["post-10547","page","type-page","status-publish","has-post-thumbnail","hentry"],"yoast_head":"<!-- This site is optimized with the Yoast SEO plugin v27.3 - https:\/\/yoast.com\/product\/yoast-seo-wordpress\/ -->\n<title>Well Eat - Kontekst | Automat vendingowy w Quality Hotel Friends<\/title>\n<meta name=\"description\" content=\"Automaty vendingowe w biurach\" \/>\n<meta name=\"robots\" content=\"index, follow, max-snippet:-1, max-image-preview:large, max-video-preview:-1\" \/>\n<link rel=\"canonical\" href=\"https:\/\/www.kontekst.info\/index.php\/zastosowanie-automatow-sprzedajacych\/automaty-vendingowe-w-biurach\/well-eat\/\" \/>\n<meta property=\"og:locale\" content=\"pl_PL\" \/>\n<meta property=\"og:type\" content=\"article\" \/>\n<meta property=\"og:title\" content=\"Well Eat - Kontekst | Automat vendingowy w Quality Hotel Friends\" \/>\n<meta property=\"og:description\" content=\"Automaty vendingowe w biurach\" \/>\n<meta property=\"og:url\" content=\"https:\/\/www.kontekst.info\/index.php\/zastosowanie-automatow-sprzedajacych\/automaty-vendingowe-w-biurach\/well-eat\/\" \/>\n<meta property=\"og:site_name\" content=\"Kontekst\" \/>\n<meta property=\"article:modified_time\" content=\"2024-09-03T14:08:53+00:00\" \/>\n<meta property=\"og:image\" content=\"https:\/\/www.kontekst.info\/wp-content\/uploads\/2024\/09\/Well-Eat-Francja.jpg\" \/>\n\t<meta property=\"og:image:width\" content=\"672\" \/>\n\t<meta property=\"og:image:height\" content=\"502\" \/>\n\t<meta property=\"og:image:type\" content=\"image\/jpeg\" \/>\n<meta name=\"twitter:card\" content=\"summary_large_image\" \/>\n<meta name=\"twitter:label1\" content=\"Szacowany czas czytania\" \/>\n\t<meta name=\"twitter:data1\" content=\"3 minuty\" \/>\n<script type=\"application\/ld+json\" class=\"yoast-schema-graph\">{\"@context\":\"https:\\\/\\\/schema.org\",\"@graph\":[{\"@type\":\"WebPage\",\"@id\":\"https:\\\/\\\/www.kontekst.info\\\/index.php\\\/zastosowanie-automatow-sprzedajacych\\\/automaty-vendingowe-w-biurach\\\/well-eat\\\/\",\"url\":\"https:\\\/\\\/www.kontekst.info\\\/index.php\\\/zastosowanie-automatow-sprzedajacych\\\/automaty-vendingowe-w-biurach\\\/well-eat\\\/\",\"name\":\"Well Eat - Kontekst | Automat vendingowy w Quality Hotel Friends\",\"isPartOf\":{\"@id\":\"https:\\\/\\\/www.kontekst.info\\\/#website\"},\"primaryImageOfPage\":{\"@id\":\"https:\\\/\\\/www.kontekst.info\\\/index.php\\\/zastosowanie-automatow-sprzedajacych\\\/automaty-vendingowe-w-biurach\\\/well-eat\\\/#primaryimage\"},\"image\":{\"@id\":\"https:\\\/\\\/www.kontekst.info\\\/index.php\\\/zastosowanie-automatow-sprzedajacych\\\/automaty-vendingowe-w-biurach\\\/well-eat\\\/#primaryimage\"},\"thumbnailUrl\":\"https:\\\/\\\/www.kontekst.info\\\/wp-content\\\/uploads\\\/2024\\\/09\\\/Well-Eat-Francja.jpg\",\"datePublished\":\"2024-09-03T14:08:44+00:00\",\"dateModified\":\"2024-09-03T14:08:53+00:00\",\"description\":\"Automaty vendingowe w biurach\",\"breadcrumb\":{\"@id\":\"https:\\\/\\\/www.kontekst.info\\\/index.php\\\/zastosowanie-automatow-sprzedajacych\\\/automaty-vendingowe-w-biurach\\\/well-eat\\\/#breadcrumb\"},\"inLanguage\":\"pl-PL\",\"potentialAction\":[{\"@type\":\"ReadAction\",\"target\":[\"https:\\\/\\\/www.kontekst.info\\\/index.php\\\/zastosowanie-automatow-sprzedajacych\\\/automaty-vendingowe-w-biurach\\\/well-eat\\\/\"]}]},{\"@type\":\"ImageObject\",\"inLanguage\":\"pl-PL\",\"@id\":\"https:\\\/\\\/www.kontekst.info\\\/index.php\\\/zastosowanie-automatow-sprzedajacych\\\/automaty-vendingowe-w-biurach\\\/well-eat\\\/#primaryimage\",\"url\":\"https:\\\/\\\/www.kontekst.info\\\/wp-content\\\/uploads\\\/2024\\\/09\\\/Well-Eat-Francja.jpg\",\"contentUrl\":\"https:\\\/\\\/www.kontekst.info\\\/wp-content\\\/uploads\\\/2024\\\/09\\\/Well-Eat-Francja.jpg\",\"width\":672,\"height\":502,\"caption\":\"Well Eat Francja\"},{\"@type\":\"BreadcrumbList\",\"@id\":\"https:\\\/\\\/www.kontekst.info\\\/index.php\\\/zastosowanie-automatow-sprzedajacych\\\/automaty-vendingowe-w-biurach\\\/well-eat\\\/#breadcrumb\",\"itemListElement\":[{\"@type\":\"ListItem\",\"position\":1,\"name\":\"Strona g\u0142\u00f3wna\",\"item\":\"https:\\\/\\\/www.kontekst.info\\\/\"},{\"@type\":\"ListItem\",\"position\":2,\"name\":\"Zastosowanie automat\u00f3w sprzedaj\u0105cych\",\"item\":\"https:\\\/\\\/www.kontekst.info\\\/index.php\\\/zastosowanie-automatow-sprzedajacych\\\/\"},{\"@type\":\"ListItem\",\"position\":3,\"name\":\"Automaty vendingowe w biurach\",\"item\":\"https:\\\/\\\/www.kontekst.info\\\/index.php\\\/zastosowanie-automatow-sprzedajacych\\\/automaty-vendingowe-w-biurach\\\/\"},{\"@type\":\"ListItem\",\"position\":4,\"name\":\"Well Eat\"}]},{\"@type\":\"WebSite\",\"@id\":\"https:\\\/\\\/www.kontekst.info\\\/#website\",\"url\":\"https:\\\/\\\/www.kontekst.info\\\/\",\"name\":\"Kontekst\",\"description\":\"Autoryzowany dystrybutor Selflystore w Polsce\",\"publisher\":{\"@id\":\"https:\\\/\\\/www.kontekst.info\\\/#organization\"},\"potentialAction\":[{\"@type\":\"SearchAction\",\"target\":{\"@type\":\"EntryPoint\",\"urlTemplate\":\"https:\\\/\\\/www.kontekst.info\\\/?s={search_term_string}\"},\"query-input\":{\"@type\":\"PropertyValueSpecification\",\"valueRequired\":true,\"valueName\":\"search_term_string\"}}],\"inLanguage\":\"pl-PL\"},{\"@type\":\"Organization\",\"@id\":\"https:\\\/\\\/www.kontekst.info\\\/#organization\",\"name\":\"Kontekst\",\"url\":\"https:\\\/\\\/www.kontekst.info\\\/\",\"logo\":{\"@type\":\"ImageObject\",\"inLanguage\":\"pl-PL\",\"@id\":\"https:\\\/\\\/www.kontekst.info\\\/#\\\/schema\\\/logo\\\/image\\\/\",\"url\":\"https:\\\/\\\/www.kontekst.info\\\/wp-content\\\/uploads\\\/2024\\\/09\\\/Kontekst-logo_Selfly-Store-dark-AD.svg\",\"contentUrl\":\"https:\\\/\\\/www.kontekst.info\\\/wp-content\\\/uploads\\\/2024\\\/09\\\/Kontekst-logo_Selfly-Store-dark-AD.svg\",\"width\":520,\"height\":180,\"caption\":\"Kontekst\"},\"image\":{\"@id\":\"https:\\\/\\\/www.kontekst.info\\\/#\\\/schema\\\/logo\\\/image\\\/\"}}]}<\/script>\n<!-- \/ Yoast SEO plugin. -->","yoast_head_json":{"title":"Well Eat - Kontekst | Automat vendingowy w Quality Hotel Friends","description":"Automaty vendingowe w biurach","robots":{"index":"index","follow":"follow","max-snippet":"max-snippet:-1","max-image-preview":"max-image-preview:large","max-video-preview":"max-video-preview:-1"},"canonical":"https:\/\/www.kontekst.info\/index.php\/zastosowanie-automatow-sprzedajacych\/automaty-vendingowe-w-biurach\/well-eat\/","og_locale":"pl_PL","og_type":"article","og_title":"Well Eat - Kontekst | Automat vendingowy w Quality Hotel Friends","og_description":"Automaty vendingowe w biurach","og_url":"https:\/\/www.kontekst.info\/index.php\/zastosowanie-automatow-sprzedajacych\/automaty-vendingowe-w-biurach\/well-eat\/","og_site_name":"Kontekst","article_modified_time":"2024-09-03T14:08:53+00:00","og_image":[{"width":672,"height":502,"url":"https:\/\/www.kontekst.info\/wp-content\/uploads\/2024\/09\/Well-Eat-Francja.jpg","type":"image\/jpeg"}],"twitter_card":"summary_large_image","twitter_misc":{"Szacowany czas czytania":"3 minuty"},"schema":{"@context":"https:\/\/schema.org","@graph":[{"@type":"WebPage","@id":"https:\/\/www.kontekst.info\/index.php\/zastosowanie-automatow-sprzedajacych\/automaty-vendingowe-w-biurach\/well-eat\/","url":"https:\/\/www.kontekst.info\/index.php\/zastosowanie-automatow-sprzedajacych\/automaty-vendingowe-w-biurach\/well-eat\/","name":"Well Eat - Kontekst | Automat vendingowy w Quality Hotel Friends","isPartOf":{"@id":"https:\/\/www.kontekst.info\/#website"},"primaryImageOfPage":{"@id":"https:\/\/www.kontekst.info\/index.php\/zastosowanie-automatow-sprzedajacych\/automaty-vendingowe-w-biurach\/well-eat\/#primaryimage"},"image":{"@id":"https:\/\/www.kontekst.info\/index.php\/zastosowanie-automatow-sprzedajacych\/automaty-vendingowe-w-biurach\/well-eat\/#primaryimage"},"thumbnailUrl":"https:\/\/www.kontekst.info\/wp-content\/uploads\/2024\/09\/Well-Eat-Francja.jpg","datePublished":"2024-09-03T14:08:44+00:00","dateModified":"2024-09-03T14:08:53+00:00","description":"Automaty vendingowe w biurach","breadcrumb":{"@id":"https:\/\/www.kontekst.info\/index.php\/zastosowanie-automatow-sprzedajacych\/automaty-vendingowe-w-biurach\/well-eat\/#breadcrumb"},"inLanguage":"pl-PL","potentialAction":[{"@type":"ReadAction","target":["https:\/\/www.kontekst.info\/index.php\/zastosowanie-automatow-sprzedajacych\/automaty-vendingowe-w-biurach\/well-eat\/"]}]},{"@type":"ImageObject","inLanguage":"pl-PL","@id":"https:\/\/www.kontekst.info\/index.php\/zastosowanie-automatow-sprzedajacych\/automaty-vendingowe-w-biurach\/well-eat\/#primaryimage","url":"https:\/\/www.kontekst.info\/wp-content\/uploads\/2024\/09\/Well-Eat-Francja.jpg","contentUrl":"https:\/\/www.kontekst.info\/wp-content\/uploads\/2024\/09\/Well-Eat-Francja.jpg","width":672,"height":502,"caption":"Well Eat Francja"},{"@type":"BreadcrumbList","@id":"https:\/\/www.kontekst.info\/index.php\/zastosowanie-automatow-sprzedajacych\/automaty-vendingowe-w-biurach\/well-eat\/#breadcrumb","itemListElement":[{"@type":"ListItem","position":1,"name":"Strona g\u0142\u00f3wna","item":"https:\/\/www.kontekst.info\/"},{"@type":"ListItem","position":2,"name":"Zastosowanie automat\u00f3w sprzedaj\u0105cych","item":"https:\/\/www.kontekst.info\/index.php\/zastosowanie-automatow-sprzedajacych\/"},{"@type":"ListItem","position":3,"name":"Automaty vendingowe w biurach","item":"https:\/\/www.kontekst.info\/index.php\/zastosowanie-automatow-sprzedajacych\/automaty-vendingowe-w-biurach\/"},{"@type":"ListItem","position":4,"name":"Well Eat"}]},{"@type":"WebSite","@id":"https:\/\/www.kontekst.info\/#website","url":"https:\/\/www.kontekst.info\/","name":"Kontekst","description":"Autoryzowany dystrybutor Selflystore w Polsce","publisher":{"@id":"https:\/\/www.kontekst.info\/#organization"},"potentialAction":[{"@type":"SearchAction","target":{"@type":"EntryPoint","urlTemplate":"https:\/\/www.kontekst.info\/?s={search_term_string}"},"query-input":{"@type":"PropertyValueSpecification","valueRequired":true,"valueName":"search_term_string"}}],"inLanguage":"pl-PL"},{"@type":"Organization","@id":"https:\/\/www.kontekst.info\/#organization","name":"Kontekst","url":"https:\/\/www.kontekst.info\/","logo":{"@type":"ImageObject","inLanguage":"pl-PL","@id":"https:\/\/www.kontekst.info\/#\/schema\/logo\/image\/","url":"https:\/\/www.kontekst.info\/wp-content\/uploads\/2024\/09\/Kontekst-logo_Selfly-Store-dark-AD.svg","contentUrl":"https:\/\/www.kontekst.info\/wp-content\/uploads\/2024\/09\/Kontekst-logo_Selfly-Store-dark-AD.svg","width":520,"height":180,"caption":"Kontekst"},"image":{"@id":"https:\/\/www.kontekst.info\/#\/schema\/logo\/image\/"}}]}},"_links":{"self":[{"href":"https:\/\/www.kontekst.info\/index.php\/wp-json\/wp\/v2\/pages\/10547","targetHints":{"allow":["GET"]}}],"collection":[{"href":"https:\/\/www.kontekst.info\/index.php\/wp-json\/wp\/v2\/pages"}],"about":[{"href":"https:\/\/www.kontekst.info\/index.php\/wp-json\/wp\/v2\/types\/page"}],"author":[{"embeddable":true,"href":"https:\/\/www.kontekst.info\/index.php\/wp-json\/wp\/v2\/users\/2"}],"replies":[{"embeddable":true,"href":"https:\/\/www.kontekst.info\/index.php\/wp-json\/wp\/v2\/comments?post=10547"}],"version-history":[{"count":1,"href":"https:\/\/www.kontekst.info\/index.php\/wp-json\/wp\/v2\/pages\/10547\/revisions"}],"predecessor-version":[{"id":10548,"href":"https:\/\/www.kontekst.info\/index.php\/wp-json\/wp\/v2\/pages\/10547\/revisions\/10548"}],"up":[{"embeddable":true,"href":"https:\/\/www.kontekst.info\/index.php\/wp-json\/wp\/v2\/pages\/10483"}],"wp:featuredmedia":[{"embeddable":true,"href":"https:\/\/www.kontekst.info\/index.php\/wp-json\/wp\/v2\/media\/10524"}],"wp:attachment":[{"href":"https:\/\/www.kontekst.info\/index.php\/wp-json\/wp\/v2\/media?parent=10547"}],"curies":[{"name":"wp","href":"https:\/\/api.w.org\/{rel}","templated":true}]}}