{"id":10592,"date":"2024-09-03T17:45:12","date_gmt":"2024-09-03T15:45:12","guid":{"rendered":"https:\/\/www.kontekst.info\/?page_id=10592"},"modified":"2024-10-18T16:19:28","modified_gmt":"2024-10-18T14:19:28","slug":"bk-world","status":"publish","type":"page","link":"https:\/\/www.kontekst.info\/index.php\/zastosowanie-automatow-sprzedajacych\/automaty-vendingowe-w-przestrzeni-publicznej\/bk-world\/","title":{"rendered":"bk World"},"content":{"rendered":"<div class=\"wpb-content-wrapper\"><p>[vc_row full_width=&#8221;stretch_row&#8221; content_placement=&#8221;middle&#8221; woodmart_bg_position=&#8221;right-top&#8221; css=&#8221;.vc_custom_1725378620967{padding-bottom: 20px !important;background-color: #FFFFFF !important;background-position: 0 0 !important;background-repeat: no-repeat !important;}&#8221; woodmart_css_id=&#8221;66d73037b60f1&#8243; responsive_spacing=&#8221;eyJwYXJhbV90eXBlIjoid29vZG1hcnRfcmVzcG9uc2l2ZV9zcGFjaW5nIiwic2VsZWN0b3JfaWQiOiI2NmQ3MzAzN2I2MGYxIiwic2hvcnRjb2RlIjoidmNfcm93IiwiZGF0YSI6eyJ0YWJsZXQiOnsicGFkZGluZy10b3AiOiI2MHB4In0sIm1vYmlsZSI6e319fQ==&#8221; mobile_bg_img_hidden=&#8221;no&#8221; tablet_bg_img_hidden=&#8221;no&#8221; woodmart_parallax=&#8221;0&#8243; woodmart_gradient_switch=&#8221;no&#8221; row_reverse_mobile=&#8221;0&#8243; row_reverse_tablet=&#8221;0&#8243; woodmart_disable_overflow=&#8221;0&#8243; woodmart_box_shadow=&#8221;no&#8221; wd_z_index=&#8221;no&#8221;][vc_column woodmart_css_id=&#8221;661019fa6b333&#8243; responsive_spacing=&#8221;eyJwYXJhbV90eXBlIjoid29vZG1hcnRfcmVzcG9uc2l2ZV9zcGFjaW5nIiwic2VsZWN0b3JfaWQiOiI2NjEwMTlmYTZiMzMzIiwic2hvcnRjb2RlIjoidmNfY29sdW1uIiwiZGF0YSI6eyJ0YWJsZXQiOnt9LCJtb2JpbGUiOnt9fX0=&#8221; parallax_scroll=&#8221;no&#8221; mobile_bg_img_hidden=&#8221;no&#8221; tablet_bg_img_hidden=&#8221;no&#8221; woodmart_parallax=&#8221;0&#8243; woodmart_sticky_column=&#8221;false&#8221; mobile_reset_margin=&#8221;no&#8221; tablet_reset_margin=&#8221;no&#8221; wd_collapsible_content_switcher=&#8221;no&#8221; wd_column_role_offcanvas_desktop=&#8221;no&#8221; wd_column_role_offcanvas_tablet=&#8221;no&#8221; wd_column_role_offcanvas_mobile=&#8221;no&#8221; wd_column_role_content_desktop=&#8221;no&#8221; wd_column_role_content_tablet=&#8221;no&#8221; wd_column_role_content_mobile=&#8221;no&#8221; woodmart_box_shadow=&#8221;no&#8221; wd_z_index=&#8221;no&#8221;][vc_row_inner css=&#8221;.vc_custom_1725097326575{padding-bottom: 20px !important;}&#8221; woodmart_css_id=&#8221;66d2e56772062&#8243; responsive_spacing=&#8221;eyJwYXJhbV90eXBlIjoid29vZG1hcnRfcmVzcG9uc2l2ZV9zcGFjaW5nIiwic2VsZWN0b3JfaWQiOiI2NmQyZTU2NzcyMDYyIiwic2hvcnRjb2RlIjoidmNfcm93X2lubmVyIiwiZGF0YSI6eyJ0YWJsZXQiOnt9LCJtb2JpbGUiOnt9fX0=&#8221; mobile_bg_img_hidden=&#8221;no&#8221; tablet_bg_img_hidden=&#8221;no&#8221; woodmart_parallax=&#8221;0&#8243; woodmart_gradient_switch=&#8221;no&#8221; woodmart_box_shadow=&#8221;no&#8221; wd_z_index=&#8221;no&#8221; woodmart_disable_overflow=&#8221;0&#8243; row_reverse_mobile=&#8221;0&#8243; row_reverse_tablet=&#8221;0&#8243;][vc_column_inner width=&#8221;1\/3&#8243;]\t\t<div id=\"wd-66d72ee907f55\" class=\"wd-image wd-wpb wd-rs-66d72ee907f55 text-left \">\n\t\t\t\n\t\t\t<img loading=\"lazy\" decoding=\"async\" width=\"400\" height=\"300\" src=\"https:\/\/www.kontekst.info\/wp-content\/uploads\/2024\/09\/automaty-vendingowe-na-stacji-ladowania-samochodow-elektrycznych-400x300.jpg\" class=\"attachment-medium size-medium\" alt=\"\" srcset=\"https:\/\/www.kontekst.info\/wp-content\/uploads\/2024\/09\/automaty-vendingowe-na-stacji-ladowania-samochodow-elektrycznych-400x300.jpg 400w, https:\/\/www.kontekst.info\/wp-content\/uploads\/2024\/09\/automaty-vendingowe-na-stacji-ladowania-samochodow-elektrycznych.jpg 672w\" sizes=\"auto, (max-width: 400px) 100vw, 400px\" \/>\n\t\t\t\t\t<\/div>\n\t\t[\/vc_column_inner][vc_column_inner width=&#8221;2\/3&#8243; css=&#8221;.vc_custom_1725378542654{padding-right: 5% !important;padding-left: 5% !important;}&#8221; woodmart_css_id=&#8221;66d72fe929d4c&#8221; parallax_scroll=&#8221;no&#8221; woodmart_sticky_column=&#8221;false&#8221; wd_collapsible_content_switcher=&#8221;no&#8221; wd_column_role_offcanvas_desktop=&#8221;no&#8221; wd_column_role_offcanvas_tablet=&#8221;no&#8221; wd_column_role_offcanvas_mobile=&#8221;no&#8221; wd_column_role_content_desktop=&#8221;no&#8221; wd_column_role_content_tablet=&#8221;no&#8221; wd_column_role_content_mobile=&#8221;no&#8221; mobile_bg_img_hidden=&#8221;no&#8221; tablet_bg_img_hidden=&#8221;no&#8221; woodmart_parallax=&#8221;0&#8243; woodmart_box_shadow=&#8221;no&#8221; responsive_spacing=&#8221;eyJwYXJhbV90eXBlIjoid29vZG1hcnRfcmVzcG9uc2l2ZV9zcGFjaW5nIiwic2VsZWN0b3JfaWQiOiI2NmQ3MmZlOTI5ZDRjIiwic2hvcnRjb2RlIjoidmNfY29sdW1uX2lubmVyIiwiZGF0YSI6eyJ0YWJsZXQiOnt9LCJtb2JpbGUiOnt9fX0=&#8221; wd_z_index=&#8221;no&#8221;]\n\t\t<div id=\"wd-66d72fcf2a97b\" class=\"title-wrapper wd-wpb wd-set-mb reset-last-child  wd-rs-66d72fcf2a97b wd-title-color-default wd-title-style-simple text-left h4 vc_custom_1725378524746 wd-width-enabled wd-underline-colored\" style=\"--wd-max-width: 90%;\">\n\t\t\t\n\t\t\t<div class=\"liner-continer\">\n\t\t\t\t<h2 class=\"woodmart-title-container title  wd-font-weight-600 wd-fontsize-xl\" ><strong><u>Automaty vendingowe <\/u><\/strong>na stacji \u0142adowania samochod\u00f3w elektrycznych<\/h2>\n\t\t\t\t\t\t\t<\/div>\n\t\t\t\n\t\t\t\n\t\t\t\n\t\t<\/div>\n\t\t\n\t\t\t\t<div id=\"wd-66d730feb160f\" class=\"wd-text-block wd-wpb reset-last-child wd-rs-66d730feb160f text-left wd-fontsize-custom \">\n\t\t\t<p style=\"text-align: justify;\">Samochod\u00f3w elektrycznych jest coraz wi\u0119cej, a czekanie na ich na\u0142adowanie trwaj\u0105ce zwykle 15-30 minut, mo\u017ce by\u0107 m\u0119cz\u0105ce. bk World podj\u0119\u0142a pr\u00f3b\u0119 umilenia tych niezb\u0119dnych przerw.<\/p>\n<p style=\"text-align: justify;\">Wyzwanie polega\u0142o na zapewnieniu wysokiej jako\u015bci, \u0142atwych w obs\u0142udze, wygodnych i zautomatyzowanych us\u0142ug gastronomicznych, pasuj\u0105cych do wyj\u0105tkowych obiekt\u00f3w, kt\u00f3re budowali. Aby tego dokona\u0107 potrzebowali niezawodnego partnera.<\/p>\n\t\t<\/div>\n\t\t[\/vc_column_inner][\/vc_row_inner][\/vc_column][\/vc_row][vc_row full_width=&#8221;stretch_row&#8221; css=&#8221;.vc_custom_1725378633403{padding-top: 60px !important;padding-bottom: 30px !important;background-color: #F8F8F8 !important;}&#8221; woodmart_css_id=&#8221;66d73044aa5ab&#8221; responsive_spacing=&#8221;eyJwYXJhbV90eXBlIjoid29vZG1hcnRfcmVzcG9uc2l2ZV9zcGFjaW5nIiwic2VsZWN0b3JfaWQiOiI2NmQ3MzA0NGFhNWFiIiwic2hvcnRjb2RlIjoidmNfcm93IiwiZGF0YSI6eyJ0YWJsZXQiOnsibWFyZ2luLWJvdHRvbSI6IjcwcHgifSwibW9iaWxlIjp7Im1hcmdpbi1ib3R0b20iOiI1MHB4In19fQ==&#8221; mobile_bg_img_hidden=&#8221;no&#8221; tablet_bg_img_hidden=&#8221;no&#8221; woodmart_parallax=&#8221;0&#8243; woodmart_gradient_switch=&#8221;no&#8221; row_reverse_mobile=&#8221;0&#8243; row_reverse_tablet=&#8221;0&#8243; woodmart_disable_overflow=&#8221;0&#8243; woodmart_box_shadow=&#8221;no&#8221; wd_z_index=&#8221;no&#8221;][vc_column css=&#8221;.vc_custom_1500719067312{padding-top: 0px !important;}&#8221;][vc_row_inner css=&#8221;.vc_custom_1725097621850{padding-top: 10px !important;padding-bottom: 20px !important;}&#8221; woodmart_css_id=&#8221;66d2e691a3c11&#8243; responsive_spacing=&#8221;eyJwYXJhbV90eXBlIjoid29vZG1hcnRfcmVzcG9uc2l2ZV9zcGFjaW5nIiwic2VsZWN0b3JfaWQiOiI2NmQyZTY5MWEzYzExIiwic2hvcnRjb2RlIjoidmNfcm93X2lubmVyIiwiZGF0YSI6eyJ0YWJsZXQiOnt9LCJtb2JpbGUiOnt9fX0=&#8221; mobile_bg_img_hidden=&#8221;no&#8221; tablet_bg_img_hidden=&#8221;no&#8221; woodmart_parallax=&#8221;0&#8243; woodmart_gradient_switch=&#8221;no&#8221; woodmart_box_shadow=&#8221;no&#8221; wd_z_index=&#8221;no&#8221; woodmart_disable_overflow=&#8221;0&#8243; row_reverse_mobile=&#8221;0&#8243; row_reverse_tablet=&#8221;0&#8243;][vc_column_inner width=&#8221;1\/2&#8243;]\t\t<div id=\"wd-66d7301327458\" class=\"wd-image wd-wpb wd-rs-66d7301327458 text-left \">\n\t\t\t\n\t\t\t<img loading=\"lazy\" decoding=\"async\" width=\"672\" height=\"502\" src=\"https:\/\/www.kontekst.info\/wp-content\/uploads\/2024\/09\/automaty-sprzedajace-na-stacji-ladowania-samochodow-elektrycznych.jpg\" class=\"attachment-large size-large\" alt=\"\" srcset=\"https:\/\/www.kontekst.info\/wp-content\/uploads\/2024\/09\/automaty-sprzedajace-na-stacji-ladowania-samochodow-elektrycznych.jpg 672w, https:\/\/www.kontekst.info\/wp-content\/uploads\/2024\/09\/automaty-sprzedajace-na-stacji-ladowania-samochodow-elektrycznych-400x300.jpg 400w\" sizes=\"auto, (max-width: 672px) 100vw, 672px\" \/>\n\t\t\t\t\t<\/div>\n\t\t\t\t<div id=\"wd-67126e60e2aeb\" class=\"wd-text-block wd-wpb reset-last-child wd-rs-67126e60e2aeb text-left wd-fontsize-custom \">\n\t\t\t<p style=\"text-align: justify;\">Pod koniec 2022 roku bk World nawi\u0105za\u0142 wsp\u00f3\u0142prac\u0119 z Selfly Store. Dzi\u0119ki temu mo\u017ce teraz oferowa\u0107 \u015bwie\u017c\u0105 \u017cywno\u015b\u0107 i przek\u0105ski za po\u015brednictwem automat\u00f3w sprzedaj\u0105cych wyposa\u017conych w technologi\u0119 RFID, zapewniaj\u0105c efektywne zarz\u0105dzanie datami wa\u017cno\u015bci i unikanie marnowania \u017cywno\u015bci.<\/p>\n<p style=\"text-align: justify;\">Co wi\u0119cej, <a href=\"\/index.php\/selfly-cloud-oprogramowanie-automatu-sprzedajacego\/\"><strong>Selfy Cloud<\/strong><\/a> odgrywa kluczow\u0105 rol\u0119 w zdalnym zarz\u0105dzaniu zapasami i planowaniu tras dostaw, co jest kluczowym elementem w przypadku tak du\u017cego projektu. W ka\u017cdym salonie bk World znajd\u0105 si\u0119 trzy lod\u00f3wki Selfly Store i jedna zamra\u017carka, co zapewnia kierowcom szeroki wyb\u00f3r produkt\u00f3w.<\/p>\n\t\t<\/div>\n\t\t[\/vc_column_inner][vc_column_inner width=&#8221;1\/2&#8243;]\t\t<div id=\"wd-66d7301854ca3\" class=\"wd-image wd-wpb wd-rs-66d7301854ca3 text-left \">\n\t\t\t\n\t\t\t<img loading=\"lazy\" decoding=\"async\" width=\"672\" height=\"502\" src=\"https:\/\/www.kontekst.info\/wp-content\/uploads\/2024\/09\/automaty-vendingowe-na-stacji-ladowania-samochodow-elektrycznych-1.jpg\" class=\"attachment-large size-large\" alt=\"\" srcset=\"https:\/\/www.kontekst.info\/wp-content\/uploads\/2024\/09\/automaty-vendingowe-na-stacji-ladowania-samochodow-elektrycznych-1.jpg 672w, https:\/\/www.kontekst.info\/wp-content\/uploads\/2024\/09\/automaty-vendingowe-na-stacji-ladowania-samochodow-elektrycznych-1-400x300.jpg 400w\" sizes=\"auto, (max-width: 672px) 100vw, 672px\" \/>\n\t\t\t\t\t<\/div>\n\t\t\t\t<div id=\"wd-67126e583eec6\" class=\"wd-text-block wd-wpb reset-last-child wd-rs-67126e583eec6 text-left wd-fontsize-custom \">\n\t\t\t<p style=\"text-align: justify;\">Pierwsze dwie stacje z inteligentnymi <a href=\"\/index.php\/automaty-vendingowe\/\"><strong>automatami vendingowymi Selfly Store<\/strong><\/a> zosta\u0142y otwarte w maju 2023 r. w Endsee i F\u00fcssen w Niemczech. Reakcja kierowc\u00f3w by\u0142a pozytywna, co wskazuje, \u017ce rozwi\u0105zanie sprosta\u0142o wyzwaniu. Elastyczno\u015b\u0107 zmiany asortymentu, systemy zdalnego monitorowania stan\u00f3w magazynowych oraz wsparcie lokalnych dostawc\u00f3w przyczyni\u0142y si\u0119 do zapewnienia najlepszego poziomu us\u0142ug dla kierowc\u00f3w samochod\u00f3w elektrycznych.<\/p>\n<p style=\"text-align: justify;\">Dlatego te\u017c bk World planuje uruchomienie kolejnych 300 salonik\u00f3w z automatami Selfly Store w ca\u0142ej Europie w ci\u0105gu najbli\u017cszych pi\u0119ciu lat.<\/p>\n\t\t<\/div>\n\t\t[\/vc_column_inner][\/vc_row_inner][\/vc_column][\/vc_row]<\/p>\n<\/div>","protected":false},"excerpt":{"rendered":"<p>[vc_row full_width=&#8221;stretch_row&#8221; content_placement=&#8221;middle&#8221; woodmart_bg_position=&#8221;right-top&#8221; css=&#8221;.vc_custom_1725378620967{padding-bottom: 20px !important;background-color: #FFFFFF !important;background-position: 0 0 !important;background-repeat: no-repeat !important;}&#8221; woodmart_css_id=&#8221;66d73037b60f1&#8243; responsive_spacing=&#8221;eyJwYXJhbV90eXBlIjoid29vZG1hcnRfcmVzcG9uc2l2ZV9zcGFjaW5nIiwic2VsZWN0b3JfaWQiOiI2NmQ3MzAzN2I2MGYxIiwic2hvcnRjb2RlIjoidmNfcm93IiwiZGF0YSI6eyJ0YWJsZXQiOnsicGFkZGluZy10b3AiOiI2MHB4In0sIm1vYmlsZSI6e319fQ==&#8221; mobile_bg_img_hidden=&#8221;no&#8221; tablet_bg_img_hidden=&#8221;no&#8221; woodmart_parallax=&#8221;0&#8243; woodmart_gradient_switch=&#8221;no&#8221;<\/p>\n","protected":false},"author":2,"featured_media":10588,"parent":10579,"menu_order":1,"comment_status":"closed","ping_status":"closed","template":"","meta":{"footnotes":""},"class_list":["post-10592","page","type-page","status-publish","has-post-thumbnail","hentry"],"yoast_head":"<!-- This site is optimized with the Yoast SEO plugin v27.3 - https:\/\/yoast.com\/product\/yoast-seo-wordpress\/ -->\n<title>bk World - Kontekst | Zobacz automaty<\/title>\n<meta name=\"description\" content=\"Dane vendingowe na stacji \u0142adowania samochod\u00f3w\" \/>\n<meta name=\"robots\" content=\"index, follow, max-snippet:-1, max-image-preview:large, max-video-preview:-1\" \/>\n<link rel=\"canonical\" href=\"https:\/\/www.kontekst.info\/index.php\/zastosowanie-automatow-sprzedajacych\/automaty-vendingowe-w-przestrzeni-publicznej\/bk-world\/\" \/>\n<meta property=\"og:locale\" content=\"pl_PL\" \/>\n<meta property=\"og:type\" content=\"article\" \/>\n<meta property=\"og:title\" content=\"bk World - Kontekst | Zobacz automaty\" \/>\n<meta property=\"og:description\" content=\"Dane vendingowe na stacji \u0142adowania samochod\u00f3w\" \/>\n<meta property=\"og:url\" content=\"https:\/\/www.kontekst.info\/index.php\/zastosowanie-automatow-sprzedajacych\/automaty-vendingowe-w-przestrzeni-publicznej\/bk-world\/\" \/>\n<meta property=\"og:site_name\" content=\"Kontekst\" \/>\n<meta property=\"article:modified_time\" content=\"2024-10-18T14:19:28+00:00\" \/>\n<meta property=\"og:image\" content=\"https:\/\/www.kontekst.info\/wp-content\/uploads\/2024\/09\/automaty-vendingowe-na-stacji-ladowania-samochodow-elektrycznych.jpg\" \/>\n\t<meta property=\"og:image:width\" content=\"672\" \/>\n\t<meta property=\"og:image:height\" content=\"502\" \/>\n\t<meta property=\"og:image:type\" content=\"image\/jpeg\" \/>\n<meta name=\"twitter:card\" content=\"summary_large_image\" \/>\n<meta name=\"twitter:label1\" content=\"Szacowany czas czytania\" \/>\n\t<meta name=\"twitter:data1\" content=\"4 minuty\" \/>\n<script type=\"application\/ld+json\" class=\"yoast-schema-graph\">{\"@context\":\"https:\\\/\\\/schema.org\",\"@graph\":[{\"@type\":\"WebPage\",\"@id\":\"https:\\\/\\\/www.kontekst.info\\\/index.php\\\/zastosowanie-automatow-sprzedajacych\\\/automaty-vendingowe-w-przestrzeni-publicznej\\\/bk-world\\\/\",\"url\":\"https:\\\/\\\/www.kontekst.info\\\/index.php\\\/zastosowanie-automatow-sprzedajacych\\\/automaty-vendingowe-w-przestrzeni-publicznej\\\/bk-world\\\/\",\"name\":\"bk World - Kontekst | Zobacz automaty\",\"isPartOf\":{\"@id\":\"https:\\\/\\\/www.kontekst.info\\\/#website\"},\"primaryImageOfPage\":{\"@id\":\"https:\\\/\\\/www.kontekst.info\\\/index.php\\\/zastosowanie-automatow-sprzedajacych\\\/automaty-vendingowe-w-przestrzeni-publicznej\\\/bk-world\\\/#primaryimage\"},\"image\":{\"@id\":\"https:\\\/\\\/www.kontekst.info\\\/index.php\\\/zastosowanie-automatow-sprzedajacych\\\/automaty-vendingowe-w-przestrzeni-publicznej\\\/bk-world\\\/#primaryimage\"},\"thumbnailUrl\":\"https:\\\/\\\/www.kontekst.info\\\/wp-content\\\/uploads\\\/2024\\\/09\\\/automaty-vendingowe-na-stacji-ladowania-samochodow-elektrycznych.jpg\",\"datePublished\":\"2024-09-03T15:45:12+00:00\",\"dateModified\":\"2024-10-18T14:19:28+00:00\",\"description\":\"Dane vendingowe na stacji \u0142adowania samochod\u00f3w\",\"breadcrumb\":{\"@id\":\"https:\\\/\\\/www.kontekst.info\\\/index.php\\\/zastosowanie-automatow-sprzedajacych\\\/automaty-vendingowe-w-przestrzeni-publicznej\\\/bk-world\\\/#breadcrumb\"},\"inLanguage\":\"pl-PL\",\"potentialAction\":[{\"@type\":\"ReadAction\",\"target\":[\"https:\\\/\\\/www.kontekst.info\\\/index.php\\\/zastosowanie-automatow-sprzedajacych\\\/automaty-vendingowe-w-przestrzeni-publicznej\\\/bk-world\\\/\"]}]},{\"@type\":\"ImageObject\",\"inLanguage\":\"pl-PL\",\"@id\":\"https:\\\/\\\/www.kontekst.info\\\/index.php\\\/zastosowanie-automatow-sprzedajacych\\\/automaty-vendingowe-w-przestrzeni-publicznej\\\/bk-world\\\/#primaryimage\",\"url\":\"https:\\\/\\\/www.kontekst.info\\\/wp-content\\\/uploads\\\/2024\\\/09\\\/automaty-vendingowe-na-stacji-ladowania-samochodow-elektrycznych.jpg\",\"contentUrl\":\"https:\\\/\\\/www.kontekst.info\\\/wp-content\\\/uploads\\\/2024\\\/09\\\/automaty-vendingowe-na-stacji-ladowania-samochodow-elektrycznych.jpg\",\"width\":672,\"height\":502},{\"@type\":\"BreadcrumbList\",\"@id\":\"https:\\\/\\\/www.kontekst.info\\\/index.php\\\/zastosowanie-automatow-sprzedajacych\\\/automaty-vendingowe-w-przestrzeni-publicznej\\\/bk-world\\\/#breadcrumb\",\"itemListElement\":[{\"@type\":\"ListItem\",\"position\":1,\"name\":\"Strona g\u0142\u00f3wna\",\"item\":\"https:\\\/\\\/www.kontekst.info\\\/\"},{\"@type\":\"ListItem\",\"position\":2,\"name\":\"Zastosowanie automat\u00f3w sprzedaj\u0105cych\",\"item\":\"https:\\\/\\\/www.kontekst.info\\\/index.php\\\/zastosowanie-automatow-sprzedajacych\\\/\"},{\"@type\":\"ListItem\",\"position\":3,\"name\":\"Automaty vendingowe w przestrzeni publicznej\",\"item\":\"https:\\\/\\\/www.kontekst.info\\\/index.php\\\/zastosowanie-automatow-sprzedajacych\\\/automaty-vendingowe-w-przestrzeni-publicznej\\\/\"},{\"@type\":\"ListItem\",\"position\":4,\"name\":\"bk World\"}]},{\"@type\":\"WebSite\",\"@id\":\"https:\\\/\\\/www.kontekst.info\\\/#website\",\"url\":\"https:\\\/\\\/www.kontekst.info\\\/\",\"name\":\"Kontekst\",\"description\":\"Autoryzowany dystrybutor Selflystore w Polsce\",\"publisher\":{\"@id\":\"https:\\\/\\\/www.kontekst.info\\\/#organization\"},\"potentialAction\":[{\"@type\":\"SearchAction\",\"target\":{\"@type\":\"EntryPoint\",\"urlTemplate\":\"https:\\\/\\\/www.kontekst.info\\\/?s={search_term_string}\"},\"query-input\":{\"@type\":\"PropertyValueSpecification\",\"valueRequired\":true,\"valueName\":\"search_term_string\"}}],\"inLanguage\":\"pl-PL\"},{\"@type\":\"Organization\",\"@id\":\"https:\\\/\\\/www.kontekst.info\\\/#organization\",\"name\":\"Kontekst\",\"url\":\"https:\\\/\\\/www.kontekst.info\\\/\",\"logo\":{\"@type\":\"ImageObject\",\"inLanguage\":\"pl-PL\",\"@id\":\"https:\\\/\\\/www.kontekst.info\\\/#\\\/schema\\\/logo\\\/image\\\/\",\"url\":\"https:\\\/\\\/www.kontekst.info\\\/wp-content\\\/uploads\\\/2024\\\/09\\\/Kontekst-logo_Selfly-Store-dark-AD.svg\",\"contentUrl\":\"https:\\\/\\\/www.kontekst.info\\\/wp-content\\\/uploads\\\/2024\\\/09\\\/Kontekst-logo_Selfly-Store-dark-AD.svg\",\"width\":520,\"height\":180,\"caption\":\"Kontekst\"},\"image\":{\"@id\":\"https:\\\/\\\/www.kontekst.info\\\/#\\\/schema\\\/logo\\\/image\\\/\"}}]}<\/script>\n<!-- \/ Yoast SEO plugin. -->","yoast_head_json":{"title":"bk World - Kontekst | Zobacz automaty","description":"Dane vendingowe na stacji \u0142adowania samochod\u00f3w","robots":{"index":"index","follow":"follow","max-snippet":"max-snippet:-1","max-image-preview":"max-image-preview:large","max-video-preview":"max-video-preview:-1"},"canonical":"https:\/\/www.kontekst.info\/index.php\/zastosowanie-automatow-sprzedajacych\/automaty-vendingowe-w-przestrzeni-publicznej\/bk-world\/","og_locale":"pl_PL","og_type":"article","og_title":"bk World - Kontekst | Zobacz automaty","og_description":"Dane vendingowe na stacji \u0142adowania samochod\u00f3w","og_url":"https:\/\/www.kontekst.info\/index.php\/zastosowanie-automatow-sprzedajacych\/automaty-vendingowe-w-przestrzeni-publicznej\/bk-world\/","og_site_name":"Kontekst","article_modified_time":"2024-10-18T14:19:28+00:00","og_image":[{"width":672,"height":502,"url":"https:\/\/www.kontekst.info\/wp-content\/uploads\/2024\/09\/automaty-vendingowe-na-stacji-ladowania-samochodow-elektrycznych.jpg","type":"image\/jpeg"}],"twitter_card":"summary_large_image","twitter_misc":{"Szacowany czas czytania":"4 minuty"},"schema":{"@context":"https:\/\/schema.org","@graph":[{"@type":"WebPage","@id":"https:\/\/www.kontekst.info\/index.php\/zastosowanie-automatow-sprzedajacych\/automaty-vendingowe-w-przestrzeni-publicznej\/bk-world\/","url":"https:\/\/www.kontekst.info\/index.php\/zastosowanie-automatow-sprzedajacych\/automaty-vendingowe-w-przestrzeni-publicznej\/bk-world\/","name":"bk World - Kontekst | Zobacz automaty","isPartOf":{"@id":"https:\/\/www.kontekst.info\/#website"},"primaryImageOfPage":{"@id":"https:\/\/www.kontekst.info\/index.php\/zastosowanie-automatow-sprzedajacych\/automaty-vendingowe-w-przestrzeni-publicznej\/bk-world\/#primaryimage"},"image":{"@id":"https:\/\/www.kontekst.info\/index.php\/zastosowanie-automatow-sprzedajacych\/automaty-vendingowe-w-przestrzeni-publicznej\/bk-world\/#primaryimage"},"thumbnailUrl":"https:\/\/www.kontekst.info\/wp-content\/uploads\/2024\/09\/automaty-vendingowe-na-stacji-ladowania-samochodow-elektrycznych.jpg","datePublished":"2024-09-03T15:45:12+00:00","dateModified":"2024-10-18T14:19:28+00:00","description":"Dane vendingowe na stacji \u0142adowania samochod\u00f3w","breadcrumb":{"@id":"https:\/\/www.kontekst.info\/index.php\/zastosowanie-automatow-sprzedajacych\/automaty-vendingowe-w-przestrzeni-publicznej\/bk-world\/#breadcrumb"},"inLanguage":"pl-PL","potentialAction":[{"@type":"ReadAction","target":["https:\/\/www.kontekst.info\/index.php\/zastosowanie-automatow-sprzedajacych\/automaty-vendingowe-w-przestrzeni-publicznej\/bk-world\/"]}]},{"@type":"ImageObject","inLanguage":"pl-PL","@id":"https:\/\/www.kontekst.info\/index.php\/zastosowanie-automatow-sprzedajacych\/automaty-vendingowe-w-przestrzeni-publicznej\/bk-world\/#primaryimage","url":"https:\/\/www.kontekst.info\/wp-content\/uploads\/2024\/09\/automaty-vendingowe-na-stacji-ladowania-samochodow-elektrycznych.jpg","contentUrl":"https:\/\/www.kontekst.info\/wp-content\/uploads\/2024\/09\/automaty-vendingowe-na-stacji-ladowania-samochodow-elektrycznych.jpg","width":672,"height":502},{"@type":"BreadcrumbList","@id":"https:\/\/www.kontekst.info\/index.php\/zastosowanie-automatow-sprzedajacych\/automaty-vendingowe-w-przestrzeni-publicznej\/bk-world\/#breadcrumb","itemListElement":[{"@type":"ListItem","position":1,"name":"Strona g\u0142\u00f3wna","item":"https:\/\/www.kontekst.info\/"},{"@type":"ListItem","position":2,"name":"Zastosowanie automat\u00f3w sprzedaj\u0105cych","item":"https:\/\/www.kontekst.info\/index.php\/zastosowanie-automatow-sprzedajacych\/"},{"@type":"ListItem","position":3,"name":"Automaty vendingowe w przestrzeni publicznej","item":"https:\/\/www.kontekst.info\/index.php\/zastosowanie-automatow-sprzedajacych\/automaty-vendingowe-w-przestrzeni-publicznej\/"},{"@type":"ListItem","position":4,"name":"bk World"}]},{"@type":"WebSite","@id":"https:\/\/www.kontekst.info\/#website","url":"https:\/\/www.kontekst.info\/","name":"Kontekst","description":"Autoryzowany dystrybutor Selflystore w Polsce","publisher":{"@id":"https:\/\/www.kontekst.info\/#organization"},"potentialAction":[{"@type":"SearchAction","target":{"@type":"EntryPoint","urlTemplate":"https:\/\/www.kontekst.info\/?s={search_term_string}"},"query-input":{"@type":"PropertyValueSpecification","valueRequired":true,"valueName":"search_term_string"}}],"inLanguage":"pl-PL"},{"@type":"Organization","@id":"https:\/\/www.kontekst.info\/#organization","name":"Kontekst","url":"https:\/\/www.kontekst.info\/","logo":{"@type":"ImageObject","inLanguage":"pl-PL","@id":"https:\/\/www.kontekst.info\/#\/schema\/logo\/image\/","url":"https:\/\/www.kontekst.info\/wp-content\/uploads\/2024\/09\/Kontekst-logo_Selfly-Store-dark-AD.svg","contentUrl":"https:\/\/www.kontekst.info\/wp-content\/uploads\/2024\/09\/Kontekst-logo_Selfly-Store-dark-AD.svg","width":520,"height":180,"caption":"Kontekst"},"image":{"@id":"https:\/\/www.kontekst.info\/#\/schema\/logo\/image\/"}}]}},"_links":{"self":[{"href":"https:\/\/www.kontekst.info\/index.php\/wp-json\/wp\/v2\/pages\/10592","targetHints":{"allow":["GET"]}}],"collection":[{"href":"https:\/\/www.kontekst.info\/index.php\/wp-json\/wp\/v2\/pages"}],"about":[{"href":"https:\/\/www.kontekst.info\/index.php\/wp-json\/wp\/v2\/types\/page"}],"author":[{"embeddable":true,"href":"https:\/\/www.kontekst.info\/index.php\/wp-json\/wp\/v2\/users\/2"}],"replies":[{"embeddable":true,"href":"https:\/\/www.kontekst.info\/index.php\/wp-json\/wp\/v2\/comments?post=10592"}],"version-history":[{"count":16,"href":"https:\/\/www.kontekst.info\/index.php\/wp-json\/wp\/v2\/pages\/10592\/revisions"}],"predecessor-version":[{"id":10746,"href":"https:\/\/www.kontekst.info\/index.php\/wp-json\/wp\/v2\/pages\/10592\/revisions\/10746"}],"up":[{"embeddable":true,"href":"https:\/\/www.kontekst.info\/index.php\/wp-json\/wp\/v2\/pages\/10579"}],"wp:featuredmedia":[{"embeddable":true,"href":"https:\/\/www.kontekst.info\/index.php\/wp-json\/wp\/v2\/media\/10588"}],"wp:attachment":[{"href":"https:\/\/www.kontekst.info\/index.php\/wp-json\/wp\/v2\/media?parent=10592"}],"curies":[{"name":"wp","href":"https:\/\/api.w.org\/{rel}","templated":true}]}}