{"id":10644,"date":"2024-09-03T18:47:25","date_gmt":"2024-09-03T16:47:25","guid":{"rendered":"https:\/\/www.kontekst.info\/?page_id=10644"},"modified":"2024-09-05T17:06:40","modified_gmt":"2024-09-05T15:06:40","slug":"regulamin","status":"publish","type":"page","link":"https:\/\/www.kontekst.info\/index.php\/regulamin\/","title":{"rendered":"Regulamin"},"content":{"rendered":"<div class=\"wpb-content-wrapper\"><p>[vc_row][vc_column][vc_column_text css=&#8221;&#8221; woodmart_inline=&#8221;no&#8221; text_larger=&#8221;no&#8221;]<\/p>\r\n\r\n<h2 style=\"text-align: center;\">Regulamin<\/h2>\r\n<hr \/>\r\n<p style=\"text-align: center;\"><strong>\u00a71 Poj\u0119cia &#8211; s\u0142ownik<\/strong><\/p>\r\n<ol>\r\n<li style=\"text-align: justify;\">Sprzedawca \u2013 <strong><span id=\"MainContentForm_lblName\">Kontekst, Henryk Stok\u0142osa <\/span><\/strong>Jurk\u00f3w 67, Jurk\u00f3w 34-643, NIP: 9690801974, REGON: 492706167.<\/li>\r\n<li style=\"text-align: justify;\">Serwis internetowy \u2013 serwis nale\u017c\u0105cy do <strong><span id=\"MainContentForm_lblName\">Kontekst, Henryk Stok\u0142osa<\/span><\/strong>, kt\u00f3ry funkcjonuje w domenie <a href=\"https:\/\/www.kontekst.info\/\">kontekst.info<\/a><\/li>\r\n<li style=\"text-align: justify;\">Kupuj\u0105cy \u2013 ka\u017cdy podmiot sk\u0142adaj\u0105cy zam\u00f3wienie w Serwisie (Konsument lub osoba nieposiadaj\u0105ca statusu Konsumenta).<\/li>\r\n<li style=\"text-align: justify;\">Konsument \u2013 Kupuj\u0105cy b\u0119d\u0105cy osob\u0105 fizyczn\u0105 dokonuj\u0105c\u0105 czynno\u015bci prawnych niezwi\u0105zanych bezpo\u015brednio z jej dzia\u0142alno\u015bci\u0105 gospodarcz\u0105 lub zawodow\u0105 (art. 22<sup>1<\/sup>\u00a0Kodeksu cywilnego).<\/li>\r\n<li style=\"text-align: justify;\">Regulamin \u2013 niniejszy regulamin.<\/li>\r\n<li style=\"text-align: justify;\">Produkt \u2013 rzecz ruchoma, dost\u0119pna w sprzeda\u017cy internetowej &#8211; w szczeg\u00f3lno\u015bci automaty vendingowe (sprzedaj\u0105ce) marki Selfly Store.<\/li>\r\n<li style=\"text-align: justify;\">Zam\u00f3wienie \u2013 o\u015bwiadczenie woli Kupuj\u0105cego zmierzaj\u0105ce bezpo\u015brednio do zawarcia umowy sprzeda\u017cy produkt\u00f3w na odleg\u0142o\u015b\u0107 za po\u015brednictwem Serwisu internetowego, okre\u015blaj\u0105ce co najmniej rodzaj i liczb\u0119 produkt\u00f3w.<\/li>\r\n<\/ol>\r\n<p>&nbsp;<\/p>\r\n<p style=\"text-align: center;\"><strong>\u00a72 Postanowienia og\u00f3lne<\/strong><\/p>\r\n<ol>\r\n<li style=\"text-align: justify;\">Regulamin okre\u015bla zasady zawarcia i wykonania umowy sprzeda\u017cy produkt\u00f3w, kt\u00f3re oferujemy w Serwisie Internetowym &#8211; w szczeg\u00f3lno\u015bci: w szczeg\u00f3lno\u015bci automaty vendingowe (sprzedaj\u0105ce) marki Selfly Store.<\/li>\r\n<li style=\"text-align: justify;\">Przedmiotem sprzeda\u017cy s\u0105 produkty oferowane i prezentowane przez Serwis internetowy w chwili sk\u0142adania Zam\u00f3wienia.<\/li>\r\n<li style=\"text-align: justify;\">Ceny towar\u00f3w podajemy w polskich z\u0142otych (PLN\/z\u0142) i zawieraj\u0105 podatek VAT.<\/li>\r\n<li style=\"text-align: justify;\">Nasza oferta w Serwisie internetowym obowi\u0105zuje na terenie Polski.<\/li>\r\n<li style=\"text-align: justify;\">Sprzedawca ma prawo do zmiany ceny Produkt\u00f3w, wprowadzania nowych Produkt\u00f3w, wycofania Produkt\u00f3w, udzielania rabat\u00f3w na poszczeg\u00f3lne Produkty oraz przeprowadzania i odwo\u0142ywania akcji promocyjnych w Serwisie. Nie ogranicza to jednak w \u017caden spos\u00f3b praw nabytych przez Kupuj\u0105cych; tj. zmiany nie dotycz\u0105 Zam\u00f3wie\u0144, kt\u00f3re zosta\u0142y przez Kupuj\u0105cych z\u0142o\u017cone.<\/li>\r\n<li style=\"text-align: justify;\">Zakazuje si\u0119 osobom korzystaj\u0105cym z Serwisu (w tym Kupuj\u0105cym) zamieszczania w nim tre\u015bci bezprawnych (np. w opiniach o Towarze).<\/li>\r\n<\/ol>\r\n<p>&nbsp;<\/p>\r\n<p style=\"text-align: center;\">\u00a0 <strong>\u00a73 Produkty<\/strong><\/p>\r\n<ol>\r\n<li style=\"text-align: justify;\">Automaty vendingowe (sprzedaj\u0105ce) marki Selfly Store sprzedawane przez nas w Serwisie internetowym s\u0105 nowe oraz pochodz\u0105 z bie\u017c\u0105cej produkcji i s\u0105 towarem pe\u0142nowarto\u015bciowym, dystrybuowanym bezpo\u015brednio przez <strong><span id=\"MainContentForm_lblName\">Kontekst, Henryk Stok\u0142osa<\/span><\/strong>\u00a0i posiadaj\u0105 pe\u0142n\u0105 gwarancj\u0119 producenta.<\/li>\r\n<\/ol>\r\n<p>&nbsp;<\/p>\r\n<p style=\"text-align: center;\"><strong>\u00a74 Sk\u0142adanie Zam\u00f3wie\u0144<\/strong><\/p>\r\n<p style=\"text-align: justify;\">1. Sprzedawca umo\u017cliwia sk\u0142adanie Zam\u00f3wie\u0144 w\u00a0nast\u0119puj\u0105cy spos\u00f3b:<\/p>\r\n<ul style=\"text-align: justify;\">\r\n<li>Przez telefon sk\u0142adaj\u0105c zam\u00f3wienie u Konsultanta<\/li>\r\n<li>Poczt\u0105 elektroniczn\u0105 na adres: <u><a href=\"mailto:info@kontekst.info\">info@kontekst.info<\/a><\/u><\/li>\r\n<li>Wype\u0142niaj\u0105c formularz na stronie www<\/li>\r\n<\/ul>\r\n<p>&nbsp;<\/p>\r\n<p style=\"text-align: justify;\">2. Po z\u0142o\u017ceniu Zam\u00f3wienia Kupuj\u0105cy otrzymuje:<\/p>\r\n<ul style=\"text-align: justify;\">\r\n<li>e-mail b\u0119d\u0105cy potwierdzeniem z\u0142o\u017cenia Zam\u00f3wienia u Sprzedawcy \u2013 wraz ze wszystkimi istotnymi warunkami Zam\u00f3wienia (w przypadku z\u0142o\u017cenia zam\u00f3wienia za pomoc\u0105 Serwisu internetowego),<\/li>\r\n<li>w ci\u0105gu 1 dnia roboczego od z\u0142o\u017cenia zam\u00f3wienia \u2013 informacj\u0119 poprzez e-mail lub telefonicznie, potwierdzaj\u0105c\u0105 przyj\u0119cie zam\u00f3wienia do realizacji i zawarcie umowy sprzeda\u017cy Produkt\u00f3w.<\/li>\r\n<\/ul>\r\n<p style=\"text-align: justify;\">3. W przypadku stwierdzenia przez Kupuj\u0105cego niezgodno\u015bci w przes\u0142anej przez Serwis informacji, o kt\u00f3rej mowa w \u00a7 4 ust. 3 pkt 2 Regulaminu, Sprzedawca prosi o kontakt telefoniczny pod podany w tej informacji numer telefonu lub kontakt za pomoc\u0105 poczty e-mail w celu skorygowania niezgodno\u015bci.<\/p>\r\n<p>&nbsp;<\/p>\r\n<p style=\"text-align: center;\"><strong>\u00a75 Koszty transportu<\/strong><\/p>\r\n<p style=\"text-align: justify;\">1. Zapewniamy odp\u0142atny transport: automat\u00f3w vendingowych (sprzedaj\u0105cych) marki Selfly Store.<\/p>\r\n<p>&nbsp;<\/p>\r\n<p style=\"text-align: center;\"><strong>\u00a76 Warunki p\u0142atno\u015bci<\/strong><\/p>\r\n<p style=\"text-align: left;\">Sprzedawca udost\u0119pnia nast\u0119puj\u0105ce sposoby realizacji p\u0142atno\u015bci:<\/p>\r\n<ul>\r\n<li style=\"text-align: justify;\">przelewem bankowym na konto <strong><span id=\"MainContentForm_lblName\">Kontekst, Henryk Stok\u0142osa<\/span><\/strong>\u00a0(przed monta\u017cem)<\/li>\r\n<\/ul>\r\n<p>&nbsp;<\/p>\r\n<p style=\"text-align: center;\"><strong>\u00a77 Realizacja Zam\u00f3wie\u0144<\/strong><\/p>\r\n<p style=\"text-align: justify;\">1. Warunkiem realizacji Zam\u00f3wienia z\u0142o\u017conego przez Kupuj\u0105cego za po\u015brednictwem Serwisu internetowego jest podanie przy wype\u0142nianiu formularza prawdziwych danych osobowych oraz kontaktowych (umo\u017cliwiaj\u0105cych weryfikacj\u0119 i potwierdzenie przyj\u0119cia Zam\u00f3wienia).<\/p>\r\n<p style=\"text-align: justify;\">2. W przypadku b\u0142\u0119dnego lub niedostatecznego wype\u0142nienia formularza Sprzedawca do\u0142o\u017cy wszelkich stara\u0144, aby skontaktowa\u0107 si\u0119 z Kupuj\u0105cym w celu potwierdzenia przyj\u0119cia Zam\u00f3wienia do realizacji. Je\u015bli przyj\u0119cie Zam\u00f3wienia do realizacji nie b\u0119dzie mo\u017cna potwierdzi\u0107 w terminie 3 dni z uwagi na brak mo\u017cliwo\u015bci kontaktu z Kupuj\u0105cym oferta Sprzedawcy w zakresie zam\u00f3wionego Produktu, umowa nie jest wi\u0105\u017c\u0105ca.<\/p>\r\n<p style=\"text-align: justify;\">3. Status realizacji Zam\u00f3wienia Kupuj\u0105cy mo\u017ce w\u00a0ka\u017cdej chwili sprawdzi\u0107 telefonicznie.<\/p>\r\n<p style=\"text-align: justify;\">4. Przeci\u0119tny czas realizacji Zam\u00f3wienia wynosi \u015brednio wraz z\u00a0dostaw\u0105 30\u00a0dni roboczych. Czas ten mo\u017ce ulec wyd\u0142u\u017ceniu o\u00a0kolejne 1-10 dni roboczych w\u00a0przypadku wyst\u0105pienia losowych zdarze\u0144. Kupuj\u0105cy b\u0119dzie poinformowany telefonicznie o\u00a0terminie oraz godzinach dostawy i\u00a0monta\u017cu.<\/p>\r\n<p style=\"text-align: justify;\">5. Je\u017celi proponowany przez nas termin dostawy i\u00a0monta\u017cu nie zostanie zaakceptowany przez Klienta czas realizacji mo\u017ce wyd\u0142u\u017cy\u0107 si\u0119 o\u00a0kolejne 30\u00a0dni roboczych.<\/p>\r\n<p style=\"text-align: justify;\">6. Dokumentem sprzeda\u017cy jest paragon lub na \u017cyczenie Kupuj\u0105cego faktura VAT, kt\u00f3re Kupuj\u0105cy otrzymuje po monta\u017cu.<\/p>\r\n<p>&nbsp;<\/p>\r\n<p style=\"text-align: center;\"><strong>\u00a78 Odst\u0105pienie od umowy &#8211; Zwrot Produktu<\/strong><\/p>\r\n<p style=\"text-align: justify;\">1. Kupuj\u0105cy maj\u0105cy status Konsumenta mo\u017ce odst\u0105pi\u0107 od umowy sprzeda\u017cy Towar\u00f3w zakupionych u\u00a0Sprzedawcy bez podania przyczyny, sk\u0142adaj\u0105c stosowne o\u015bwiadczenie na pi\u015bmie w\u00a0terminie czternastu dni, licz\u0105c od dnia wydania Towaru (tj. od dnia odebrania Towaru przez Konsumenta). Do zachowania tego terminu wystarczy wys\u0142anie o\u015bwiadczenia przed jego up\u0142ywem.<\/p>\r\n<p style=\"text-align: justify;\">2. Prawo odst\u0105pienia od umowy nie przys\u0142uguje konsumentowi w\u00a0wypadkach:<\/p>\r\n<ul style=\"text-align: justify;\">\r\n<li>\u015bwiadcze\u0144 o\u00a0w\u0142a\u015bciwo\u015bciach okre\u015blonych przez konsumenta w\u00a0z\u0142o\u017conym przez niego zam\u00f3wieniu lub \u015bci\u015ble zwi\u0105zanych z\u00a0jego osob\u0105,<\/li>\r\n<li>\u015bwiadcze\u0144, kt\u00f3re z\u00a0uwagi na ich charakter nie mog\u0105 zosta\u0107 zwr\u00f3cone lub kt\u00f3rych przedmiot ulega szybkiemu zepsuciu,<\/li>\r\n<li>\u015bwiadczenia us\u0142ug rozpocz\u0119tego, za zgod\u0105 konsumenta, przed up\u0142ywem terminu, o\u00a0kt\u00f3rym mowa w\u00a0art. 7\u00a0ust. 1\u00a0ustawy z\u00a0dnia 2\u00a0marca 2000 r. o\u00a0ochronie niekt\u00f3rych praw konsument\u00f3w oraz o\u00a0odpowiedzialno\u015bci za szkod\u0119 wyrz\u0105dzon\u0105 przez produkt niebezpieczny<\/li>\r\n<li>dotycz\u0105cych nagra\u0144 audialnych i\u00a0wizualnych oraz zapisanych na informatycznych no\u015bnikach danych po usuni\u0119ciu przez konsumenta ich oryginalnego opakowania,<\/li>\r\n<li>um\u00f3w dotycz\u0105cych \u015bwiadcze\u0144, za kt\u00f3re cena lub wynagrodzenie zale\u017cy wy\u0142\u0105cznie od ruchu cen na rynku finansowym,<\/li>\r\n<li>dostarczania prasy,<\/li>\r\n<li>us\u0142ug w\u00a0zakresie gier hazardowych.<\/li>\r\n<\/ul>\r\n<p style=\"text-align: justify;\">3. W\u00a0razie odst\u0105pienia Konsument zobowi\u0105zany jest do zwrotu Towaru w\u00a0stanie niezmienionym, chyba \u017ce zmiana by\u0142a konieczna w\u00a0granicach zwyk\u0142ego zarz\u0105du.<\/p>\r\n<p style=\"text-align: justify;\">4. Konsument zobowi\u0105zany jest do zwrotu Towaru niezw\u0142ocznie, w\u00a0terminie nie d\u0142u\u017cszym ni\u017c 14 dni od dnia odst\u0105pienia od umowy.<\/p>\r\n<p style=\"text-align: justify;\">5. Konsument, kt\u00f3ry odst\u0105pi\u0142 od umowy wysy\u0142a Towar do Sprzedawcy na w\u0142asny koszt; koszt ten nie podlega zwrotowi.<\/p>\r\n<p style=\"text-align: justify;\">6. Cena zap\u0142acona za Towar wraz z\u00a0kosztami transportu poniesionymi przez Konsumenta przy zakupie Towaru zostan\u0105 zwr\u00f3cone przez Sprzedawc\u0119 w\u00a0terminie 14 dni od dnia odst\u0105pienia od umowy.<\/p>\r\n<p style=\"text-align: justify;\">7. Kupuj\u0105cy nieposiadaj\u0105cy statusu Konsumenta nie ma uprawnienia do odst\u0105pienia od umowy, o\u00a0kt\u00f3rym mowa w\u00a0\u00a7 9\u00a0ust. 1\u00a0Regulaminu. Wobec takich Kupuj\u0105cych zasady i\u00a0terminy odst\u0105pienia od umowy reguluj\u0105 przepisy Kodeksu cywilnego.<\/p>\r\n<p>&nbsp;<\/p>\r\n<p style=\"text-align: center;\"><strong>\u00a79 Reklamacje<\/strong><\/p>\r\n<p style=\"text-align: justify;\">1. Sprzedawca odpowiada wobec Kupuj\u0105cego b\u0119d\u0105cego Konsumentem z\u00a0tytu\u0142u niezgodno\u015bci Towaru z\u00a0umow\u0105 sprzeda\u017cy w\u00a0zakresie okre\u015blonym ustaw\u0105 z\u00a0dnia 27 lipca 2002 r. o\u00a0szczeg\u00f3lnych warunkach sprzeda\u017cy konsumenckiej oraz o\u00a0zmianie kodeksu cywilnego (Dz. U. Nr 141, poz. 1176 ze zm.).<\/p>\r\n<p style=\"text-align: justify;\">2. Reklamacje z tytu\u0142u niezgodno\u015bci Towaru z umow\u0105 sprzeda\u017cy mo\u017cna sk\u0142ada\u0107 pisemnie na adres Sprzedawcy lub za po\u015brednictwem poczty elektronicznej na adres: <u><a href=\"mailto:info@kontekst.info\">info@kontekst.info<\/a><\/u><\/p>\r\n<p style=\"text-align: justify;\">3. Sk\u0142adaj\u0105c reklamacj\u0119 z tytu\u0142u niezgodno\u015bci Towaru z umow\u0105 Sprzedawca zaleca podanie danych kontaktowych Kupuj\u0105cego, dok\u0142adne opisanie przyczyn reklamacji i \u017c\u0105da\u0144 wobec Sprzedawcy, a tak\u017ce do\u0142\u0105czenie dokumentu sprzeda\u017cy b\u0105d\u017a jego kserokopii.<\/p>\r\n<p style=\"text-align: justify;\">4. Sprzedawca odpowiada wobec Kupuj\u0105cego nieb\u0119d\u0105cego Konsumentem na podstawie przepis\u00f3w Kodeksu cywilnego w zakresie r\u0119kojmi.<\/p>\r\n<p style=\"text-align: justify;\">5. Reklamacja z\u0142o\u017cona przez Kupuj\u0105cego nieb\u0119d\u0105cego konsumentem, bez za\u0142\u0105czonego dokumentu sprzeda\u017cy, nie b\u0119dzie rozpatrywana.<\/p>\r\n<p style=\"text-align: justify;\">6. Czas rozpatrywania reklamacji to 14 dni roboczych.<\/p>\r\n<p>&nbsp;<\/p>\r\n<p style=\"text-align: center;\"><strong>\u00a710 Gwarancja<\/strong><\/p>\r\n<p style=\"text-align: justify;\">1. W\u00a0przypadku Towar\u00f3w obj\u0119tych gwarancj\u0105 uprawnienia z\u00a0tego tytu\u0142u nale\u017cy wykonywa\u0107 zgodnie z\u00a0warunkami zamieszczonymi w\u00a0dokumencie gwarancyjnym.<\/p>\r\n<p style=\"text-align: justify;\">2. Uprawnienia Konsumenta wynikaj\u0105ce ze zg\u0142oszonej reklamacji z\u00a0tytu\u0142u niezgodno\u015bci towaru z\u00a0umow\u0105 lub uprawniania Kupuj\u0105cego nieb\u0119d\u0105cego konsumentem z\u00a0tytu\u0142u zg\u0142oszonej reklamacji w\u00a0ramach r\u0119kojmi za wady nie wy\u0142\u0105czaj\u0105, nie ograniczaj\u0105, ani nie zawieszaj\u0105 uprawnie\u0144 Kupuj\u0105cego wynikaj\u0105cych z\u00a0gwarancji udzielonej przez gwaranta \u2013 na zasadach wskazanych w\u00a0dokumencie gwarancyjnym.<\/p>\r\n<p>&nbsp;<\/p>\r\n<p style=\"text-align: center;\"><strong>\u00a711 Obowi\u0105zki Kupuj\u0105cego<\/strong><\/p>\r\n<p style=\"text-align: justify;\">1. Po z\u0142o\u017ceniu zam\u00f3wieniu Kupuj\u0105cy zobowi\u0105zuje si\u0119 do przygotowania obiektu, w kt\u00f3rym ma by\u0107 zmontowany automat vendingowy.<\/p>\r\n<p>&nbsp;<\/p>\r\n<p style=\"text-align: center;\"><strong>\u00a712 Ochrona danych osobowych i\u00a0prywatno\u015bci<\/strong><\/p>\r\n<p>1. Sk\u0142adaj\u0105c Zam\u00f3wienia (w szczeg\u00f3lno\u015bci wype\u0142niaj\u0105c formularz) Kupuj\u0105cy wyra\u017ca zgod\u0119 na przetwarzanie podanych przez niego danych osobowych w celu realizacji i obs\u0142ugi zam\u00f3wienia przez Sprzedawc\u0119, kt\u00f3ry jest jednocze\u015bnie administratorem danych, zgodnie z przepisami ustawy z dnia 29 sierpnia 1997 r. o ochronie danych osobowych.<\/p>\r\n<p>2. Dane osobowe znajduj\u0105ce si\u0119 w bazie danych Sprzedawcy nie s\u0105 przekazywane podmiotom nie uczestnicz\u0105cym w realizacji umowy kupna\/sprzeda\u017cy.<\/p>\r\n<p>3. Kupuj\u0105cy zgodnie z ustaw\u0105 o ochronie danych osobowych ma prawo wgl\u0105du do swoich danych osobowych, mo\u017cliwo\u015b\u0107 ich poprawiania oraz usuni\u0119cia. Sprzedawca zapewnia ka\u017cdemu Kupuj\u0105cemu prawo kontroli przetwarzania danych zgodnie z art. 32 ustawy o ochronie danych osobowych.<\/p>\r\n<p>4. Podanie danych osobowych jest dobrowolne, jednak\u017ce brak zgody okre\u015blonej w \u00a7 13 ust. 2 na przetwarzanie danych osobowych uniemo\u017cliwia zrealizowanie Zam\u00f3wienia Kupuj\u0105cego.<\/p>\r\n<p style=\"text-align: center;\"><strong>\u00a713 Postanowienia ko\u0144cowe<\/strong><\/p>\r\n<p style=\"text-align: justify;\">1. W\u00a0sprawach nieuregulowanych Regulaminem obowi\u0105zuj\u0105 przepisy powszechnie obowi\u0105zuj\u0105cego prawa, w\u00a0tym w\u00a0szczeg\u00f3lno\u015bci postanowienia kodeksu cywilnego, ustawy z\u00a0dnia 2\u00a0marca 2000 r. o\u00a0ochronie niekt\u00f3rych praw konsument\u00f3w oraz odpowiedzialno\u015bci za szkod\u0119 wyrz\u0105dzon\u0105 przez produkt niebezpieczny oraz ustawy z\u00a0dnia 27 lipca 2002 r. o\u00a0szczeg\u00f3lnych warunkach sprzeda\u017cy konsumenckiej oraz o\u00a0zmianie Kodeksu cywilnego.<\/p>\r\n<p style=\"text-align: justify;\">2. Regulamin nie wy\u0142\u0105cza oraz nie ogranicza \u017cadnych uprawnie\u0144 Kupuj\u0105cego b\u0119d\u0105cego Konsumentem, kt\u00f3re przys\u0142uguj\u0105 mu na mocy bezwzgl\u0119dnie obowi\u0105zuj\u0105cych przepis\u00f3w prawa. W przypadku sprzeczno\u015bci pomi\u0119dzy postanowieniami Regulaminu a bezwzgl\u0119dnie obowi\u0105zuj\u0105cymi przepisami prawa, przyznaj\u0105cymi Konsumentom uprawnienia, pierwsze\u0144stwo maj\u0105 przepisy przepisy powszechnie obowi\u0105zuj\u0105ce.<\/p>\r\n<p>&nbsp;<\/p>\r\n<p>[\/vc_column_text][\/vc_column][\/vc_row]<\/p><\/div>","protected":false},"excerpt":{"rendered":"<p>[vc_row][vc_column][vc_column_text css=&#8221;&#8221; woodmart_inline=&#8221;no&#8221; text_larger=&#8221;no&#8221;] Regulamin \u00a71 Poj\u0119cia &#8211; s\u0142ownik Sprzedawca \u2013 Kontekst, Henryk Stok\u0142osa Jurk\u00f3w 67, Jurk\u00f3w 34-643, NIP: 9690801974,<\/p>\n","protected":false},"author":2,"featured_media":0,"parent":0,"menu_order":0,"comment_status":"closed","ping_status":"open","template":"","meta":{"footnotes":""},"class_list":["post-10644","page","type-page","status-publish","hentry"],"yoast_head":"<!-- This site is optimized with the Yoast SEO plugin v27.3 - https:\/\/yoast.com\/product\/yoast-seo-wordpress\/ -->\n<title>Regulamin - Kontekst<\/title>\n<meta name=\"robots\" content=\"index, follow, max-snippet:-1, max-image-preview:large, max-video-preview:-1\" \/>\n<link rel=\"canonical\" href=\"https:\/\/www.kontekst.info\/index.php\/regulamin\/\" \/>\n<meta property=\"og:locale\" content=\"pl_PL\" \/>\n<meta property=\"og:type\" content=\"article\" \/>\n<meta property=\"og:title\" content=\"Regulamin - Kontekst\" \/>\n<meta property=\"og:description\" content=\"[vc_row][vc_column][vc_column_text css=&#8221;&#8221; woodmart_inline=&#8221;no&#8221; text_larger=&#8221;no&#8221;] Regulamin \u00a71 Poj\u0119cia &#8211; s\u0142ownik Sprzedawca \u2013 Kontekst, Henryk Stok\u0142osa Jurk\u00f3w 67, Jurk\u00f3w 34-643, NIP: 9690801974,\" \/>\n<meta property=\"og:url\" content=\"https:\/\/www.kontekst.info\/index.php\/regulamin\/\" \/>\n<meta property=\"og:site_name\" content=\"Kontekst\" \/>\n<meta property=\"article:modified_time\" content=\"2024-09-05T15:06:40+00:00\" \/>\n<meta property=\"og:image\" content=\"https:\/\/www.kontekst.info\/wp-content\/uploads\/2024\/07\/kontekst-zaslepka.jpg\" \/>\n\t<meta property=\"og:image:width\" content=\"1447\" \/>\n\t<meta property=\"og:image:height\" content=\"1258\" \/>\n\t<meta property=\"og:image:type\" content=\"image\/jpeg\" \/>\n<meta name=\"twitter:card\" content=\"summary_large_image\" \/>\n<meta name=\"twitter:label1\" content=\"Szacowany czas czytania\" \/>\n\t<meta name=\"twitter:data1\" content=\"9 minut\" \/>\n<script type=\"application\/ld+json\" class=\"yoast-schema-graph\">{\"@context\":\"https:\\\/\\\/schema.org\",\"@graph\":[{\"@type\":\"WebPage\",\"@id\":\"https:\\\/\\\/www.kontekst.info\\\/index.php\\\/regulamin\\\/\",\"url\":\"https:\\\/\\\/www.kontekst.info\\\/index.php\\\/regulamin\\\/\",\"name\":\"Regulamin - Kontekst\",\"isPartOf\":{\"@id\":\"https:\\\/\\\/www.kontekst.info\\\/#website\"},\"datePublished\":\"2024-09-03T16:47:25+00:00\",\"dateModified\":\"2024-09-05T15:06:40+00:00\",\"breadcrumb\":{\"@id\":\"https:\\\/\\\/www.kontekst.info\\\/index.php\\\/regulamin\\\/#breadcrumb\"},\"inLanguage\":\"pl-PL\",\"potentialAction\":[{\"@type\":\"ReadAction\",\"target\":[\"https:\\\/\\\/www.kontekst.info\\\/index.php\\\/regulamin\\\/\"]}]},{\"@type\":\"BreadcrumbList\",\"@id\":\"https:\\\/\\\/www.kontekst.info\\\/index.php\\\/regulamin\\\/#breadcrumb\",\"itemListElement\":[{\"@type\":\"ListItem\",\"position\":1,\"name\":\"Strona g\u0142\u00f3wna\",\"item\":\"https:\\\/\\\/www.kontekst.info\\\/\"},{\"@type\":\"ListItem\",\"position\":2,\"name\":\"Regulamin\"}]},{\"@type\":\"WebSite\",\"@id\":\"https:\\\/\\\/www.kontekst.info\\\/#website\",\"url\":\"https:\\\/\\\/www.kontekst.info\\\/\",\"name\":\"Kontekst\",\"description\":\"Autoryzowany dystrybutor Selflystore w Polsce\",\"publisher\":{\"@id\":\"https:\\\/\\\/www.kontekst.info\\\/#organization\"},\"potentialAction\":[{\"@type\":\"SearchAction\",\"target\":{\"@type\":\"EntryPoint\",\"urlTemplate\":\"https:\\\/\\\/www.kontekst.info\\\/?s={search_term_string}\"},\"query-input\":{\"@type\":\"PropertyValueSpecification\",\"valueRequired\":true,\"valueName\":\"search_term_string\"}}],\"inLanguage\":\"pl-PL\"},{\"@type\":\"Organization\",\"@id\":\"https:\\\/\\\/www.kontekst.info\\\/#organization\",\"name\":\"Kontekst\",\"url\":\"https:\\\/\\\/www.kontekst.info\\\/\",\"logo\":{\"@type\":\"ImageObject\",\"inLanguage\":\"pl-PL\",\"@id\":\"https:\\\/\\\/www.kontekst.info\\\/#\\\/schema\\\/logo\\\/image\\\/\",\"url\":\"https:\\\/\\\/www.kontekst.info\\\/wp-content\\\/uploads\\\/2024\\\/09\\\/Kontekst-logo_Selfly-Store-dark-AD.svg\",\"contentUrl\":\"https:\\\/\\\/www.kontekst.info\\\/wp-content\\\/uploads\\\/2024\\\/09\\\/Kontekst-logo_Selfly-Store-dark-AD.svg\",\"width\":520,\"height\":180,\"caption\":\"Kontekst\"},\"image\":{\"@id\":\"https:\\\/\\\/www.kontekst.info\\\/#\\\/schema\\\/logo\\\/image\\\/\"}}]}<\/script>\n<!-- \/ Yoast SEO plugin. -->","yoast_head_json":{"title":"Regulamin - Kontekst","robots":{"index":"index","follow":"follow","max-snippet":"max-snippet:-1","max-image-preview":"max-image-preview:large","max-video-preview":"max-video-preview:-1"},"canonical":"https:\/\/www.kontekst.info\/index.php\/regulamin\/","og_locale":"pl_PL","og_type":"article","og_title":"Regulamin - Kontekst","og_description":"[vc_row][vc_column][vc_column_text css=&#8221;&#8221; woodmart_inline=&#8221;no&#8221; text_larger=&#8221;no&#8221;] Regulamin \u00a71 Poj\u0119cia &#8211; s\u0142ownik Sprzedawca \u2013 Kontekst, Henryk Stok\u0142osa Jurk\u00f3w 67, Jurk\u00f3w 34-643, NIP: 9690801974,","og_url":"https:\/\/www.kontekst.info\/index.php\/regulamin\/","og_site_name":"Kontekst","article_modified_time":"2024-09-05T15:06:40+00:00","og_image":[{"width":1447,"height":1258,"url":"https:\/\/www.kontekst.info\/wp-content\/uploads\/2024\/07\/kontekst-zaslepka.jpg","type":"image\/jpeg"}],"twitter_card":"summary_large_image","twitter_misc":{"Szacowany czas czytania":"9 minut"},"schema":{"@context":"https:\/\/schema.org","@graph":[{"@type":"WebPage","@id":"https:\/\/www.kontekst.info\/index.php\/regulamin\/","url":"https:\/\/www.kontekst.info\/index.php\/regulamin\/","name":"Regulamin - Kontekst","isPartOf":{"@id":"https:\/\/www.kontekst.info\/#website"},"datePublished":"2024-09-03T16:47:25+00:00","dateModified":"2024-09-05T15:06:40+00:00","breadcrumb":{"@id":"https:\/\/www.kontekst.info\/index.php\/regulamin\/#breadcrumb"},"inLanguage":"pl-PL","potentialAction":[{"@type":"ReadAction","target":["https:\/\/www.kontekst.info\/index.php\/regulamin\/"]}]},{"@type":"BreadcrumbList","@id":"https:\/\/www.kontekst.info\/index.php\/regulamin\/#breadcrumb","itemListElement":[{"@type":"ListItem","position":1,"name":"Strona g\u0142\u00f3wna","item":"https:\/\/www.kontekst.info\/"},{"@type":"ListItem","position":2,"name":"Regulamin"}]},{"@type":"WebSite","@id":"https:\/\/www.kontekst.info\/#website","url":"https:\/\/www.kontekst.info\/","name":"Kontekst","description":"Autoryzowany dystrybutor Selflystore w Polsce","publisher":{"@id":"https:\/\/www.kontekst.info\/#organization"},"potentialAction":[{"@type":"SearchAction","target":{"@type":"EntryPoint","urlTemplate":"https:\/\/www.kontekst.info\/?s={search_term_string}"},"query-input":{"@type":"PropertyValueSpecification","valueRequired":true,"valueName":"search_term_string"}}],"inLanguage":"pl-PL"},{"@type":"Organization","@id":"https:\/\/www.kontekst.info\/#organization","name":"Kontekst","url":"https:\/\/www.kontekst.info\/","logo":{"@type":"ImageObject","inLanguage":"pl-PL","@id":"https:\/\/www.kontekst.info\/#\/schema\/logo\/image\/","url":"https:\/\/www.kontekst.info\/wp-content\/uploads\/2024\/09\/Kontekst-logo_Selfly-Store-dark-AD.svg","contentUrl":"https:\/\/www.kontekst.info\/wp-content\/uploads\/2024\/09\/Kontekst-logo_Selfly-Store-dark-AD.svg","width":520,"height":180,"caption":"Kontekst"},"image":{"@id":"https:\/\/www.kontekst.info\/#\/schema\/logo\/image\/"}}]}},"_links":{"self":[{"href":"https:\/\/www.kontekst.info\/index.php\/wp-json\/wp\/v2\/pages\/10644","targetHints":{"allow":["GET"]}}],"collection":[{"href":"https:\/\/www.kontekst.info\/index.php\/wp-json\/wp\/v2\/pages"}],"about":[{"href":"https:\/\/www.kontekst.info\/index.php\/wp-json\/wp\/v2\/types\/page"}],"author":[{"embeddable":true,"href":"https:\/\/www.kontekst.info\/index.php\/wp-json\/wp\/v2\/users\/2"}],"replies":[{"embeddable":true,"href":"https:\/\/www.kontekst.info\/index.php\/wp-json\/wp\/v2\/comments?post=10644"}],"version-history":[{"count":4,"href":"https:\/\/www.kontekst.info\/index.php\/wp-json\/wp\/v2\/pages\/10644\/revisions"}],"predecessor-version":[{"id":10695,"href":"https:\/\/www.kontekst.info\/index.php\/wp-json\/wp\/v2\/pages\/10644\/revisions\/10695"}],"wp:attachment":[{"href":"https:\/\/www.kontekst.info\/index.php\/wp-json\/wp\/v2\/media?parent=10644"}],"curies":[{"name":"wp","href":"https:\/\/api.w.org\/{rel}","templated":true}]}}