{"id":5212,"date":"2024-08-23T07:26:28","date_gmt":"2024-08-23T05:26:28","guid":{"rendered":"http:\/\/dummy.xtemos.com\/woodmart2\/?page_id=5212"},"modified":"2024-10-18T15:54:40","modified_gmt":"2024-10-18T13:54:40","slug":"o-nas","status":"publish","type":"page","link":"https:\/\/www.kontekst.info\/index.php\/o-nas\/","title":{"rendered":"O nas"},"content":{"rendered":"<div class=\"wpb-content-wrapper\"><p>[vc_row css=&#8221;.vc_custom_1629877038080{margin-bottom: 40px !important;}&#8221; mobile_bg_img_hidden=&#8221;no&#8221; tablet_bg_img_hidden=&#8221;no&#8221; woodmart_parallax=&#8221;0&#8243; woodmart_gradient_switch=&#8221;no&#8221; row_reverse_mobile=&#8221;1&#8243; row_reverse_tablet=&#8221;1&#8243; woodmart_disable_overflow=&#8221;0&#8243; wd_z_index=&#8221;no&#8221; woodmart_css_id=&#8221;6125f32826e3d&#8221; responsive_spacing=&#8221;eyJwYXJhbV90eXBlIjoid29vZG1hcnRfcmVzcG9uc2l2ZV9zcGFjaW5nIiwic2VsZWN0b3JfaWQiOiI2MTI1ZjMyODI2ZTNkIiwic2hvcnRjb2RlIjoidmNfcm93IiwiZGF0YSI6eyJ0YWJsZXQiOnt9LCJtb2JpbGUiOnsibWFyZ2luLWJvdHRvbSI6IjIwIn19fQ==&#8221;][vc_column css=&#8221;.vc_custom_1629877010833{margin-bottom: 40px !important;padding-top: 0px !important;}&#8221; mobile_bg_img_hidden=&#8221;no&#8221; tablet_bg_img_hidden=&#8221;no&#8221; woodmart_parallax=&#8221;0&#8243; woodmart_sticky_column=&#8221;false&#8221; parallax_scroll=&#8221;no&#8221; mobile_reset_margin=&#8221;no&#8221; tablet_reset_margin=&#8221;no&#8221; offset=&#8221;vc_col-lg-6 vc_col-md-6&#8243; wd_z_index=&#8221;no&#8221; woodmart_css_id=&#8221;6125f30edad72&#8243; responsive_spacing=&#8221;eyJwYXJhbV90eXBlIjoid29vZG1hcnRfcmVzcG9uc2l2ZV9zcGFjaW5nIiwic2VsZWN0b3JfaWQiOiI2MTI1ZjMwZWRhZDcyIiwic2hvcnRjb2RlIjoidmNfY29sdW1uIiwiZGF0YSI6eyJ0YWJsZXQiOnt9LCJtb2JpbGUiOnt9fX0=&#8221;]\t\t<div id=\"wd-66cdff69ac6e0\" class=\"wd-image wd-wpb wd-rs-66cdff69ac6e0 text-left vc_custom_1724776304730\">\n\t\t\t\n\t\t\t<img loading=\"lazy\" decoding=\"async\" width=\"580\" height=\"780\" src=\"https:\/\/www.kontekst.info\/wp-content\/uploads\/2024\/08\/o-nas-Kontekst.jpg\" class=\"attachment-full size-full\" alt=\"\" srcset=\"https:\/\/www.kontekst.info\/wp-content\/uploads\/2024\/08\/o-nas-Kontekst.jpg 580w, https:\/\/www.kontekst.info\/wp-content\/uploads\/2024\/08\/o-nas-Kontekst-223x300.jpg 223w\" sizes=\"auto, (max-width: 580px) 100vw, 580px\" \/>\n\t\t\t\t\t<\/div>\n\t\t[\/vc_column][vc_column css=&#8221;.vc_custom_1629877027060{margin-bottom: 40px !important;padding-top: 40px !important;}&#8221; mobile_bg_img_hidden=&#8221;no&#8221; tablet_bg_img_hidden=&#8221;no&#8221; woodmart_parallax=&#8221;0&#8243; woodmart_sticky_column=&#8221;false&#8221; parallax_scroll=&#8221;no&#8221; mobile_reset_margin=&#8221;no&#8221; tablet_reset_margin=&#8221;no&#8221; offset=&#8221;vc_col-lg-offset-1 vc_col-lg-5 vc_col-md-6 vc_col-xs-12&#8243; wd_z_index=&#8221;no&#8221; woodmart_css_id=&#8221;6125f320eb687&#8243; responsive_spacing=&#8221;eyJwYXJhbV90eXBlIjoid29vZG1hcnRfcmVzcG9uc2l2ZV9zcGFjaW5nIiwic2VsZWN0b3JfaWQiOiI2MTI1ZjMyMGViNjg3Iiwic2hvcnRjb2RlIjoidmNfY29sdW1uIiwiZGF0YSI6eyJ0YWJsZXQiOnt9LCJtb2JpbGUiOnsicGFkZGluZy10b3AiOiIwIn19fQ==&#8221;]\n\t\t<div id=\"wd-66d1b568e2014\" class=\"title-wrapper wd-wpb wd-set-mb reset-last-child  wd-rs-66d1b568e2014 wd-title-color-primary wd-title-style-default text-left vc_custom_1725019511507 wd-underline-colored\">\n\t\t\t\t\t\t\t\n\t\t\t\t<div class=\"title-subtitle  subtitle-color-primary font-default subtitle-style-default wd-font-weight-600 wd-fontsize-xs\">NOWOCZESNY SMART VENDING<\/div>\n\t\t\t\n\t\t\t<div class=\"liner-continer\">\n\t\t\t\t<h4 class=\"woodmart-title-container title  wd-font-weight- wd-fontsize-xxl\" >Vendingiem zajmujemy si\u0119 od 2001 roku<\/h4>\n\t\t\t\t\t\t\t<\/div>\n\t\t\t\n\t\t\t\n\t\t\t\n\t\t<\/div>\n\t\t\n\t\t\t\t<div id=\"wd-66cdfdf4d8d53\" class=\"wd-text-block wd-wpb reset-last-child wd-rs-66cdfdf4d8d53 text-left wd-width-enabled wd-fontsize-s vc_custom_1724775930351\" style=\"--wd-max-width: 90%;\">\n\t\t\t<p><em>Zawsze starali\u015bmy si\u0119 pod\u0105\u017ca\u0107 swoj\u0105 w\u0142asn\u0105 \u015bcie\u017ck\u0105, nie ograniczaj\u0105c si\u0119 tylko do oczywistych rozwi\u0105za\u0144. Uwa\u017cnie obserwowali\u015bmy szybko rozwijaj\u0105cy si\u0119 rynek automat\u00f3w sprzedaj\u0105cych.<\/em><\/p>\n\t\t<\/div>\n\t\t\t\t<div id=\"wd-67126894f063d\" class=\"wd-text-block wd-wpb reset-last-child wd-rs-67126894f063d text-left wd-fontsize-custom vc_custom_1729259675273\">\n\t\t\t<p style=\"text-align: justify;\"><span data-contrast=\"auto\">Wprowadzali\u015bmy do Polski rozwi\u0105zania podpatrzone na zagranicznych rynkach, ale i testowali\u015bmy propozycje innych polskich firm. By\u0142y wi\u0119c automaty sprzedaj\u0105ce napoje ciep\u0142e, czy przek\u0105ski. Mieli\u015bmy w swojej ofercie tak\u017ce automaty sprzedaj\u0105ce podr\u00f3\u017cne szczoteczki do z\u0119b\u00f3w, ochraniacze na buty czy te\u017c gor\u0105cy popcorn.<\/span><\/p>\n<p style=\"text-align: justify;\"><span data-contrast=\"auto\">Zawsze marzyli\u015bmy jednak o rozwi\u0105zaniu uniwersalnym. Marzyli\u015bmy o automacie prostym w obs\u0142udze dla operatora oraz dla klienta. Marzyli\u015bmy o automacie niezawodnym, kt\u00f3ry \u0142atwo utrzyma\u0107 w czysto\u015bci, a w razie potrzeby przenie\u015b\u0107 w inne miejsce. Szukali\u015bmy rozwi\u0105zania, kt\u00f3re umo\u017cliwi sprzeda\u017c niemal wszystkiego, szybkie dostosowanie asortymentu do potrzeb klienta, zdalne sterowanie cenami i ci\u0105g\u0142y monitoring stanu zapas\u00f3w.<\/span><\/p>\n<p style=\"text-align: justify;\"><span data-contrast=\"auto\">Te poszukiwania doprowadzi\u0142y nas do nawi\u0105zania wsp\u00f3\u0142pracy z Selfly Store &#8211; tw\u00f3rc\u0105 wyj\u0105tkowej koncepcji <strong>&#8222;smart vendingu&#8221;<\/strong>. Od roku 2024 jeste\u015bmy jedynym autoryzowanym dystrybutorem <a href=\"\/automaty-vendingowe\/\"><strong>automat\u00f3w Selfly Store<\/strong><\/a> w Polsce.\u00a0<\/span><\/p>\n\t\t<\/div>\n\t\t[\/vc_column][\/vc_row]<\/p>\n<\/div>","protected":false},"excerpt":{"rendered":"<p>[vc_row css=&#8221;.vc_custom_1629877038080{margin-bottom: 40px !important;}&#8221; mobile_bg_img_hidden=&#8221;no&#8221; tablet_bg_img_hidden=&#8221;no&#8221; woodmart_parallax=&#8221;0&#8243; woodmart_gradient_switch=&#8221;no&#8221; row_reverse_mobile=&#8221;1&#8243; row_reverse_tablet=&#8221;1&#8243; woodmart_disable_overflow=&#8221;0&#8243; wd_z_index=&#8221;no&#8221; woodmart_css_id=&#8221;6125f32826e3d&#8221; responsive_spacing=&#8221;eyJwYXJhbV90eXBlIjoid29vZG1hcnRfcmVzcG9uc2l2ZV9zcGFjaW5nIiwic2VsZWN0b3JfaWQiOiI2MTI1ZjMyODI2ZTNkIiwic2hvcnRjb2RlIjoidmNfcm93IiwiZGF0YSI6eyJ0YWJsZXQiOnt9LCJtb2JpbGUiOnsibWFyZ2luLWJvdHRvbSI6IjIwIn19fQ==&#8221;][vc_column css=&#8221;.vc_custom_1629877010833{margin-bottom: 40px !important;padding-top: 0px !important;}&#8221; mobile_bg_img_hidden=&#8221;no&#8221;<\/p>\n","protected":false},"author":2,"featured_media":9923,"parent":0,"menu_order":0,"comment_status":"closed","ping_status":"closed","template":"","meta":{"footnotes":""},"class_list":["post-5212","page","type-page","status-publish","has-post-thumbnail","hentry"],"yoast_head":"<!-- This site is optimized with the Yoast SEO plugin v27.3 - https:\/\/yoast.com\/product\/yoast-seo-wordpress\/ -->\n<title>O nas - Kontekst Autoryzowany dystrybutor automat\u00f3w Selflystore w Polsce<\/title>\n<meta name=\"description\" content=\"Kontekst automaty sprzedaj\u0105ce, 23 lata do\u015bwiadczenia w bran\u017cy vendingowej. Autoryzowany dystrybutor automat\u00f3w Selflystore w Polsce. Sprawd\u017a!\" \/>\n<meta name=\"robots\" content=\"index, follow, max-snippet:-1, max-image-preview:large, max-video-preview:-1\" \/>\n<link rel=\"canonical\" href=\"https:\/\/www.kontekst.info\/index.php\/o-nas\/\" \/>\n<meta property=\"og:locale\" content=\"pl_PL\" \/>\n<meta property=\"og:type\" content=\"article\" \/>\n<meta property=\"og:title\" content=\"O nas - Kontekst Autoryzowany dystrybutor automat\u00f3w Selflystore w Polsce\" \/>\n<meta property=\"og:description\" content=\"Kontekst automaty sprzedaj\u0105ce, 23 lata do\u015bwiadczenia w bran\u017cy vendingowej. Autoryzowany dystrybutor automat\u00f3w Selflystore w Polsce. Sprawd\u017a!\" \/>\n<meta property=\"og:url\" content=\"https:\/\/www.kontekst.info\/index.php\/o-nas\/\" \/>\n<meta property=\"og:site_name\" content=\"Kontekst\" \/>\n<meta property=\"article:modified_time\" content=\"2024-10-18T13:54:40+00:00\" \/>\n<meta property=\"og:image\" content=\"https:\/\/www.kontekst.info\/wp-content\/uploads\/2024\/08\/produkty.jpg\" \/>\n\t<meta property=\"og:image:width\" content=\"640\" \/>\n\t<meta property=\"og:image:height\" content=\"400\" \/>\n\t<meta property=\"og:image:type\" content=\"image\/jpeg\" \/>\n<meta name=\"twitter:card\" content=\"summary_large_image\" \/>\n<meta name=\"twitter:label1\" content=\"Szacowany czas czytania\" \/>\n\t<meta name=\"twitter:data1\" content=\"2 minuty\" \/>\n<script type=\"application\/ld+json\" class=\"yoast-schema-graph\">{\"@context\":\"https:\\\/\\\/schema.org\",\"@graph\":[{\"@type\":\"WebPage\",\"@id\":\"https:\\\/\\\/www.kontekst.info\\\/index.php\\\/o-nas\\\/\",\"url\":\"https:\\\/\\\/www.kontekst.info\\\/index.php\\\/o-nas\\\/\",\"name\":\"O nas - Kontekst Autoryzowany dystrybutor automat\u00f3w Selflystore w Polsce\",\"isPartOf\":{\"@id\":\"https:\\\/\\\/www.kontekst.info\\\/#website\"},\"primaryImageOfPage\":{\"@id\":\"https:\\\/\\\/www.kontekst.info\\\/index.php\\\/o-nas\\\/#primaryimage\"},\"image\":{\"@id\":\"https:\\\/\\\/www.kontekst.info\\\/index.php\\\/o-nas\\\/#primaryimage\"},\"thumbnailUrl\":\"https:\\\/\\\/www.kontekst.info\\\/wp-content\\\/uploads\\\/2024\\\/08\\\/produkty.jpg\",\"datePublished\":\"2024-08-23T05:26:28+00:00\",\"dateModified\":\"2024-10-18T13:54:40+00:00\",\"description\":\"Kontekst automaty sprzedaj\u0105ce, 23 lata do\u015bwiadczenia w bran\u017cy vendingowej. Autoryzowany dystrybutor automat\u00f3w Selflystore w Polsce. Sprawd\u017a!\",\"breadcrumb\":{\"@id\":\"https:\\\/\\\/www.kontekst.info\\\/index.php\\\/o-nas\\\/#breadcrumb\"},\"inLanguage\":\"pl-PL\",\"potentialAction\":[{\"@type\":\"ReadAction\",\"target\":[\"https:\\\/\\\/www.kontekst.info\\\/index.php\\\/o-nas\\\/\"]}]},{\"@type\":\"ImageObject\",\"inLanguage\":\"pl-PL\",\"@id\":\"https:\\\/\\\/www.kontekst.info\\\/index.php\\\/o-nas\\\/#primaryimage\",\"url\":\"https:\\\/\\\/www.kontekst.info\\\/wp-content\\\/uploads\\\/2024\\\/08\\\/produkty.jpg\",\"contentUrl\":\"https:\\\/\\\/www.kontekst.info\\\/wp-content\\\/uploads\\\/2024\\\/08\\\/produkty.jpg\",\"width\":640,\"height\":400,\"caption\":\"Automaty vendingowe\"},{\"@type\":\"BreadcrumbList\",\"@id\":\"https:\\\/\\\/www.kontekst.info\\\/index.php\\\/o-nas\\\/#breadcrumb\",\"itemListElement\":[{\"@type\":\"ListItem\",\"position\":1,\"name\":\"Strona g\u0142\u00f3wna\",\"item\":\"https:\\\/\\\/www.kontekst.info\\\/\"},{\"@type\":\"ListItem\",\"position\":2,\"name\":\"O nas\"}]},{\"@type\":\"WebSite\",\"@id\":\"https:\\\/\\\/www.kontekst.info\\\/#website\",\"url\":\"https:\\\/\\\/www.kontekst.info\\\/\",\"name\":\"Kontekst\",\"description\":\"Autoryzowany dystrybutor Selflystore w Polsce\",\"publisher\":{\"@id\":\"https:\\\/\\\/www.kontekst.info\\\/#organization\"},\"potentialAction\":[{\"@type\":\"SearchAction\",\"target\":{\"@type\":\"EntryPoint\",\"urlTemplate\":\"https:\\\/\\\/www.kontekst.info\\\/?s={search_term_string}\"},\"query-input\":{\"@type\":\"PropertyValueSpecification\",\"valueRequired\":true,\"valueName\":\"search_term_string\"}}],\"inLanguage\":\"pl-PL\"},{\"@type\":\"Organization\",\"@id\":\"https:\\\/\\\/www.kontekst.info\\\/#organization\",\"name\":\"Kontekst\",\"url\":\"https:\\\/\\\/www.kontekst.info\\\/\",\"logo\":{\"@type\":\"ImageObject\",\"inLanguage\":\"pl-PL\",\"@id\":\"https:\\\/\\\/www.kontekst.info\\\/#\\\/schema\\\/logo\\\/image\\\/\",\"url\":\"https:\\\/\\\/www.kontekst.info\\\/wp-content\\\/uploads\\\/2024\\\/09\\\/Kontekst-logo_Selfly-Store-dark-AD.svg\",\"contentUrl\":\"https:\\\/\\\/www.kontekst.info\\\/wp-content\\\/uploads\\\/2024\\\/09\\\/Kontekst-logo_Selfly-Store-dark-AD.svg\",\"width\":520,\"height\":180,\"caption\":\"Kontekst\"},\"image\":{\"@id\":\"https:\\\/\\\/www.kontekst.info\\\/#\\\/schema\\\/logo\\\/image\\\/\"}}]}<\/script>\n<!-- \/ Yoast SEO plugin. -->","yoast_head_json":{"title":"O nas - Kontekst Autoryzowany dystrybutor automat\u00f3w Selflystore w Polsce","description":"Kontekst automaty sprzedaj\u0105ce, 23 lata do\u015bwiadczenia w bran\u017cy vendingowej. Autoryzowany dystrybutor automat\u00f3w Selflystore w Polsce. Sprawd\u017a!","robots":{"index":"index","follow":"follow","max-snippet":"max-snippet:-1","max-image-preview":"max-image-preview:large","max-video-preview":"max-video-preview:-1"},"canonical":"https:\/\/www.kontekst.info\/index.php\/o-nas\/","og_locale":"pl_PL","og_type":"article","og_title":"O nas - Kontekst Autoryzowany dystrybutor automat\u00f3w Selflystore w Polsce","og_description":"Kontekst automaty sprzedaj\u0105ce, 23 lata do\u015bwiadczenia w bran\u017cy vendingowej. Autoryzowany dystrybutor automat\u00f3w Selflystore w Polsce. Sprawd\u017a!","og_url":"https:\/\/www.kontekst.info\/index.php\/o-nas\/","og_site_name":"Kontekst","article_modified_time":"2024-10-18T13:54:40+00:00","og_image":[{"width":640,"height":400,"url":"https:\/\/www.kontekst.info\/wp-content\/uploads\/2024\/08\/produkty.jpg","type":"image\/jpeg"}],"twitter_card":"summary_large_image","twitter_misc":{"Szacowany czas czytania":"2 minuty"},"schema":{"@context":"https:\/\/schema.org","@graph":[{"@type":"WebPage","@id":"https:\/\/www.kontekst.info\/index.php\/o-nas\/","url":"https:\/\/www.kontekst.info\/index.php\/o-nas\/","name":"O nas - Kontekst Autoryzowany dystrybutor automat\u00f3w Selflystore w Polsce","isPartOf":{"@id":"https:\/\/www.kontekst.info\/#website"},"primaryImageOfPage":{"@id":"https:\/\/www.kontekst.info\/index.php\/o-nas\/#primaryimage"},"image":{"@id":"https:\/\/www.kontekst.info\/index.php\/o-nas\/#primaryimage"},"thumbnailUrl":"https:\/\/www.kontekst.info\/wp-content\/uploads\/2024\/08\/produkty.jpg","datePublished":"2024-08-23T05:26:28+00:00","dateModified":"2024-10-18T13:54:40+00:00","description":"Kontekst automaty sprzedaj\u0105ce, 23 lata do\u015bwiadczenia w bran\u017cy vendingowej. Autoryzowany dystrybutor automat\u00f3w Selflystore w Polsce. Sprawd\u017a!","breadcrumb":{"@id":"https:\/\/www.kontekst.info\/index.php\/o-nas\/#breadcrumb"},"inLanguage":"pl-PL","potentialAction":[{"@type":"ReadAction","target":["https:\/\/www.kontekst.info\/index.php\/o-nas\/"]}]},{"@type":"ImageObject","inLanguage":"pl-PL","@id":"https:\/\/www.kontekst.info\/index.php\/o-nas\/#primaryimage","url":"https:\/\/www.kontekst.info\/wp-content\/uploads\/2024\/08\/produkty.jpg","contentUrl":"https:\/\/www.kontekst.info\/wp-content\/uploads\/2024\/08\/produkty.jpg","width":640,"height":400,"caption":"Automaty vendingowe"},{"@type":"BreadcrumbList","@id":"https:\/\/www.kontekst.info\/index.php\/o-nas\/#breadcrumb","itemListElement":[{"@type":"ListItem","position":1,"name":"Strona g\u0142\u00f3wna","item":"https:\/\/www.kontekst.info\/"},{"@type":"ListItem","position":2,"name":"O nas"}]},{"@type":"WebSite","@id":"https:\/\/www.kontekst.info\/#website","url":"https:\/\/www.kontekst.info\/","name":"Kontekst","description":"Autoryzowany dystrybutor Selflystore w Polsce","publisher":{"@id":"https:\/\/www.kontekst.info\/#organization"},"potentialAction":[{"@type":"SearchAction","target":{"@type":"EntryPoint","urlTemplate":"https:\/\/www.kontekst.info\/?s={search_term_string}"},"query-input":{"@type":"PropertyValueSpecification","valueRequired":true,"valueName":"search_term_string"}}],"inLanguage":"pl-PL"},{"@type":"Organization","@id":"https:\/\/www.kontekst.info\/#organization","name":"Kontekst","url":"https:\/\/www.kontekst.info\/","logo":{"@type":"ImageObject","inLanguage":"pl-PL","@id":"https:\/\/www.kontekst.info\/#\/schema\/logo\/image\/","url":"https:\/\/www.kontekst.info\/wp-content\/uploads\/2024\/09\/Kontekst-logo_Selfly-Store-dark-AD.svg","contentUrl":"https:\/\/www.kontekst.info\/wp-content\/uploads\/2024\/09\/Kontekst-logo_Selfly-Store-dark-AD.svg","width":520,"height":180,"caption":"Kontekst"},"image":{"@id":"https:\/\/www.kontekst.info\/#\/schema\/logo\/image\/"}}]}},"_links":{"self":[{"href":"https:\/\/www.kontekst.info\/index.php\/wp-json\/wp\/v2\/pages\/5212","targetHints":{"allow":["GET"]}}],"collection":[{"href":"https:\/\/www.kontekst.info\/index.php\/wp-json\/wp\/v2\/pages"}],"about":[{"href":"https:\/\/www.kontekst.info\/index.php\/wp-json\/wp\/v2\/types\/page"}],"author":[{"embeddable":true,"href":"https:\/\/www.kontekst.info\/index.php\/wp-json\/wp\/v2\/users\/2"}],"replies":[{"embeddable":true,"href":"https:\/\/www.kontekst.info\/index.php\/wp-json\/wp\/v2\/comments?post=5212"}],"version-history":[{"count":28,"href":"https:\/\/www.kontekst.info\/index.php\/wp-json\/wp\/v2\/pages\/5212\/revisions"}],"predecessor-version":[{"id":10730,"href":"https:\/\/www.kontekst.info\/index.php\/wp-json\/wp\/v2\/pages\/5212\/revisions\/10730"}],"wp:featuredmedia":[{"embeddable":true,"href":"https:\/\/www.kontekst.info\/index.php\/wp-json\/wp\/v2\/media\/9923"}],"wp:attachment":[{"href":"https:\/\/www.kontekst.info\/index.php\/wp-json\/wp\/v2\/media?parent=5212"}],"curies":[{"name":"wp","href":"https:\/\/api.w.org\/{rel}","templated":true}]}}